{"id":7795,"date":"2023-02-06T12:03:19","date_gmt":"2023-02-06T11:03:20","guid":{"rendered":"https:\/\/pobillecologics.com\/?post_type=product&#038;p=7795"},"modified":"2023-02-06T12:14:14","modified_gmt":"2023-02-06T11:14:14","slug":"crema-de-algarroba-con-aceite-vegana-sin-gluten","status":"publish","type":"product","link":"https:\/\/pobillecologics.com\/es\/producto\/crema-de-algarroba-con-aceite-vegana-sin-gluten\/","title":{"rendered":"Crema de algarroba con aceite (vegana) (sin gluten)"},"content":{"rendered":"<p>Alimento con alma, elaborado artesanalmente.<\/p>\n<p>Ingredientes: Harina de algarroba, aceite de oliva, melaza de algarroba y avellana tostada.<\/p>\n<p>Al\u00e9rgenos: Sin lactosa, sin az\u00facares refinados, sin gluten, contiene avellanas, puede contener trazas de otros frutos   secos de c\u00e1scara.  <\/p>\n","protected":false},"excerpt":{"rendered":"<p>Elaborado artesanalmente con harina de algarroba, aceite de oliva, melaza de algarroba y avellana tostada.<\/p>\n","protected":false},"featured_media":7786,"template":"","meta":[],"product_cat":[186],"product_tag":[],"class_list":{"0":"post-7795","1":"product","2":"type-product","3":"status-publish","4":"has-post-thumbnail","6":"product_cat-productos-gourmet","7":"product_shipping_class-200-gr-es","9":"first","10":"instock","11":"taxable","12":"shipping-taxable","13":"product-type-simple"},"yoast_head":"<!-- This site is optimized with the Yoast SEO plugin v27.4 - https:\/\/yoast.com\/product\/yoast-seo-wordpress\/ -->\n<title>Crema de algarroba con aceite (vegana) (sin gluten) - Pobill Ecologics<\/title>\n<meta name=\"robots\" content=\"index, follow, max-snippet:-1, max-image-preview:large, max-video-preview:-1\" \/>\n<link rel=\"canonical\" href=\"https:\/\/pobillecologics.com\/es\/producto\/crema-de-algarroba-con-aceite-vegana-sin-gluten\/\" \/>\n<meta property=\"og:locale\" content=\"es_ES\" \/>\n<meta property=\"og:type\" content=\"article\" \/>\n<meta property=\"og:title\" content=\"Crema de algarroba con aceite (vegana) (sin gluten) - Pobill Ecologics\" \/>\n<meta property=\"og:description\" content=\"Elaborado artesanalmente con harina de algarroba, aceite de oliva, melaza de algarroba y avellana tostada.\" \/>\n<meta property=\"og:url\" content=\"https:\/\/pobillecologics.com\/es\/producto\/crema-de-algarroba-con-aceite-vegana-sin-gluten\/\" \/>\n<meta property=\"og:site_name\" content=\"Pobill Ecologics\" \/>\n<meta property=\"article:modified_time\" content=\"2023-02-06T11:14:14+00:00\" \/>\n<meta property=\"og:image\" content=\"https:\/\/pobillecologics.com\/wp-contenido\/uploads\/2023\/02\/garrofa-oli-01.jpg\" \/>\n\t<meta property=\"og:image:width\" content=\"1200\" \/>\n\t<meta property=\"og:image:height\" content=\"1200\" \/>\n\t<meta property=\"og:image:type\" content=\"image\/jpeg\" \/>\n<meta name=\"twitter:card\" content=\"summary_large_image\" \/>\n<script type=\"application\/ld+json\" class=\"yoast-schema-graph\">{\"@context\":\"https:\\\/\\\/schema.org\",\"@graph\":[{\"@type\":\"WebPage\",\"@id\":\"https:\\\/\\\/pobillecologics.com\\\/es\\\/producto\\\/crema-de-algarroba-con-aceite-vegana-sin-gluten\\\/\",\"url\":\"https:\\\/\\\/pobillecologics.com\\\/es\\\/producto\\\/crema-de-algarroba-con-aceite-vegana-sin-gluten\\\/\",\"name\":\"Crema de algarroba con aceite (vegana) (sin gluten) - Pobill Ecologics\",\"isPartOf\":{\"@id\":\"https:\\\/\\\/pobillecologics.com\\\/es\\\/#website\"},\"primaryImageOfPage\":{\"@id\":\"https:\\\/\\\/pobillecologics.com\\\/es\\\/producto\\\/crema-de-algarroba-con-aceite-vegana-sin-gluten\\\/#primaryimage\"},\"image\":{\"@id\":\"https:\\\/\\\/pobillecologics.com\\\/es\\\/producto\\\/crema-de-algarroba-con-aceite-vegana-sin-gluten\\\/#primaryimage\"},\"thumbnailUrl\":\"https:\\\/\\\/pobillecologics.com\\\/wp-contenido\\\/uploads\\\/2023\\\/02\\\/garrofa-oli-01.jpg\",\"datePublished\":\"2023-02-06T11:03:20+00:00\",\"dateModified\":\"2023-02-06T11:14:14+00:00\",\"breadcrumb\":{\"@id\":\"https:\\\/\\\/pobillecologics.com\\\/es\\\/producto\\\/crema-de-algarroba-con-aceite-vegana-sin-gluten\\\/#breadcrumb\"},\"inLanguage\":\"es\",\"potentialAction\":[{\"@type\":\"ReadAction\",\"target\":[\"https:\\\/\\\/pobillecologics.com\\\/es\\\/producto\\\/crema-de-algarroba-con-aceite-vegana-sin-gluten\\\/\"]}]},{\"@type\":\"ImageObject\",\"inLanguage\":\"es\",\"@id\":\"https:\\\/\\\/pobillecologics.com\\\/es\\\/producto\\\/crema-de-algarroba-con-aceite-vegana-sin-gluten\\\/#primaryimage\",\"url\":\"https:\\\/\\\/pobillecologics.com\\\/wp-contenido\\\/uploads\\\/2023\\\/02\\\/garrofa-oli-01.jpg\",\"contentUrl\":\"https:\\\/\\\/pobillecologics.com\\\/wp-contenido\\\/uploads\\\/2023\\\/02\\\/garrofa-oli-01.jpg\",\"width\":1200,\"height\":1200},{\"@type\":\"BreadcrumbList\",\"@id\":\"https:\\\/\\\/pobillecologics.com\\\/es\\\/producto\\\/crema-de-algarroba-con-aceite-vegana-sin-gluten\\\/#breadcrumb\",\"itemListElement\":[{\"@type\":\"ListItem\",\"position\":1,\"name\":\"Portada\",\"item\":\"https:\\\/\\\/pobillecologics.com\\\/es\\\/\"},{\"@type\":\"ListItem\",\"position\":2,\"name\":\"Tienda\",\"item\":\"https:\\\/\\\/pobillecologics.com\\\/es\\\/tienda\\\/\"},{\"@type\":\"ListItem\",\"position\":3,\"name\":\"Crema de algarroba con aceite (vegana) (sin gluten)\"}]},{\"@type\":\"WebSite\",\"@id\":\"https:\\\/\\\/pobillecologics.com\\\/es\\\/#website\",\"url\":\"https:\\\/\\\/pobillecologics.com\\\/es\\\/\",\"name\":\"Pobill Ecologics\",\"description\":\"Pobill Ecologics\",\"potentialAction\":[{\"@type\":\"SearchAction\",\"target\":{\"@type\":\"EntryPoint\",\"urlTemplate\":\"https:\\\/\\\/pobillecologics.com\\\/es\\\/?s={search_term_string}\"},\"query-input\":{\"@type\":\"PropertyValueSpecification\",\"valueRequired\":true,\"valueName\":\"search_term_string\"}}],\"inLanguage\":\"es\"}]}<\/script>\n<!-- \/ Yoast SEO plugin. -->","yoast_head_json":{"title":"Crema de algarroba con aceite (vegana) (sin gluten) - Pobill Ecologics","robots":{"index":"index","follow":"follow","max-snippet":"max-snippet:-1","max-image-preview":"max-image-preview:large","max-video-preview":"max-video-preview:-1"},"canonical":"https:\/\/pobillecologics.com\/es\/producto\/crema-de-algarroba-con-aceite-vegana-sin-gluten\/","og_locale":"es_ES","og_type":"article","og_title":"Crema de algarroba con aceite (vegana) (sin gluten) - Pobill Ecologics","og_description":"Elaborado artesanalmente con harina de algarroba, aceite de oliva, melaza de algarroba y avellana tostada.","og_url":"https:\/\/pobillecologics.com\/es\/producto\/crema-de-algarroba-con-aceite-vegana-sin-gluten\/","og_site_name":"Pobill Ecologics","article_modified_time":"2023-02-06T11:14:14+00:00","og_image":[{"width":1200,"height":1200,"url":"https:\/\/pobillecologics.com\/wp-contenido\/uploads\/2023\/02\/garrofa-oli-01.jpg","type":"image\/jpeg"}],"twitter_card":"summary_large_image","schema":{"@context":"https:\/\/schema.org","@graph":[{"@type":"WebPage","@id":"https:\/\/pobillecologics.com\/es\/producto\/crema-de-algarroba-con-aceite-vegana-sin-gluten\/","url":"https:\/\/pobillecologics.com\/es\/producto\/crema-de-algarroba-con-aceite-vegana-sin-gluten\/","name":"Crema de algarroba con aceite (vegana) (sin gluten) - Pobill Ecologics","isPartOf":{"@id":"https:\/\/pobillecologics.com\/es\/#website"},"primaryImageOfPage":{"@id":"https:\/\/pobillecologics.com\/es\/producto\/crema-de-algarroba-con-aceite-vegana-sin-gluten\/#primaryimage"},"image":{"@id":"https:\/\/pobillecologics.com\/es\/producto\/crema-de-algarroba-con-aceite-vegana-sin-gluten\/#primaryimage"},"thumbnailUrl":"https:\/\/pobillecologics.com\/wp-contenido\/uploads\/2023\/02\/garrofa-oli-01.jpg","datePublished":"2023-02-06T11:03:20+00:00","dateModified":"2023-02-06T11:14:14+00:00","breadcrumb":{"@id":"https:\/\/pobillecologics.com\/es\/producto\/crema-de-algarroba-con-aceite-vegana-sin-gluten\/#breadcrumb"},"inLanguage":"es","potentialAction":[{"@type":"ReadAction","target":["https:\/\/pobillecologics.com\/es\/producto\/crema-de-algarroba-con-aceite-vegana-sin-gluten\/"]}]},{"@type":"ImageObject","inLanguage":"es","@id":"https:\/\/pobillecologics.com\/es\/producto\/crema-de-algarroba-con-aceite-vegana-sin-gluten\/#primaryimage","url":"https:\/\/pobillecologics.com\/wp-contenido\/uploads\/2023\/02\/garrofa-oli-01.jpg","contentUrl":"https:\/\/pobillecologics.com\/wp-contenido\/uploads\/2023\/02\/garrofa-oli-01.jpg","width":1200,"height":1200},{"@type":"BreadcrumbList","@id":"https:\/\/pobillecologics.com\/es\/producto\/crema-de-algarroba-con-aceite-vegana-sin-gluten\/#breadcrumb","itemListElement":[{"@type":"ListItem","position":1,"name":"Portada","item":"https:\/\/pobillecologics.com\/es\/"},{"@type":"ListItem","position":2,"name":"Tienda","item":"https:\/\/pobillecologics.com\/es\/tienda\/"},{"@type":"ListItem","position":3,"name":"Crema de algarroba con aceite (vegana) (sin gluten)"}]},{"@type":"WebSite","@id":"https:\/\/pobillecologics.com\/es\/#website","url":"https:\/\/pobillecologics.com\/es\/","name":"Pobill Ecologics","description":"Pobill Ecologics","potentialAction":[{"@type":"SearchAction","target":{"@type":"EntryPoint","urlTemplate":"https:\/\/pobillecologics.com\/es\/?s={search_term_string}"},"query-input":{"@type":"PropertyValueSpecification","valueRequired":true,"valueName":"search_term_string"}}],"inLanguage":"es"}]}},"_links":{"self":[{"href":"https:\/\/pobillecologics.com\/es\/wp-json\/wp\/v2\/product\/7795","targetHints":{"allow":["GET"]}}],"collection":[{"href":"https:\/\/pobillecologics.com\/es\/wp-json\/wp\/v2\/product"}],"about":[{"href":"https:\/\/pobillecologics.com\/es\/wp-json\/wp\/v2\/types\/product"}],"wp:featuredmedia":[{"embeddable":true,"href":"https:\/\/pobillecologics.com\/es\/wp-json\/wp\/v2\/media\/7786"}],"wp:attachment":[{"href":"https:\/\/pobillecologics.com\/es\/wp-json\/wp\/v2\/media?parent=7795"}],"wp:term":[{"taxonomy":"product_cat","embeddable":true,"href":"https:\/\/pobillecologics.com\/es\/wp-json\/wp\/v2\/product_cat?post=7795"},{"taxonomy":"product_tag","embeddable":true,"href":"https:\/\/pobillecologics.com\/es\/wp-json\/wp\/v2\/product_tag?post=7795"}],"curies":[{"name":"wp","href":"https:\/\/api.w.org\/{rel}","templated":true}]}}