{"id":7221,"date":"2021-12-30T10:39:38","date_gmt":"2021-12-30T09:39:38","guid":{"rendered":"https:\/\/pobillecologics.com\/producte\/polvo-de-aove\/"},"modified":"2022-07-05T13:12:26","modified_gmt":"2022-07-05T12:12:26","slug":"polvo-de-aove","status":"publish","type":"product","link":"https:\/\/pobillecologics.com\/es\/producto\/polvo-de-aove\/","title":{"rendered":"Polvo de AOVE"},"content":{"rendered":"<p>Polvo de AOVE que, a causa de su composici\u00f3n y preparaci\u00f3n, no contiene \u00e1cidos grasos transg\u00e9nicos. Estamos hablando de un producto que es el resultado de un proceso qu\u00edmico llamado micro encapsulaci\u00f3n, que consigue crear micro part\u00edculas que dan por resultado ese polvo final. Se puede aplicar a cualquier tipo de aceite, pero es el polvo de AOVE el que se conoce como producto gastron\u00f3mico.<\/p>\n<p>Este producto se elabora de manera artesanal. Es un producto exclusivo e innovador ideal para combinar con ensaladas, sopas, cremas, salmorejo, canap\u00e9s, verduras\u2026 Es perfecto para preparar carnes y pescados, ya que potencia su sabor y aporta una textura \u00fanica.<\/p>\n<p>Su aspecto es s\u00f3lido-granulado; y su sabor es intenso afrutado.<br \/>\nSe aconseja mantenerlo a temperatura fresca, entre los 10\u00baC y 20\u00baC para preservar su textura id\u00f3nea, en un lugar fresco y alejado de la luz.<\/p>\n","protected":false},"excerpt":{"rendered":"<p>Su aspecto es s\u00f3lido-granulado; y su sabor es intenso afrutado<\/p>\n","protected":false},"featured_media":6864,"template":"","meta":[],"product_cat":[186],"product_tag":[],"class_list":{"0":"post-7221","1":"product","2":"type-product","3":"status-publish","4":"has-post-thumbnail","6":"product_cat-productos-gourmet","7":"product_shipping_class-50-gr-es","9":"first","10":"instock","11":"taxable","12":"shipping-taxable","13":"product-type-simple"},"yoast_head":"<!-- This site is optimized with the Yoast SEO plugin v27.4 - https:\/\/yoast.com\/product\/yoast-seo-wordpress\/ -->\n<title>Polvo de AOVE - Pobill Ecologics<\/title>\n<meta name=\"robots\" content=\"index, follow, max-snippet:-1, max-image-preview:large, max-video-preview:-1\" \/>\n<link rel=\"canonical\" href=\"https:\/\/pobillecologics.com\/es\/producto\/polvo-de-aove\/\" \/>\n<meta property=\"og:locale\" content=\"es_ES\" \/>\n<meta property=\"og:type\" content=\"article\" \/>\n<meta property=\"og:title\" content=\"Polvo de AOVE - Pobill Ecologics\" \/>\n<meta property=\"og:description\" content=\"Su aspecto es s\u00f3lido-granulado; y su sabor es intenso afrutado\" \/>\n<meta property=\"og:url\" content=\"https:\/\/pobillecologics.com\/es\/producto\/polvo-de-aove\/\" \/>\n<meta property=\"og:site_name\" content=\"Pobill Ecologics\" \/>\n<meta property=\"article:modified_time\" content=\"2022-07-05T12:12:26+00:00\" \/>\n<meta property=\"og:image\" content=\"https:\/\/pobillecologics.com\/wp-contenido\/uploads\/2021\/12\/polvo-01.jpg\" \/>\n\t<meta property=\"og:image:width\" content=\"1200\" \/>\n\t<meta property=\"og:image:height\" content=\"1200\" \/>\n\t<meta property=\"og:image:type\" content=\"image\/jpeg\" \/>\n<meta name=\"twitter:card\" content=\"summary_large_image\" \/>\n<meta name=\"twitter:label1\" content=\"Tiempo de lectura\" \/>\n\t<meta name=\"twitter:data1\" content=\"1 minuto\" \/>\n<script type=\"application\/ld+json\" class=\"yoast-schema-graph\">{\"@context\":\"https:\\\/\\\/schema.org\",\"@graph\":[{\"@type\":\"WebPage\",\"@id\":\"https:\\\/\\\/pobillecologics.com\\\/es\\\/producto\\\/polvo-de-aove\\\/\",\"url\":\"https:\\\/\\\/pobillecologics.com\\\/es\\\/producto\\\/polvo-de-aove\\\/\",\"name\":\"Polvo de AOVE - Pobill Ecologics\",\"isPartOf\":{\"@id\":\"https:\\\/\\\/pobillecologics.com\\\/es\\\/#website\"},\"primaryImageOfPage\":{\"@id\":\"https:\\\/\\\/pobillecologics.com\\\/es\\\/producto\\\/polvo-de-aove\\\/#primaryimage\"},\"image\":{\"@id\":\"https:\\\/\\\/pobillecologics.com\\\/es\\\/producto\\\/polvo-de-aove\\\/#primaryimage\"},\"thumbnailUrl\":\"https:\\\/\\\/pobillecologics.com\\\/wp-contenido\\\/uploads\\\/2021\\\/12\\\/polvo-01.jpg\",\"datePublished\":\"2021-12-30T09:39:38+00:00\",\"dateModified\":\"2022-07-05T12:12:26+00:00\",\"breadcrumb\":{\"@id\":\"https:\\\/\\\/pobillecologics.com\\\/es\\\/producto\\\/polvo-de-aove\\\/#breadcrumb\"},\"inLanguage\":\"es\",\"potentialAction\":[{\"@type\":\"ReadAction\",\"target\":[\"https:\\\/\\\/pobillecologics.com\\\/es\\\/producto\\\/polvo-de-aove\\\/\"]}]},{\"@type\":\"ImageObject\",\"inLanguage\":\"es\",\"@id\":\"https:\\\/\\\/pobillecologics.com\\\/es\\\/producto\\\/polvo-de-aove\\\/#primaryimage\",\"url\":\"https:\\\/\\\/pobillecologics.com\\\/wp-contenido\\\/uploads\\\/2021\\\/12\\\/polvo-01.jpg\",\"contentUrl\":\"https:\\\/\\\/pobillecologics.com\\\/wp-contenido\\\/uploads\\\/2021\\\/12\\\/polvo-01.jpg\",\"width\":1200,\"height\":1200},{\"@type\":\"BreadcrumbList\",\"@id\":\"https:\\\/\\\/pobillecologics.com\\\/es\\\/producto\\\/polvo-de-aove\\\/#breadcrumb\",\"itemListElement\":[{\"@type\":\"ListItem\",\"position\":1,\"name\":\"Portada\",\"item\":\"https:\\\/\\\/pobillecologics.com\\\/es\\\/\"},{\"@type\":\"ListItem\",\"position\":2,\"name\":\"Tienda\",\"item\":\"https:\\\/\\\/pobillecologics.com\\\/es\\\/tienda\\\/\"},{\"@type\":\"ListItem\",\"position\":3,\"name\":\"Polvo de AOVE\"}]},{\"@type\":\"WebSite\",\"@id\":\"https:\\\/\\\/pobillecologics.com\\\/es\\\/#website\",\"url\":\"https:\\\/\\\/pobillecologics.com\\\/es\\\/\",\"name\":\"Pobill Ecologics\",\"description\":\"Pobill Ecologics\",\"potentialAction\":[{\"@type\":\"SearchAction\",\"target\":{\"@type\":\"EntryPoint\",\"urlTemplate\":\"https:\\\/\\\/pobillecologics.com\\\/es\\\/?s={search_term_string}\"},\"query-input\":{\"@type\":\"PropertyValueSpecification\",\"valueRequired\":true,\"valueName\":\"search_term_string\"}}],\"inLanguage\":\"es\"}]}<\/script>\n<!-- \/ Yoast SEO plugin. -->","yoast_head_json":{"title":"Polvo de AOVE - Pobill Ecologics","robots":{"index":"index","follow":"follow","max-snippet":"max-snippet:-1","max-image-preview":"max-image-preview:large","max-video-preview":"max-video-preview:-1"},"canonical":"https:\/\/pobillecologics.com\/es\/producto\/polvo-de-aove\/","og_locale":"es_ES","og_type":"article","og_title":"Polvo de AOVE - Pobill Ecologics","og_description":"Su aspecto es s\u00f3lido-granulado; y su sabor es intenso afrutado","og_url":"https:\/\/pobillecologics.com\/es\/producto\/polvo-de-aove\/","og_site_name":"Pobill Ecologics","article_modified_time":"2022-07-05T12:12:26+00:00","og_image":[{"width":1200,"height":1200,"url":"https:\/\/pobillecologics.com\/wp-contenido\/uploads\/2021\/12\/polvo-01.jpg","type":"image\/jpeg"}],"twitter_card":"summary_large_image","twitter_misc":{"Tiempo de lectura":"1 minuto"},"schema":{"@context":"https:\/\/schema.org","@graph":[{"@type":"WebPage","@id":"https:\/\/pobillecologics.com\/es\/producto\/polvo-de-aove\/","url":"https:\/\/pobillecologics.com\/es\/producto\/polvo-de-aove\/","name":"Polvo de AOVE - Pobill Ecologics","isPartOf":{"@id":"https:\/\/pobillecologics.com\/es\/#website"},"primaryImageOfPage":{"@id":"https:\/\/pobillecologics.com\/es\/producto\/polvo-de-aove\/#primaryimage"},"image":{"@id":"https:\/\/pobillecologics.com\/es\/producto\/polvo-de-aove\/#primaryimage"},"thumbnailUrl":"https:\/\/pobillecologics.com\/wp-contenido\/uploads\/2021\/12\/polvo-01.jpg","datePublished":"2021-12-30T09:39:38+00:00","dateModified":"2022-07-05T12:12:26+00:00","breadcrumb":{"@id":"https:\/\/pobillecologics.com\/es\/producto\/polvo-de-aove\/#breadcrumb"},"inLanguage":"es","potentialAction":[{"@type":"ReadAction","target":["https:\/\/pobillecologics.com\/es\/producto\/polvo-de-aove\/"]}]},{"@type":"ImageObject","inLanguage":"es","@id":"https:\/\/pobillecologics.com\/es\/producto\/polvo-de-aove\/#primaryimage","url":"https:\/\/pobillecologics.com\/wp-contenido\/uploads\/2021\/12\/polvo-01.jpg","contentUrl":"https:\/\/pobillecologics.com\/wp-contenido\/uploads\/2021\/12\/polvo-01.jpg","width":1200,"height":1200},{"@type":"BreadcrumbList","@id":"https:\/\/pobillecologics.com\/es\/producto\/polvo-de-aove\/#breadcrumb","itemListElement":[{"@type":"ListItem","position":1,"name":"Portada","item":"https:\/\/pobillecologics.com\/es\/"},{"@type":"ListItem","position":2,"name":"Tienda","item":"https:\/\/pobillecologics.com\/es\/tienda\/"},{"@type":"ListItem","position":3,"name":"Polvo de AOVE"}]},{"@type":"WebSite","@id":"https:\/\/pobillecologics.com\/es\/#website","url":"https:\/\/pobillecologics.com\/es\/","name":"Pobill Ecologics","description":"Pobill Ecologics","potentialAction":[{"@type":"SearchAction","target":{"@type":"EntryPoint","urlTemplate":"https:\/\/pobillecologics.com\/es\/?s={search_term_string}"},"query-input":{"@type":"PropertyValueSpecification","valueRequired":true,"valueName":"search_term_string"}}],"inLanguage":"es"}]}},"_links":{"self":[{"href":"https:\/\/pobillecologics.com\/es\/wp-json\/wp\/v2\/product\/7221","targetHints":{"allow":["GET"]}}],"collection":[{"href":"https:\/\/pobillecologics.com\/es\/wp-json\/wp\/v2\/product"}],"about":[{"href":"https:\/\/pobillecologics.com\/es\/wp-json\/wp\/v2\/types\/product"}],"wp:featuredmedia":[{"embeddable":true,"href":"https:\/\/pobillecologics.com\/es\/wp-json\/wp\/v2\/media\/6864"}],"wp:attachment":[{"href":"https:\/\/pobillecologics.com\/es\/wp-json\/wp\/v2\/media?parent=7221"}],"wp:term":[{"taxonomy":"product_cat","embeddable":true,"href":"https:\/\/pobillecologics.com\/es\/wp-json\/wp\/v2\/product_cat?post=7221"},{"taxonomy":"product_tag","embeddable":true,"href":"https:\/\/pobillecologics.com\/es\/wp-json\/wp\/v2\/product_tag?post=7221"}],"curies":[{"name":"wp","href":"https:\/\/api.w.org\/{rel}","templated":true}]}}