{"id":7220,"date":"2021-12-27T13:58:58","date_gmt":"2021-12-27T12:58:58","guid":{"rendered":"https:\/\/pobillecologics.com\/producte\/mermelada-de-aove\/"},"modified":"2022-07-05T13:12:31","modified_gmt":"2022-07-05T12:12:31","slug":"mermelada-de-aove","status":"publish","type":"product","link":"https:\/\/pobillecologics.com\/es\/producto\/mermelada-de-aove\/","title":{"rendered":"Mermelada de AOVE"},"content":{"rendered":"<p>Mermelada artesanal elaborada con AOVE, da una textura ideal para el paladar y un sabor exquisito, exponiendo el aroma y el sabor de nuestro AOVE Premium.<\/p>\n<p>Es un producto Delicatesen, cada vez m\u00e1s utilizado en la cocina gourmet por su versatilidad para combinar sabores y texturas.<\/p>\n<p>Ideal para combinar con \u201cfoie\u201d, salsas de carne o pescado, endulzar postres, yogures o endulzar pastas y galletas, para desayunos o incluso para ensaladas, as\u00ed como para maridar con una gran variedad de quesos. Pru\u00e9bala en tus platos, les dar\u00e1 un aire moderno e innovador.<\/p>\n","protected":false},"excerpt":{"rendered":"<p>72% aceite de oliva virgen extra \u00abPobill Ecol\u00f2gics\u00bb<\/p>\n","protected":false},"featured_media":6867,"template":"","meta":[],"product_cat":[186],"product_tag":[],"class_list":{"0":"post-7220","1":"product","2":"type-product","3":"status-publish","4":"has-post-thumbnail","6":"product_cat-productos-gourmet","7":"product_shipping_class-100-gr-es","9":"first","10":"instock","11":"taxable","12":"shipping-taxable","13":"product-type-simple"},"yoast_head":"<!-- This site is optimized with the Yoast SEO plugin v27.4 - https:\/\/yoast.com\/product\/yoast-seo-wordpress\/ -->\n<title>Mermelada de AOVE - Pobill Ecologics<\/title>\n<meta name=\"robots\" content=\"index, follow, max-snippet:-1, max-image-preview:large, max-video-preview:-1\" \/>\n<link rel=\"canonical\" href=\"https:\/\/pobillecologics.com\/es\/producto\/mermelada-de-aove\/\" \/>\n<meta property=\"og:locale\" content=\"es_ES\" \/>\n<meta property=\"og:type\" content=\"article\" \/>\n<meta property=\"og:title\" content=\"Mermelada de AOVE - Pobill Ecologics\" \/>\n<meta property=\"og:description\" content=\"72% aceite de oliva virgen extra &quot;Pobill Ecol\u00f2gics&quot;\" \/>\n<meta property=\"og:url\" content=\"https:\/\/pobillecologics.com\/es\/producto\/mermelada-de-aove\/\" \/>\n<meta property=\"og:site_name\" content=\"Pobill Ecologics\" \/>\n<meta property=\"article:modified_time\" content=\"2022-07-05T12:12:31+00:00\" \/>\n<meta property=\"og:image\" content=\"https:\/\/pobillecologics.com\/wp-contenido\/uploads\/2021\/12\/mermelada-01.jpg\" \/>\n\t<meta property=\"og:image:width\" content=\"1200\" \/>\n\t<meta property=\"og:image:height\" content=\"1200\" \/>\n\t<meta property=\"og:image:type\" content=\"image\/jpeg\" \/>\n<meta name=\"twitter:card\" content=\"summary_large_image\" \/>\n<script type=\"application\/ld+json\" class=\"yoast-schema-graph\">{\"@context\":\"https:\\\/\\\/schema.org\",\"@graph\":[{\"@type\":\"WebPage\",\"@id\":\"https:\\\/\\\/pobillecologics.com\\\/es\\\/producto\\\/mermelada-de-aove\\\/\",\"url\":\"https:\\\/\\\/pobillecologics.com\\\/es\\\/producto\\\/mermelada-de-aove\\\/\",\"name\":\"Mermelada de AOVE - Pobill Ecologics\",\"isPartOf\":{\"@id\":\"https:\\\/\\\/pobillecologics.com\\\/es\\\/#website\"},\"primaryImageOfPage\":{\"@id\":\"https:\\\/\\\/pobillecologics.com\\\/es\\\/producto\\\/mermelada-de-aove\\\/#primaryimage\"},\"image\":{\"@id\":\"https:\\\/\\\/pobillecologics.com\\\/es\\\/producto\\\/mermelada-de-aove\\\/#primaryimage\"},\"thumbnailUrl\":\"https:\\\/\\\/pobillecologics.com\\\/wp-contenido\\\/uploads\\\/2021\\\/12\\\/mermelada-01.jpg\",\"datePublished\":\"2021-12-27T12:58:58+00:00\",\"dateModified\":\"2022-07-05T12:12:31+00:00\",\"breadcrumb\":{\"@id\":\"https:\\\/\\\/pobillecologics.com\\\/es\\\/producto\\\/mermelada-de-aove\\\/#breadcrumb\"},\"inLanguage\":\"es\",\"potentialAction\":[{\"@type\":\"ReadAction\",\"target\":[\"https:\\\/\\\/pobillecologics.com\\\/es\\\/producto\\\/mermelada-de-aove\\\/\"]}]},{\"@type\":\"ImageObject\",\"inLanguage\":\"es\",\"@id\":\"https:\\\/\\\/pobillecologics.com\\\/es\\\/producto\\\/mermelada-de-aove\\\/#primaryimage\",\"url\":\"https:\\\/\\\/pobillecologics.com\\\/wp-contenido\\\/uploads\\\/2021\\\/12\\\/mermelada-01.jpg\",\"contentUrl\":\"https:\\\/\\\/pobillecologics.com\\\/wp-contenido\\\/uploads\\\/2021\\\/12\\\/mermelada-01.jpg\",\"width\":1200,\"height\":1200},{\"@type\":\"BreadcrumbList\",\"@id\":\"https:\\\/\\\/pobillecologics.com\\\/es\\\/producto\\\/mermelada-de-aove\\\/#breadcrumb\",\"itemListElement\":[{\"@type\":\"ListItem\",\"position\":1,\"name\":\"Portada\",\"item\":\"https:\\\/\\\/pobillecologics.com\\\/es\\\/\"},{\"@type\":\"ListItem\",\"position\":2,\"name\":\"Tienda\",\"item\":\"https:\\\/\\\/pobillecologics.com\\\/es\\\/tienda\\\/\"},{\"@type\":\"ListItem\",\"position\":3,\"name\":\"Mermelada de AOVE\"}]},{\"@type\":\"WebSite\",\"@id\":\"https:\\\/\\\/pobillecologics.com\\\/es\\\/#website\",\"url\":\"https:\\\/\\\/pobillecologics.com\\\/es\\\/\",\"name\":\"Pobill Ecologics\",\"description\":\"Pobill Ecologics\",\"potentialAction\":[{\"@type\":\"SearchAction\",\"target\":{\"@type\":\"EntryPoint\",\"urlTemplate\":\"https:\\\/\\\/pobillecologics.com\\\/es\\\/?s={search_term_string}\"},\"query-input\":{\"@type\":\"PropertyValueSpecification\",\"valueRequired\":true,\"valueName\":\"search_term_string\"}}],\"inLanguage\":\"es\"}]}<\/script>\n<!-- \/ Yoast SEO plugin. -->","yoast_head_json":{"title":"Mermelada de AOVE - Pobill Ecologics","robots":{"index":"index","follow":"follow","max-snippet":"max-snippet:-1","max-image-preview":"max-image-preview:large","max-video-preview":"max-video-preview:-1"},"canonical":"https:\/\/pobillecologics.com\/es\/producto\/mermelada-de-aove\/","og_locale":"es_ES","og_type":"article","og_title":"Mermelada de AOVE - Pobill Ecologics","og_description":"72% aceite de oliva virgen extra \"Pobill Ecol\u00f2gics\"","og_url":"https:\/\/pobillecologics.com\/es\/producto\/mermelada-de-aove\/","og_site_name":"Pobill Ecologics","article_modified_time":"2022-07-05T12:12:31+00:00","og_image":[{"width":1200,"height":1200,"url":"https:\/\/pobillecologics.com\/wp-contenido\/uploads\/2021\/12\/mermelada-01.jpg","type":"image\/jpeg"}],"twitter_card":"summary_large_image","schema":{"@context":"https:\/\/schema.org","@graph":[{"@type":"WebPage","@id":"https:\/\/pobillecologics.com\/es\/producto\/mermelada-de-aove\/","url":"https:\/\/pobillecologics.com\/es\/producto\/mermelada-de-aove\/","name":"Mermelada de AOVE - Pobill Ecologics","isPartOf":{"@id":"https:\/\/pobillecologics.com\/es\/#website"},"primaryImageOfPage":{"@id":"https:\/\/pobillecologics.com\/es\/producto\/mermelada-de-aove\/#primaryimage"},"image":{"@id":"https:\/\/pobillecologics.com\/es\/producto\/mermelada-de-aove\/#primaryimage"},"thumbnailUrl":"https:\/\/pobillecologics.com\/wp-contenido\/uploads\/2021\/12\/mermelada-01.jpg","datePublished":"2021-12-27T12:58:58+00:00","dateModified":"2022-07-05T12:12:31+00:00","breadcrumb":{"@id":"https:\/\/pobillecologics.com\/es\/producto\/mermelada-de-aove\/#breadcrumb"},"inLanguage":"es","potentialAction":[{"@type":"ReadAction","target":["https:\/\/pobillecologics.com\/es\/producto\/mermelada-de-aove\/"]}]},{"@type":"ImageObject","inLanguage":"es","@id":"https:\/\/pobillecologics.com\/es\/producto\/mermelada-de-aove\/#primaryimage","url":"https:\/\/pobillecologics.com\/wp-contenido\/uploads\/2021\/12\/mermelada-01.jpg","contentUrl":"https:\/\/pobillecologics.com\/wp-contenido\/uploads\/2021\/12\/mermelada-01.jpg","width":1200,"height":1200},{"@type":"BreadcrumbList","@id":"https:\/\/pobillecologics.com\/es\/producto\/mermelada-de-aove\/#breadcrumb","itemListElement":[{"@type":"ListItem","position":1,"name":"Portada","item":"https:\/\/pobillecologics.com\/es\/"},{"@type":"ListItem","position":2,"name":"Tienda","item":"https:\/\/pobillecologics.com\/es\/tienda\/"},{"@type":"ListItem","position":3,"name":"Mermelada de AOVE"}]},{"@type":"WebSite","@id":"https:\/\/pobillecologics.com\/es\/#website","url":"https:\/\/pobillecologics.com\/es\/","name":"Pobill Ecologics","description":"Pobill Ecologics","potentialAction":[{"@type":"SearchAction","target":{"@type":"EntryPoint","urlTemplate":"https:\/\/pobillecologics.com\/es\/?s={search_term_string}"},"query-input":{"@type":"PropertyValueSpecification","valueRequired":true,"valueName":"search_term_string"}}],"inLanguage":"es"}]}},"_links":{"self":[{"href":"https:\/\/pobillecologics.com\/es\/wp-json\/wp\/v2\/product\/7220","targetHints":{"allow":["GET"]}}],"collection":[{"href":"https:\/\/pobillecologics.com\/es\/wp-json\/wp\/v2\/product"}],"about":[{"href":"https:\/\/pobillecologics.com\/es\/wp-json\/wp\/v2\/types\/product"}],"wp:featuredmedia":[{"embeddable":true,"href":"https:\/\/pobillecologics.com\/es\/wp-json\/wp\/v2\/media\/6867"}],"wp:attachment":[{"href":"https:\/\/pobillecologics.com\/es\/wp-json\/wp\/v2\/media?parent=7220"}],"wp:term":[{"taxonomy":"product_cat","embeddable":true,"href":"https:\/\/pobillecologics.com\/es\/wp-json\/wp\/v2\/product_cat?post=7220"},{"taxonomy":"product_tag","embeddable":true,"href":"https:\/\/pobillecologics.com\/es\/wp-json\/wp\/v2\/product_tag?post=7220"}],"curies":[{"name":"wp","href":"https:\/\/api.w.org\/{rel}","templated":true}]}}