{"id":7218,"date":"2021-12-30T10:51:22","date_gmt":"2021-12-30T09:51:22","guid":{"rendered":"https:\/\/pobillecologics.com\/producte\/caviar-de-aove-y-trufa-blanca\/"},"modified":"2022-07-05T13:12:18","modified_gmt":"2022-07-05T12:12:18","slug":"caviar-de-aove-y-trufa-blanca","status":"publish","type":"product","link":"https:\/\/pobillecologics.com\/es\/producto\/caviar-de-aove-y-trufa-blanca\/","title":{"rendered":"Caviar de AOVE y trufa blanca"},"content":{"rendered":"<p>Es una gota de aceite de oliva capturada en una membrana de gelatina. A gelatina que cubre cada gota de aceite encapsulado est\u00e1 hecha a base de Aginato, un gelificante de origen vegetal. Se extrae de las algas rojas comunes y una vez disuelto en agua y en contacto con una fuente de c\u00e1lcico, en este caso Cloruro c\u00e1lcico, se produce la reacci\u00f3n.<\/p>\n<p>Perlas de aceite de oliva virgen con aroma a trufa blanca.<\/p>\n<p>Esferas de aproximadamente 4-5 mil\u00edmetros de di\u00e1metro, con aceite de oliva y aroma de trufa blanca en su interior l\u00edquido que estallan en la boca cuando las muerdes.<\/p>\n<p>De color amarillo y un caracter\u00edstico aroma a trufa blanca.<\/p>\n<p>Un ingrediente ideal para aportar un toque de sabor y aroma a tus platos. Lleva tus platos al siguiente nivel con este ingrediente nacido en las cocinas de los mejores chefs, ahora listo para utilizarlo en tus recetas.<\/p>\n<p>Se puede utilizar en cualquier plato, frio o caliente, en el cual se utilizar\u00eda aceite de oliva como ali\u00f1o o decoraci\u00f3n, incluso postres.<\/p>\n<p>Marida a la perfecci\u00f3n con sopas, cremas, ensaladas, pescado, marisco, carnes y postres.<\/p>\n","protected":false},"excerpt":{"rendered":"<p>Perlas de aceite de oliva virgen con aroma a trufa blanca<\/p>\n","protected":false},"featured_media":6876,"template":"","meta":[],"product_cat":[186],"product_tag":[],"class_list":{"0":"post-7218","1":"product","2":"type-product","3":"status-publish","4":"has-post-thumbnail","6":"product_cat-productos-gourmet","7":"product_shipping_class-50-gr-es","9":"first","10":"instock","11":"taxable","12":"shipping-taxable","13":"product-type-simple"},"yoast_head":"<!-- This site is optimized with the Yoast SEO plugin v27.4 - https:\/\/yoast.com\/product\/yoast-seo-wordpress\/ -->\n<title>Caviar de AOVE y trufa blanca - Pobill Ecologics<\/title>\n<meta name=\"robots\" content=\"index, follow, max-snippet:-1, max-image-preview:large, max-video-preview:-1\" \/>\n<link rel=\"canonical\" href=\"https:\/\/pobillecologics.com\/es\/producto\/caviar-de-aove-y-trufa-blanca\/\" \/>\n<meta property=\"og:locale\" content=\"es_ES\" \/>\n<meta property=\"og:type\" content=\"article\" \/>\n<meta property=\"og:title\" content=\"Caviar de AOVE y trufa blanca - Pobill Ecologics\" \/>\n<meta property=\"og:description\" content=\"Perlas de aceite de oliva virgen con aroma a trufa blanca\" \/>\n<meta property=\"og:url\" content=\"https:\/\/pobillecologics.com\/es\/producto\/caviar-de-aove-y-trufa-blanca\/\" \/>\n<meta property=\"og:site_name\" content=\"Pobill Ecologics\" \/>\n<meta property=\"article:modified_time\" content=\"2022-07-05T12:12:18+00:00\" \/>\n<meta property=\"og:image\" content=\"https:\/\/pobillecologics.com\/wp-contenido\/uploads\/2021\/12\/caviar-aove-trufa-01.jpg\" \/>\n\t<meta property=\"og:image:width\" content=\"1200\" \/>\n\t<meta property=\"og:image:height\" content=\"1200\" \/>\n\t<meta property=\"og:image:type\" content=\"image\/jpeg\" \/>\n<meta name=\"twitter:card\" content=\"summary_large_image\" \/>\n<meta name=\"twitter:label1\" content=\"Tiempo de lectura\" \/>\n\t<meta name=\"twitter:data1\" content=\"1 minuto\" \/>\n<script type=\"application\/ld+json\" class=\"yoast-schema-graph\">{\"@context\":\"https:\\\/\\\/schema.org\",\"@graph\":[{\"@type\":\"WebPage\",\"@id\":\"https:\\\/\\\/pobillecologics.com\\\/es\\\/producto\\\/caviar-de-aove-y-trufa-blanca\\\/\",\"url\":\"https:\\\/\\\/pobillecologics.com\\\/es\\\/producto\\\/caviar-de-aove-y-trufa-blanca\\\/\",\"name\":\"Caviar de AOVE y trufa blanca - Pobill Ecologics\",\"isPartOf\":{\"@id\":\"https:\\\/\\\/pobillecologics.com\\\/es\\\/#website\"},\"primaryImageOfPage\":{\"@id\":\"https:\\\/\\\/pobillecologics.com\\\/es\\\/producto\\\/caviar-de-aove-y-trufa-blanca\\\/#primaryimage\"},\"image\":{\"@id\":\"https:\\\/\\\/pobillecologics.com\\\/es\\\/producto\\\/caviar-de-aove-y-trufa-blanca\\\/#primaryimage\"},\"thumbnailUrl\":\"https:\\\/\\\/pobillecologics.com\\\/wp-contenido\\\/uploads\\\/2021\\\/12\\\/caviar-aove-trufa-01.jpg\",\"datePublished\":\"2021-12-30T09:51:22+00:00\",\"dateModified\":\"2022-07-05T12:12:18+00:00\",\"breadcrumb\":{\"@id\":\"https:\\\/\\\/pobillecologics.com\\\/es\\\/producto\\\/caviar-de-aove-y-trufa-blanca\\\/#breadcrumb\"},\"inLanguage\":\"es\",\"potentialAction\":[{\"@type\":\"ReadAction\",\"target\":[\"https:\\\/\\\/pobillecologics.com\\\/es\\\/producto\\\/caviar-de-aove-y-trufa-blanca\\\/\"]}]},{\"@type\":\"ImageObject\",\"inLanguage\":\"es\",\"@id\":\"https:\\\/\\\/pobillecologics.com\\\/es\\\/producto\\\/caviar-de-aove-y-trufa-blanca\\\/#primaryimage\",\"url\":\"https:\\\/\\\/pobillecologics.com\\\/wp-contenido\\\/uploads\\\/2021\\\/12\\\/caviar-aove-trufa-01.jpg\",\"contentUrl\":\"https:\\\/\\\/pobillecologics.com\\\/wp-contenido\\\/uploads\\\/2021\\\/12\\\/caviar-aove-trufa-01.jpg\",\"width\":1200,\"height\":1200},{\"@type\":\"BreadcrumbList\",\"@id\":\"https:\\\/\\\/pobillecologics.com\\\/es\\\/producto\\\/caviar-de-aove-y-trufa-blanca\\\/#breadcrumb\",\"itemListElement\":[{\"@type\":\"ListItem\",\"position\":1,\"name\":\"Portada\",\"item\":\"https:\\\/\\\/pobillecologics.com\\\/es\\\/\"},{\"@type\":\"ListItem\",\"position\":2,\"name\":\"Tienda\",\"item\":\"https:\\\/\\\/pobillecologics.com\\\/es\\\/tienda\\\/\"},{\"@type\":\"ListItem\",\"position\":3,\"name\":\"Caviar de AOVE y trufa blanca\"}]},{\"@type\":\"WebSite\",\"@id\":\"https:\\\/\\\/pobillecologics.com\\\/es\\\/#website\",\"url\":\"https:\\\/\\\/pobillecologics.com\\\/es\\\/\",\"name\":\"Pobill Ecologics\",\"description\":\"Pobill Ecologics\",\"potentialAction\":[{\"@type\":\"SearchAction\",\"target\":{\"@type\":\"EntryPoint\",\"urlTemplate\":\"https:\\\/\\\/pobillecologics.com\\\/es\\\/?s={search_term_string}\"},\"query-input\":{\"@type\":\"PropertyValueSpecification\",\"valueRequired\":true,\"valueName\":\"search_term_string\"}}],\"inLanguage\":\"es\"}]}<\/script>\n<!-- \/ Yoast SEO plugin. -->","yoast_head_json":{"title":"Caviar de AOVE y trufa blanca - Pobill Ecologics","robots":{"index":"index","follow":"follow","max-snippet":"max-snippet:-1","max-image-preview":"max-image-preview:large","max-video-preview":"max-video-preview:-1"},"canonical":"https:\/\/pobillecologics.com\/es\/producto\/caviar-de-aove-y-trufa-blanca\/","og_locale":"es_ES","og_type":"article","og_title":"Caviar de AOVE y trufa blanca - Pobill Ecologics","og_description":"Perlas de aceite de oliva virgen con aroma a trufa blanca","og_url":"https:\/\/pobillecologics.com\/es\/producto\/caviar-de-aove-y-trufa-blanca\/","og_site_name":"Pobill Ecologics","article_modified_time":"2022-07-05T12:12:18+00:00","og_image":[{"width":1200,"height":1200,"url":"https:\/\/pobillecologics.com\/wp-contenido\/uploads\/2021\/12\/caviar-aove-trufa-01.jpg","type":"image\/jpeg"}],"twitter_card":"summary_large_image","twitter_misc":{"Tiempo de lectura":"1 minuto"},"schema":{"@context":"https:\/\/schema.org","@graph":[{"@type":"WebPage","@id":"https:\/\/pobillecologics.com\/es\/producto\/caviar-de-aove-y-trufa-blanca\/","url":"https:\/\/pobillecologics.com\/es\/producto\/caviar-de-aove-y-trufa-blanca\/","name":"Caviar de AOVE y trufa blanca - Pobill Ecologics","isPartOf":{"@id":"https:\/\/pobillecologics.com\/es\/#website"},"primaryImageOfPage":{"@id":"https:\/\/pobillecologics.com\/es\/producto\/caviar-de-aove-y-trufa-blanca\/#primaryimage"},"image":{"@id":"https:\/\/pobillecologics.com\/es\/producto\/caviar-de-aove-y-trufa-blanca\/#primaryimage"},"thumbnailUrl":"https:\/\/pobillecologics.com\/wp-contenido\/uploads\/2021\/12\/caviar-aove-trufa-01.jpg","datePublished":"2021-12-30T09:51:22+00:00","dateModified":"2022-07-05T12:12:18+00:00","breadcrumb":{"@id":"https:\/\/pobillecologics.com\/es\/producto\/caviar-de-aove-y-trufa-blanca\/#breadcrumb"},"inLanguage":"es","potentialAction":[{"@type":"ReadAction","target":["https:\/\/pobillecologics.com\/es\/producto\/caviar-de-aove-y-trufa-blanca\/"]}]},{"@type":"ImageObject","inLanguage":"es","@id":"https:\/\/pobillecologics.com\/es\/producto\/caviar-de-aove-y-trufa-blanca\/#primaryimage","url":"https:\/\/pobillecologics.com\/wp-contenido\/uploads\/2021\/12\/caviar-aove-trufa-01.jpg","contentUrl":"https:\/\/pobillecologics.com\/wp-contenido\/uploads\/2021\/12\/caviar-aove-trufa-01.jpg","width":1200,"height":1200},{"@type":"BreadcrumbList","@id":"https:\/\/pobillecologics.com\/es\/producto\/caviar-de-aove-y-trufa-blanca\/#breadcrumb","itemListElement":[{"@type":"ListItem","position":1,"name":"Portada","item":"https:\/\/pobillecologics.com\/es\/"},{"@type":"ListItem","position":2,"name":"Tienda","item":"https:\/\/pobillecologics.com\/es\/tienda\/"},{"@type":"ListItem","position":3,"name":"Caviar de AOVE y trufa blanca"}]},{"@type":"WebSite","@id":"https:\/\/pobillecologics.com\/es\/#website","url":"https:\/\/pobillecologics.com\/es\/","name":"Pobill Ecologics","description":"Pobill Ecologics","potentialAction":[{"@type":"SearchAction","target":{"@type":"EntryPoint","urlTemplate":"https:\/\/pobillecologics.com\/es\/?s={search_term_string}"},"query-input":{"@type":"PropertyValueSpecification","valueRequired":true,"valueName":"search_term_string"}}],"inLanguage":"es"}]}},"_links":{"self":[{"href":"https:\/\/pobillecologics.com\/es\/wp-json\/wp\/v2\/product\/7218","targetHints":{"allow":["GET"]}}],"collection":[{"href":"https:\/\/pobillecologics.com\/es\/wp-json\/wp\/v2\/product"}],"about":[{"href":"https:\/\/pobillecologics.com\/es\/wp-json\/wp\/v2\/types\/product"}],"wp:featuredmedia":[{"embeddable":true,"href":"https:\/\/pobillecologics.com\/es\/wp-json\/wp\/v2\/media\/6876"}],"wp:attachment":[{"href":"https:\/\/pobillecologics.com\/es\/wp-json\/wp\/v2\/media?parent=7218"}],"wp:term":[{"taxonomy":"product_cat","embeddable":true,"href":"https:\/\/pobillecologics.com\/es\/wp-json\/wp\/v2\/product_cat?post=7218"},{"taxonomy":"product_tag","embeddable":true,"href":"https:\/\/pobillecologics.com\/es\/wp-json\/wp\/v2\/product_tag?post=7218"}],"curies":[{"name":"wp","href":"https:\/\/api.w.org\/{rel}","templated":true}]}}