{"id":7214,"date":"2021-12-30T11:00:11","date_gmt":"2021-12-30T10:00:11","guid":{"rendered":"https:\/\/pobillecologics.com\/producte\/caviar-de-aove\/"},"modified":"2022-07-05T13:12:11","modified_gmt":"2022-07-05T12:12:11","slug":"caviar-de-aove","status":"publish","type":"product","link":"https:\/\/pobillecologics.com\/es\/producto\/caviar-de-aove\/","title":{"rendered":"Caviar de AOVE"},"content":{"rendered":"<p>Es una gota de aceite de oliva capturada en una membrana de gelatina. La gelatina que cubre cada gota de aceite encapsulado est\u00e1 hecha a base de Alginato, un gelificante de origen vegetal. Se extrae de las algas rojas comunes y una vez disuelto en agua y en contacto con una fuente de c\u00e1lcico, es este caso Cloruro c\u00e1lcico, se produce la reacci\u00f3n. Perlas de aceite de oliva virgen extra de la variedad Arbequina de cosecha propia. Esferas de aproximadamente 4-5 mil\u00edmetros de di\u00e1metro, con aceite de oliva l\u00edquido en su interior que explotan en la boca cuando las muerdes.<\/p>\n<p>Un ingrediente ideal para aportar un toque de sabor y aroma a tus platos. Lleva tus platos al siguiente nivel con este ingrediente nacido en las cocinas de los mejores chefs, ahora listo para usarlo en tus recetas.<\/p>\n<p>Se puede utilizar en cualquier plato, frio o caliente, en el cual se utilizar\u00eda aceite de oliva como ali\u00f1o o decoraci\u00f3n, incluso en postres. Marida a la perfecci\u00f3n con sopas, cremas, ensaladas, pescado, marisco, carnes y postres.<\/p>\n","protected":false},"excerpt":{"rendered":"<p>Perlas de aceite de oliva virgen extra de la variedad Arbequina de cosecha propia.<\/p>\n","protected":false},"featured_media":6879,"template":"","meta":[],"product_cat":[186],"product_tag":[],"class_list":{"0":"post-7214","1":"product","2":"type-product","3":"status-publish","4":"has-post-thumbnail","6":"product_cat-productos-gourmet","7":"product_shipping_class-50-gr-es","9":"first","10":"instock","11":"taxable","12":"shipping-taxable","13":"product-type-simple"},"yoast_head":"<!-- This site is optimized with the Yoast SEO plugin v27.4 - https:\/\/yoast.com\/product\/yoast-seo-wordpress\/ -->\n<title>Caviar de AOVE - Pobill Ecologics<\/title>\n<meta name=\"robots\" content=\"index, follow, max-snippet:-1, max-image-preview:large, max-video-preview:-1\" \/>\n<link rel=\"canonical\" href=\"https:\/\/pobillecologics.com\/es\/producto\/caviar-de-aove\/\" \/>\n<meta property=\"og:locale\" content=\"es_ES\" \/>\n<meta property=\"og:type\" content=\"article\" \/>\n<meta property=\"og:title\" content=\"Caviar de AOVE - Pobill Ecologics\" \/>\n<meta property=\"og:description\" content=\"Perlas de aceite de oliva virgen extra de la variedad Arbequina de cosecha propia.\" \/>\n<meta property=\"og:url\" content=\"https:\/\/pobillecologics.com\/es\/producto\/caviar-de-aove\/\" \/>\n<meta property=\"og:site_name\" content=\"Pobill Ecologics\" \/>\n<meta property=\"article:modified_time\" content=\"2022-07-05T12:12:11+00:00\" \/>\n<meta property=\"og:image\" content=\"https:\/\/pobillecologics.com\/wp-contenido\/uploads\/2021\/12\/caviar-aove-01.jpg\" \/>\n\t<meta property=\"og:image:width\" content=\"1200\" \/>\n\t<meta property=\"og:image:height\" content=\"1200\" \/>\n\t<meta property=\"og:image:type\" content=\"image\/jpeg\" \/>\n<meta name=\"twitter:card\" content=\"summary_large_image\" \/>\n<meta name=\"twitter:label1\" content=\"Tiempo de lectura\" \/>\n\t<meta name=\"twitter:data1\" content=\"1 minuto\" \/>\n<script type=\"application\/ld+json\" class=\"yoast-schema-graph\">{\"@context\":\"https:\\\/\\\/schema.org\",\"@graph\":[{\"@type\":\"WebPage\",\"@id\":\"https:\\\/\\\/pobillecologics.com\\\/es\\\/producto\\\/caviar-de-aove\\\/\",\"url\":\"https:\\\/\\\/pobillecologics.com\\\/es\\\/producto\\\/caviar-de-aove\\\/\",\"name\":\"Caviar de AOVE - Pobill Ecologics\",\"isPartOf\":{\"@id\":\"https:\\\/\\\/pobillecologics.com\\\/es\\\/#website\"},\"primaryImageOfPage\":{\"@id\":\"https:\\\/\\\/pobillecologics.com\\\/es\\\/producto\\\/caviar-de-aove\\\/#primaryimage\"},\"image\":{\"@id\":\"https:\\\/\\\/pobillecologics.com\\\/es\\\/producto\\\/caviar-de-aove\\\/#primaryimage\"},\"thumbnailUrl\":\"https:\\\/\\\/pobillecologics.com\\\/wp-contenido\\\/uploads\\\/2021\\\/12\\\/caviar-aove-01.jpg\",\"datePublished\":\"2021-12-30T10:00:11+00:00\",\"dateModified\":\"2022-07-05T12:12:11+00:00\",\"breadcrumb\":{\"@id\":\"https:\\\/\\\/pobillecologics.com\\\/es\\\/producto\\\/caviar-de-aove\\\/#breadcrumb\"},\"inLanguage\":\"es\",\"potentialAction\":[{\"@type\":\"ReadAction\",\"target\":[\"https:\\\/\\\/pobillecologics.com\\\/es\\\/producto\\\/caviar-de-aove\\\/\"]}]},{\"@type\":\"ImageObject\",\"inLanguage\":\"es\",\"@id\":\"https:\\\/\\\/pobillecologics.com\\\/es\\\/producto\\\/caviar-de-aove\\\/#primaryimage\",\"url\":\"https:\\\/\\\/pobillecologics.com\\\/wp-contenido\\\/uploads\\\/2021\\\/12\\\/caviar-aove-01.jpg\",\"contentUrl\":\"https:\\\/\\\/pobillecologics.com\\\/wp-contenido\\\/uploads\\\/2021\\\/12\\\/caviar-aove-01.jpg\",\"width\":1200,\"height\":1200},{\"@type\":\"BreadcrumbList\",\"@id\":\"https:\\\/\\\/pobillecologics.com\\\/es\\\/producto\\\/caviar-de-aove\\\/#breadcrumb\",\"itemListElement\":[{\"@type\":\"ListItem\",\"position\":1,\"name\":\"Portada\",\"item\":\"https:\\\/\\\/pobillecologics.com\\\/es\\\/\"},{\"@type\":\"ListItem\",\"position\":2,\"name\":\"Tienda\",\"item\":\"https:\\\/\\\/pobillecologics.com\\\/es\\\/tienda\\\/\"},{\"@type\":\"ListItem\",\"position\":3,\"name\":\"Caviar de AOVE\"}]},{\"@type\":\"WebSite\",\"@id\":\"https:\\\/\\\/pobillecologics.com\\\/es\\\/#website\",\"url\":\"https:\\\/\\\/pobillecologics.com\\\/es\\\/\",\"name\":\"Pobill Ecologics\",\"description\":\"Pobill Ecologics\",\"potentialAction\":[{\"@type\":\"SearchAction\",\"target\":{\"@type\":\"EntryPoint\",\"urlTemplate\":\"https:\\\/\\\/pobillecologics.com\\\/es\\\/?s={search_term_string}\"},\"query-input\":{\"@type\":\"PropertyValueSpecification\",\"valueRequired\":true,\"valueName\":\"search_term_string\"}}],\"inLanguage\":\"es\"}]}<\/script>\n<!-- \/ Yoast SEO plugin. -->","yoast_head_json":{"title":"Caviar de AOVE - Pobill Ecologics","robots":{"index":"index","follow":"follow","max-snippet":"max-snippet:-1","max-image-preview":"max-image-preview:large","max-video-preview":"max-video-preview:-1"},"canonical":"https:\/\/pobillecologics.com\/es\/producto\/caviar-de-aove\/","og_locale":"es_ES","og_type":"article","og_title":"Caviar de AOVE - Pobill Ecologics","og_description":"Perlas de aceite de oliva virgen extra de la variedad Arbequina de cosecha propia.","og_url":"https:\/\/pobillecologics.com\/es\/producto\/caviar-de-aove\/","og_site_name":"Pobill Ecologics","article_modified_time":"2022-07-05T12:12:11+00:00","og_image":[{"width":1200,"height":1200,"url":"https:\/\/pobillecologics.com\/wp-contenido\/uploads\/2021\/12\/caviar-aove-01.jpg","type":"image\/jpeg"}],"twitter_card":"summary_large_image","twitter_misc":{"Tiempo de lectura":"1 minuto"},"schema":{"@context":"https:\/\/schema.org","@graph":[{"@type":"WebPage","@id":"https:\/\/pobillecologics.com\/es\/producto\/caviar-de-aove\/","url":"https:\/\/pobillecologics.com\/es\/producto\/caviar-de-aove\/","name":"Caviar de AOVE - Pobill Ecologics","isPartOf":{"@id":"https:\/\/pobillecologics.com\/es\/#website"},"primaryImageOfPage":{"@id":"https:\/\/pobillecologics.com\/es\/producto\/caviar-de-aove\/#primaryimage"},"image":{"@id":"https:\/\/pobillecologics.com\/es\/producto\/caviar-de-aove\/#primaryimage"},"thumbnailUrl":"https:\/\/pobillecologics.com\/wp-contenido\/uploads\/2021\/12\/caviar-aove-01.jpg","datePublished":"2021-12-30T10:00:11+00:00","dateModified":"2022-07-05T12:12:11+00:00","breadcrumb":{"@id":"https:\/\/pobillecologics.com\/es\/producto\/caviar-de-aove\/#breadcrumb"},"inLanguage":"es","potentialAction":[{"@type":"ReadAction","target":["https:\/\/pobillecologics.com\/es\/producto\/caviar-de-aove\/"]}]},{"@type":"ImageObject","inLanguage":"es","@id":"https:\/\/pobillecologics.com\/es\/producto\/caviar-de-aove\/#primaryimage","url":"https:\/\/pobillecologics.com\/wp-contenido\/uploads\/2021\/12\/caviar-aove-01.jpg","contentUrl":"https:\/\/pobillecologics.com\/wp-contenido\/uploads\/2021\/12\/caviar-aove-01.jpg","width":1200,"height":1200},{"@type":"BreadcrumbList","@id":"https:\/\/pobillecologics.com\/es\/producto\/caviar-de-aove\/#breadcrumb","itemListElement":[{"@type":"ListItem","position":1,"name":"Portada","item":"https:\/\/pobillecologics.com\/es\/"},{"@type":"ListItem","position":2,"name":"Tienda","item":"https:\/\/pobillecologics.com\/es\/tienda\/"},{"@type":"ListItem","position":3,"name":"Caviar de AOVE"}]},{"@type":"WebSite","@id":"https:\/\/pobillecologics.com\/es\/#website","url":"https:\/\/pobillecologics.com\/es\/","name":"Pobill Ecologics","description":"Pobill Ecologics","potentialAction":[{"@type":"SearchAction","target":{"@type":"EntryPoint","urlTemplate":"https:\/\/pobillecologics.com\/es\/?s={search_term_string}"},"query-input":{"@type":"PropertyValueSpecification","valueRequired":true,"valueName":"search_term_string"}}],"inLanguage":"es"}]}},"_links":{"self":[{"href":"https:\/\/pobillecologics.com\/es\/wp-json\/wp\/v2\/product\/7214","targetHints":{"allow":["GET"]}}],"collection":[{"href":"https:\/\/pobillecologics.com\/es\/wp-json\/wp\/v2\/product"}],"about":[{"href":"https:\/\/pobillecologics.com\/es\/wp-json\/wp\/v2\/types\/product"}],"wp:featuredmedia":[{"embeddable":true,"href":"https:\/\/pobillecologics.com\/es\/wp-json\/wp\/v2\/media\/6879"}],"wp:attachment":[{"href":"https:\/\/pobillecologics.com\/es\/wp-json\/wp\/v2\/media?parent=7214"}],"wp:term":[{"taxonomy":"product_cat","embeddable":true,"href":"https:\/\/pobillecologics.com\/es\/wp-json\/wp\/v2\/product_cat?post=7214"},{"taxonomy":"product_tag","embeddable":true,"href":"https:\/\/pobillecologics.com\/es\/wp-json\/wp\/v2\/product_tag?post=7214"}],"curies":[{"name":"wp","href":"https:\/\/api.w.org\/{rel}","templated":true}]}}