{"id":7179,"date":"2022-02-02T13:11:35","date_gmt":"2022-02-02T12:11:35","guid":{"rendered":"https:\/\/pobillecologics.com\/?page_id=7179"},"modified":"2022-11-22T16:48:32","modified_gmt":"2022-11-22T15:48:32","slug":"terrenos","status":"publish","type":"page","link":"https:\/\/pobillecologics.com\/es\/terrenos\/","title":{"rendered":"Terrenos"},"content":{"rendered":"<div id=\"banner-inicio\" data-vc-full-width=\"true\" data-vc-full-width-init=\"false\" data-vc-stretch-content=\"true\" class=\"vc_row wpb_row vc_row-fluid vc_row-no-padding ovic_custom_637cef5077496 vc_custom_1637238656961\"><div class=\"wpb_column vc_column_container vc_col-sm-12 ovic_custom_637cef507749b\"><div class=\"vc_column-inner\"><div class=\"wpb_wrapper\">\r\n\t<div  class=\"wpb_single_image wpb_content_element vc_align_center ovic_custom_637cef507749e\">\r\n\t\t\r\n\t\t<figure class=\"wpb_wrapper vc_figure\">\r\n\t\t\t<div class=\"vc_single_image-wrapper   vc_box_border_grey\"><img loading=\"lazy\" decoding=\"async\" class=\"vc_single_image-img lazy attachment-full\" src=\"data:image\/svg+xml;charset=utf-8,%3Csvg%20xmlns%3D%27http%3A%2F%2Fwww.w3.org%2F2000%2Fsvg%27%20viewBox%3D%270%200%201990%20874%27%2F%3E\" data-src=\"https:\/\/pobillecologics.com\/wp-contenido\/uploads\/2021\/06\/pobill-ecologic-home-02.png\" width=\"1990\" height=\"874\"  alt=\"Terrenos\"\/><\/div>\r\n\t\t<\/figure>\r\n\t<\/div>\r\n<\/div><\/div><\/div><\/div><div class=\"vc_row-full-width vc_clearfix\"><\/div><div class=\"vc_row wpb_row vc_row-fluid ovic_custom_637cef507749f vc_custom_1625241339773 vc_custom_1625241339778 vc_custom_1625241339781 vc_custom_1625241339784 vc_custom_1625241339787\"><div class=\"wpb_column vc_column_container vc_col-sm-12\"><div class=\"vc_column-inner\"><div class=\"wpb_wrapper\">\n\t<div class=\"wpb_text_column wpb_content_element titulo-pagina titulo-pagina ovic_custom_637cef50774a1 vc_custom_1643803624444 \" >\n\t\t<div class=\"wpb_wrapper\">\n\t\t\t<h1><strong>Terrenos<\/strong><\/h1>\n\n\t\t<\/div>\n\t<\/div>\n\n\t<div class=\"wpb_text_column wpb_content_element texto-justificado texto-justificado ovic_custom_637cef50774a3 vc_custom_1669132054192 vc_custom_1669132054195 vc_custom_1669132054197 vc_custom_1669132054199 vc_custom_1669132054202\" >\n\t\t<div class=\"wpb_wrapper\">\n\t\t\t<p>Los terrenos de Pobill Ecol\u00f2gics est\u00e1n localizados en los t\u00e9rminos municipales de Cervera, C\u00e0lig, Traiguera, Benicarl\u00f3 y Vinar\u00f2s. Hablamos de unas 67 hect\u00e1reas, aproximadamente, cultivadas y en producci\u00f3n. Dichas tierras proceden de nuestra familia o son arrendadas.<\/p>\n<p>Aproximadamente poseemos 5000 mandarinos, 1000 naranjos, 4000 olivos (15 milenarios, fargas, sevillencas, villalongas, caneteras, \u201cde pico de b\u00faho\u201d, arbequinas, \u201cbaix fulla\u201d, figueretas y \u201cmorrudes\u201d), 150 almendros y 15 hect\u00e1reas de algarrobos.<\/p>\n<p>Otros terrenos est\u00e1n en periodo de recuperaci\u00f3n, lo que significa que est\u00e1n siendo deshierbados para recuperar el territorio, paisaje, etc. Poco a poco, estas parcelas est\u00e1n siendo convertidas de agricultura convencional a agricultura ecol\u00f3gica certificada.<\/p>\n<p>\u00bfQuer\u00e9is saber qu\u00e9 terrenos de los que forman parte de la cultura de la familia de Pobill Ecol\u00f2gics son los m\u00e1s representativos?<\/p>\n\n\t\t<\/div>\n\t<\/div>\n\r\n\t<div  class=\"wpb_single_image wpb_content_element vc_align_left ovic_custom_637cef50774a5\">\r\n\t\t\r\n\t\t<figure class=\"wpb_wrapper vc_figure\">\r\n\t\t\t<div class=\"vc_single_image-wrapper   vc_box_border_grey\"><img loading=\"lazy\" decoding=\"async\" class=\"vc_single_image-img lazy attachment-full\" src=\"data:image\/svg+xml;charset=utf-8,%3Csvg%20xmlns%3D%27http%3A%2F%2Fwww.w3.org%2F2000%2Fsvg%27%20viewBox%3D%270%200%201990%201100%27%2F%3E\" data-src=\"https:\/\/pobillecologics.com\/wp-contenido\/uploads\/2021\/07\/les-finques-02.jpg\" width=\"1990\" height=\"1100\"  alt=\"Terrenos\"\/><\/div>\r\n\t\t<\/figure>\r\n\t<\/div>\r\n<\/div><\/div><\/div><\/div><div class=\"vc_row wpb_row vc_row-fluid ovic_custom_637cef50774a7 vc_custom_1625242973083 vc_custom_1625242973087 vc_custom_1625242973090 vc_custom_1625242973094 vc_custom_1625242973097\"><div class=\"wpb_column vc_column_container vc_col-sm-3\"><div class=\"vc_column-inner\"><div class=\"wpb_wrapper\"><\/div><\/div><\/div><div class=\"wpb_column vc_column_container vc_col-sm-3\"><div class=\"vc_column-inner\"><div class=\"wpb_wrapper\">\n\t<div class=\"wpb_text_column wpb_content_element ovic_custom_637cef50774a9 vc_custom_1643803724459 \" >\n\t\t<div class=\"wpb_wrapper\">\n\t\t\t<p><span class=\"cultivo naranja\">Naranjos<\/span><\/p>\n<p><span class=\"cultivo olivo\">Olivares<\/span><\/p>\n<p><span class=\"cultivo vid\">Vi\u00f1as<\/span><\/p>\n<p><span class=\"cultivo algarrobo\">Algarrobos<\/span><\/p>\n\n\t\t<\/div>\n\t<\/div>\n<\/div><\/div><\/div><div class=\"wpb_column vc_column_container vc_col-sm-3\"><div class=\"vc_column-inner\"><div class=\"wpb_wrapper\"><\/div><\/div><\/div><div class=\"wpb_column vc_column_container vc_col-sm-3\"><div class=\"vc_column-inner\"><div class=\"wpb_wrapper\"><\/div><\/div><\/div><\/div><div class=\"vc_row wpb_row vc_row-fluid ovic_custom_637cef50774aa vc_custom_1625243150136 vc_custom_1625243150142 vc_custom_1625243150148 vc_custom_1625243150151 vc_custom_1625243150154\"><div class=\"wpb_column vc_column_container vc_col-sm-6 ovic_custom_637cef50774ac vc_custom_1625243086705 vc_custom_1625243086712 vc_custom_1625243086715 vc_custom_1625243086718 vc_custom_1625243086722\"><div class=\"vc_column-inner\"><div class=\"wpb_wrapper\">\n\t<div class=\"wpb_text_column wpb_content_element ovic_custom_637cef50774ae vc_custom_1669132070538 vc_custom_1669132070541 vc_custom_1669132070544 vc_custom_1669132070546 vc_custom_1669132070548\" >\n\t\t<div class=\"wpb_wrapper\">\n\t\t\t<h2>FAMILIA DE C\u00c0LIG<\/h2>\n\n\t\t<\/div>\n\t<\/div>\n\n\t<div class=\"wpb_text_column wpb_content_element texto-justificado texto-justificado ovic_custom_637cef50774b0 \" >\n\t\t<div class=\"wpb_wrapper\">\n\t\t\t<p><strong>El Mas i l\u2019Illa<\/strong>: fue una compra que realiz\u00f3 el padre de David Taus a Jos\u00e9 Arag\u00f3n, habitante de C\u00e1lig, que compr\u00f3 estos terrenos a las herederas argentinas de un calij\u00f3 exiliado el a\u00f1o 1955.<\/p>\n<p><strong>El mas d\u2019en Rei<\/strong>: la familia del padre de David se refugi\u00f3 aqu\u00ed de los bombardeos y de la llegada a C\u00e1lig de los fascistas. Ten\u00eda tres casas, una de las cuales era exclusivamente para los mulos.<\/p>\n<p><strong>Lo Mur\u00f3<\/strong>: esta es una finca r\u00fastica muy especial, ya que fue donde se conocieron los abuelos maternos de David Taus. \u00c9l nos explica que cuando su abuelo lleg\u00f3 a C\u00e1lig para ayudar con la recogida de aceitunas, vio a su abuela y \u201csurgi\u00f3 el amor\u201d.<\/p>\n<p><strong>La Llecuna<\/strong>: es el lugar d\u00f3nde la familia produc\u00eda la mayor parte del trigo que se usaba para elaborar el pan.<\/p>\n<p><strong>Les Foies<\/strong>: un terreno muy productivo actualmente, que fue un campo de vi\u00f1edo. Perteneci\u00f3 al abuelo paterno de David, que la compr\u00f3 a Jos\u00e9 Comes.<\/p>\n<p><strong>Illa de Garrofers<\/strong>: est\u00e1 situada en el t\u00e9rmino municipal de Cervera, junto a la carretera de San Jorge. El abuelo de David, Ram\u00f3n, le ense\u00f1\u00f3 d\u00f3nde estaba enterrado uno de sus mulos, que muri\u00f3 trabajando. Actualmente es una zona de algarrobos ecol\u00f3gicos.<\/p>\n<p><strong>El Poubonet<\/strong>: antiguamente estuvo llena de olivos, despu\u00e9s de vi\u00f1edo y de almendros. Actualmente encontramos aceitunas arbequinas ecol\u00f3gicas. Form\u00f3 parte del campo de aviaci\u00f3n de los republicanos durante la guerra.<\/p>\n<p><strong>El Bovalar<\/strong>: es un terreno de los m\u00e1s emblem\u00e1ticos, y el m\u00e1s extenso, lleno de mandarinos y olivos de arbequina. Formado por la compra de tres fincas r\u00fasticas por parte de la familia.<\/p>\n<p>Estas fincas r\u00fasticas que hemos nombrado son las m\u00e1s emblem\u00e1ticas, pero existen muchas otras m\u00e1s como La Bassa, La Cova, Poulabassa, Tossa, Los Colls, El Masset, Lo Riu, La Fontanella (repleta de \u00e1rboles frutales), El Placerveres, Els Pocanets y Les Perdigones, Lo cam\u00ed Sant Jordi, La Som\u00e0 o Cometa (donde se cultivaban los tomates de colgar)\u2026y muchas m\u00e1s.<\/p>\n\n\t\t<\/div>\n\t<\/div>\n<\/div><\/div><\/div><div class=\"wpb_column vc_column_container vc_col-sm-6\"><div class=\"vc_column-inner\"><div class=\"wpb_wrapper\">\n\t<div class=\"wpb_text_column wpb_content_element ovic_custom_637cef50774b1 vc_custom_1669132078480 vc_custom_1669132078483 vc_custom_1669132078485 vc_custom_1669132078488 vc_custom_1669132078490\" >\n\t\t<div class=\"wpb_wrapper\">\n\t\t\t<h2>FAMILIA DE TRAIGUERA<\/h2>\n\n\t\t<\/div>\n\t<\/div>\n\n\t<div class=\"wpb_text_column wpb_content_element texto-justificado texto-justificado ovic_custom_637cef50774b4 vc_custom_1643803889555 vc_custom_1643803889558 vc_custom_1643803889560 vc_custom_1643803889563 vc_custom_1643803889565\" >\n\t\t<div class=\"wpb_wrapper\">\n\t\t\t<p><strong>Alvaga<\/strong>: su nombre proviene de la palabra \u201cobaga\u201d (umbr\u00eda), y hace referencia a la localizaci\u00f3n del terreno (la parte umbr\u00eda de una monta\u00f1a). Esta caracter\u00edstica hace que esta finca r\u00fastica sea muy fresca y h\u00fameda, haciendo que sus \u00e1rboles sean m\u00e1s vigorosos. Terreno abacal y con noria. Es el resultado de la uni\u00f3n de cuatro terrenos, unos comprados en la d\u00e9cada de los 50 y otros en la segunda d\u00e9cada del siglo XXI. Actualmente est\u00e1 compuesta mayoritariamente por olivos.<\/p>\n<p><strong>Freginal<\/strong>: esta finca de olivos (de la variedad Villalonga) ha formado parte de la propiedad familiar durante m\u00e1s de cinco generaciones. Est\u00e1 situada a las puertas del pueblo de Traiguera.<\/p>\n<p><strong>Collemet gran<\/strong>: fue una compra familiar en los a\u00f1os 60. Aunque antiguamente era un terreno de almendros, ahora tiene 150 olivos de la variedad morruda.<\/p>\n<p><strong>Loma<\/strong>: finca compuesta por olivos de Farga centenarios, de herencia familiar por una parte y comprados a exiliados argentinos por otra. Es la principal fuente de producci\u00f3n de aceite Farga ecol\u00f3gico, aunque tambi\u00e9n tiene unos 15 algarrobos ecol\u00f3gicos.<\/p>\n<p><strong>El Camp<\/strong>: esta es una finca muy llana compuesta por olivos de multitud de variedades, aunque tambi\u00e9n posee algunos algarrobos.<\/p>\n<p><strong>La Cova<\/strong>: finca r\u00fastica muy productiva ubicada cerca del t\u00e9rmino municipal de Canet lo Roig. Es el terreno m\u00e1s alejado del pueblo de Traiguera. Compuesta por olivos y algarrobos, es el resultado de m\u00faltiples particiones entre herederos durante m\u00e1s de cinco generaciones, cosa que se corrobora por el hecho de que la mayor parte de los propietarios se apellidaban Belsa.<\/p>\n<p><strong>Los Vilarrets<\/strong>: es una finca de injertos \u201cmorruts\u201d que se transform\u00f3 hace 15 a\u00f1os. Proviene de la familia paterna de la esposa de David. Situada muy cerca del rio Cervol.<\/p>\n<p>Otras tierras como el Regaxol (de almendros ecol\u00f3gicos), Collmenet Menut i Astolls, tambi\u00e9n forman parte de la explotaci\u00f3n de tierras del Pobill en Traiguera.<\/p>\n\n\t\t<\/div>\n\t<\/div>\n<\/div><\/div><\/div><\/div>\n","protected":false},"excerpt":{"rendered":"Terrenos Los terrenos de Pobill Ecol\u00f2gics est\u00e1n localizados en los t\u00e9rminos municipales de Cervera, C\u00e0lig, Traiguera, Benicarl\u00f3 y Vinar\u00f2s. Hablamos de unas 67 hect\u00e1reas, aproximadamente, cultivadas y en producci\u00f3n. Dichas tierras proceden de nuestra familia o son arrendadas. Aproximadamente poseemos 5000 mandarinos, 1000 naranjos, 4000 olivos (15 milenarios, fargas, sevillencas, villalongas, caneteras, \u201cde pico de [...]","protected":false},"author":2,"featured_media":0,"parent":0,"menu_order":0,"comment_status":"open","ping_status":"open","template":"templates\/fullwidth.php","meta":{"footnotes":""},"class_list":["post-7179","page","type-page","status-publish","hentry"],"yoast_head":"<!-- This site is optimized with the Yoast SEO plugin v27.4 - https:\/\/yoast.com\/product\/yoast-seo-wordpress\/ -->\n<title>Terrenos - Pobill Ecologics<\/title>\n<meta name=\"robots\" content=\"index, follow, max-snippet:-1, max-image-preview:large, max-video-preview:-1\" \/>\n<link rel=\"canonical\" href=\"https:\/\/pobillecologics.com\/es\/terrenos\/\" \/>\n<meta property=\"og:locale\" content=\"es_ES\" \/>\n<meta property=\"og:type\" content=\"article\" \/>\n<meta property=\"og:title\" content=\"Terrenos - Pobill Ecologics\" \/>\n<meta property=\"og:url\" content=\"https:\/\/pobillecologics.com\/es\/terrenos\/\" \/>\n<meta property=\"og:site_name\" content=\"Pobill Ecologics\" \/>\n<meta property=\"article:modified_time\" content=\"2022-11-22T15:48:32+00:00\" \/>\n<meta property=\"og:image\" content=\"https:\/\/pobillecologics.com\/wp-contenido\/uploads\/2022\/02\/beneficios-aceite-oliva-01.jpg\" \/>\n\t<meta property=\"og:image:width\" content=\"960\" \/>\n\t<meta property=\"og:image:height\" content=\"539\" \/>\n\t<meta property=\"og:image:type\" content=\"image\/jpeg\" \/>\n<meta name=\"twitter:card\" content=\"summary_large_image\" \/>\n<meta name=\"twitter:label1\" content=\"Tiempo de lectura\" \/>\n\t<meta name=\"twitter:data1\" content=\"6 minutos\" \/>\n<script type=\"application\/ld+json\" class=\"yoast-schema-graph\">{\"@context\":\"https:\\\/\\\/schema.org\",\"@graph\":[{\"@type\":\"WebPage\",\"@id\":\"https:\\\/\\\/pobillecologics.com\\\/es\\\/terrenos\\\/\",\"url\":\"https:\\\/\\\/pobillecologics.com\\\/es\\\/terrenos\\\/\",\"name\":\"Terrenos - Pobill Ecologics\",\"isPartOf\":{\"@id\":\"https:\\\/\\\/pobillecologics.com\\\/es\\\/#website\"},\"datePublished\":\"2022-02-02T12:11:35+00:00\",\"dateModified\":\"2022-11-22T15:48:32+00:00\",\"breadcrumb\":{\"@id\":\"https:\\\/\\\/pobillecologics.com\\\/es\\\/terrenos\\\/#breadcrumb\"},\"inLanguage\":\"es\",\"potentialAction\":[{\"@type\":\"ReadAction\",\"target\":[\"https:\\\/\\\/pobillecologics.com\\\/es\\\/terrenos\\\/\"]}]},{\"@type\":\"BreadcrumbList\",\"@id\":\"https:\\\/\\\/pobillecologics.com\\\/es\\\/terrenos\\\/#breadcrumb\",\"itemListElement\":[{\"@type\":\"ListItem\",\"position\":1,\"name\":\"Portada\",\"item\":\"https:\\\/\\\/pobillecologics.com\\\/es\\\/\"},{\"@type\":\"ListItem\",\"position\":2,\"name\":\"Terrenos\"}]},{\"@type\":\"WebSite\",\"@id\":\"https:\\\/\\\/pobillecologics.com\\\/es\\\/#website\",\"url\":\"https:\\\/\\\/pobillecologics.com\\\/es\\\/\",\"name\":\"Pobill Ecologics\",\"description\":\"Pobill Ecologics\",\"potentialAction\":[{\"@type\":\"SearchAction\",\"target\":{\"@type\":\"EntryPoint\",\"urlTemplate\":\"https:\\\/\\\/pobillecologics.com\\\/es\\\/?s={search_term_string}\"},\"query-input\":{\"@type\":\"PropertyValueSpecification\",\"valueRequired\":true,\"valueName\":\"search_term_string\"}}],\"inLanguage\":\"es\"}]}<\/script>\n<!-- \/ Yoast SEO plugin. -->","yoast_head_json":{"title":"Terrenos - Pobill Ecologics","robots":{"index":"index","follow":"follow","max-snippet":"max-snippet:-1","max-image-preview":"max-image-preview:large","max-video-preview":"max-video-preview:-1"},"canonical":"https:\/\/pobillecologics.com\/es\/terrenos\/","og_locale":"es_ES","og_type":"article","og_title":"Terrenos - Pobill Ecologics","og_url":"https:\/\/pobillecologics.com\/es\/terrenos\/","og_site_name":"Pobill Ecologics","article_modified_time":"2022-11-22T15:48:32+00:00","og_image":[{"width":960,"height":539,"url":"https:\/\/pobillecologics.com\/wp-contenido\/uploads\/2022\/02\/beneficios-aceite-oliva-01.jpg","type":"image\/jpeg"}],"twitter_card":"summary_large_image","twitter_misc":{"Tiempo de lectura":"6 minutos"},"schema":{"@context":"https:\/\/schema.org","@graph":[{"@type":"WebPage","@id":"https:\/\/pobillecologics.com\/es\/terrenos\/","url":"https:\/\/pobillecologics.com\/es\/terrenos\/","name":"Terrenos - Pobill Ecologics","isPartOf":{"@id":"https:\/\/pobillecologics.com\/es\/#website"},"datePublished":"2022-02-02T12:11:35+00:00","dateModified":"2022-11-22T15:48:32+00:00","breadcrumb":{"@id":"https:\/\/pobillecologics.com\/es\/terrenos\/#breadcrumb"},"inLanguage":"es","potentialAction":[{"@type":"ReadAction","target":["https:\/\/pobillecologics.com\/es\/terrenos\/"]}]},{"@type":"BreadcrumbList","@id":"https:\/\/pobillecologics.com\/es\/terrenos\/#breadcrumb","itemListElement":[{"@type":"ListItem","position":1,"name":"Portada","item":"https:\/\/pobillecologics.com\/es\/"},{"@type":"ListItem","position":2,"name":"Terrenos"}]},{"@type":"WebSite","@id":"https:\/\/pobillecologics.com\/es\/#website","url":"https:\/\/pobillecologics.com\/es\/","name":"Pobill Ecologics","description":"Pobill Ecologics","potentialAction":[{"@type":"SearchAction","target":{"@type":"EntryPoint","urlTemplate":"https:\/\/pobillecologics.com\/es\/?s={search_term_string}"},"query-input":{"@type":"PropertyValueSpecification","valueRequired":true,"valueName":"search_term_string"}}],"inLanguage":"es"}]}},"_links":{"self":[{"href":"https:\/\/pobillecologics.com\/es\/wp-json\/wp\/v2\/pages\/7179","targetHints":{"allow":["GET"]}}],"collection":[{"href":"https:\/\/pobillecologics.com\/es\/wp-json\/wp\/v2\/pages"}],"about":[{"href":"https:\/\/pobillecologics.com\/es\/wp-json\/wp\/v2\/types\/page"}],"author":[{"embeddable":true,"href":"https:\/\/pobillecologics.com\/es\/wp-json\/wp\/v2\/users\/2"}],"replies":[{"embeddable":true,"href":"https:\/\/pobillecologics.com\/es\/wp-json\/wp\/v2\/comments?post=7179"}],"version-history":[{"count":0,"href":"https:\/\/pobillecologics.com\/es\/wp-json\/wp\/v2\/pages\/7179\/revisions"}],"wp:attachment":[{"href":"https:\/\/pobillecologics.com\/es\/wp-json\/wp\/v2\/media?parent=7179"}],"curies":[{"name":"wp","href":"https:\/\/api.w.org\/{rel}","templated":true}]}}