{"id":7176,"date":"2022-02-02T13:04:59","date_gmt":"2022-02-02T12:04:59","guid":{"rendered":"https:\/\/pobillecologics.com\/?page_id=7176"},"modified":"2024-07-17T00:12:34","modified_gmt":"2024-07-16T23:12:34","slug":"agricultura-ecologica","status":"publish","type":"page","link":"https:\/\/pobillecologics.com\/es\/agricultura-ecologica\/","title":{"rendered":"Agricultura ecol\u00f3gica"},"content":{"rendered":"<div id=\"banner-inicio\" data-vc-full-width=\"true\" data-vc-full-width-init=\"false\" data-vc-stretch-content=\"true\" class=\"vc_row wpb_row vc_row-fluid vc_row-no-padding ovic_custom_6696fe6346c11 vc_custom_1626358020603\"><div class=\"wpb_column vc_column_container vc_col-sm-12 ovic_custom_6696fe6346c13\"><div class=\"vc_column-inner\"><div class=\"wpb_wrapper\">\r\n\t<div  class=\"wpb_single_image wpb_content_element vc_align_center ovic_custom_6696fe6346c14\">\r\n\t\t\r\n\t\t<figure class=\"wpb_wrapper vc_figure\">\r\n\t\t\t<div class=\"vc_single_image-wrapper   vc_box_border_grey\"><img loading=\"lazy\" decoding=\"async\" class=\"vc_single_image-img lazy attachment-full\" src=\"data:image\/svg+xml;charset=utf-8,%3Csvg%20xmlns%3D%27http%3A%2F%2Fwww.w3.org%2F2000%2Fsvg%27%20viewBox%3D%270%200%201990%20874%27%2F%3E\" data-src=\"https:\/\/pobillecologics.com\/wp-contenido\/uploads\/2021\/06\/pobill-ecologic-home-02.png\" width=\"1990\" height=\"874\"  alt=\"Agricultura ecol\u00f3gica\"\/><\/div>\r\n\t\t<\/figure>\r\n\t<\/div>\r\n<\/div><\/div><\/div><\/div><div class=\"vc_row-full-width vc_clearfix\"><\/div><div class=\"vc_row wpb_row vc_row-fluid ovic_custom_6696fe6346c15 vc_custom_1625241339773 vc_custom_1625241339778 vc_custom_1625241339781 vc_custom_1625241339784 vc_custom_1625241339787\"><div class=\"wpb_column vc_column_container vc_col-sm-12\"><div class=\"vc_column-inner\"><div class=\"wpb_wrapper\">\n\t<div class=\"wpb_text_column wpb_content_element titulo-pagina titulo-largo titulo-pagina titulo-largo ovic_custom_6696fe6346c16 vc_custom_1643803392352 \" >\n\t\t<div class=\"wpb_wrapper\">\n\t\t\t<h1><strong>Agricultura ecol\u00f3gica<\/strong><\/h1>\n\n\t\t<\/div>\n\t<\/div>\n\n\t<div class=\"wpb_text_column wpb_content_element ovic_custom_6696fe6346c17 vc_custom_1643803415822 \" >\n\t\t<div class=\"wpb_wrapper\">\n\t\t\t<h2 style=\"text-align: center;\">\u00bfQu\u00e9 es la agricultura ecol\u00f3gica?<\/h2>\n\n\t\t<\/div>\n\t<\/div>\n\n\t<div class=\"wpb_text_column wpb_content_element ovic_custom_6696fe6346c18 vc_custom_1721171548774 vc_custom_1721171548776 vc_custom_1721171548777 vc_custom_1721171548779 vc_custom_1721171548781\" >\n\t\t<div class=\"wpb_wrapper\">\n\t\t\t<p style=\"text-align: justify;\">El Comit\u00e9 de Agricultura Ecol\u00f3gica de la Comunidad Valenciana (CAECV), defiende que la agricultura ecol\u00f3gica o biol\u00f3gica \u201ces un sistema de producci\u00f3n y elaboraci\u00f3n que tiene como objetivo la obtenci\u00f3n de alimentos de alta calidad, libres de residuos y que minimiza el impacto humano sobre el medio ambiente\u201d.<\/p>\n<p style=\"text-align: center;\">Para nosotros la agricultura ecol\u00f3gica es una pasi\u00f3n, la \u00fanica forma posible de devolverle a la naturaleza todo aquello que ella nos da.<\/p>\n<p style=\"text-align: center;\"><strong> Respetar la tierra es respetarnos a nosotros mismos. <\/strong><\/p>\n<p style=\"text-align: center;\"><strong><em> #RespetemosLaTierra <\/em><\/strong><\/p>\n<p style=\"text-align: justify;\">La agricultura ecol\u00f3gica utiliza los recursos naturales de manera \u00f3ptima, contribuye a mantener la biodiversidad vegetal y animal, y apuesta por impulsar el desarrollo local sostenible de nuestra tierra. Esto supone utilizar la naturaleza sin romper su ciclo biol\u00f3gico, extraer de la tierra todo lo que es capaz de darnos sin explotarla con el uso de sustancias contaminantes.<\/p>\n\n\t\t<\/div>\n\t<\/div>\n<\/div><\/div><\/div><\/div><div data-vc-full-width=\"true\" data-vc-full-width-init=\"false\" data-vc-stretch-content=\"true\" class=\"vc_row wpb_row vc_row-fluid vc_row-no-padding ovic_custom_6696fe6346c19 vc_custom_1626358054730\"><div class=\"wpb_column vc_column_container vc_col-sm-12 ovic_custom_6696fe6346c1a\"><div class=\"vc_column-inner\"><div class=\"wpb_wrapper\">\r\n\t<div  class=\"wpb_single_image wpb_content_element vc_align_center ovic_custom_6696fe6346c1b\">\r\n\t\t\r\n\t\t<figure class=\"wpb_wrapper vc_figure\">\r\n\t\t\t<div class=\"vc_single_image-wrapper   vc_box_border_grey\"><img loading=\"lazy\" decoding=\"async\" class=\"vc_single_image-img lazy attachment-full\" src=\"data:image\/svg+xml;charset=utf-8,%3Csvg%20xmlns%3D%27http%3A%2F%2Fwww.w3.org%2F2000%2Fsvg%27%20viewBox%3D%270%200%201990%20874%27%2F%3E\" data-src=\"https:\/\/pobillecologics.com\/wp-contenido\/uploads\/2021\/06\/pobill-ecologic-home-02.png\" width=\"1990\" height=\"874\"  alt=\"Agricultura ecol\u00f3gica\"\/><\/div>\r\n\t\t<\/figure>\r\n\t<\/div>\r\n<\/div><\/div><\/div><\/div><div class=\"vc_row-full-width vc_clearfix\"><\/div><div class=\"vc_row wpb_row vc_row-fluid ovic_custom_6696fe6346c1c vc_custom_1625241339773 vc_custom_1625241339778 vc_custom_1625241339781 vc_custom_1625241339784 vc_custom_1625241339787\"><div class=\"wpb_column vc_column_container vc_col-sm-12\"><div class=\"vc_column-inner\"><div class=\"wpb_wrapper\">\n\t<div class=\"wpb_text_column wpb_content_element ovic_custom_6696fe6346c1d vc_custom_1643803485616 \" >\n\t\t<div class=\"wpb_wrapper\">\n\t\t\t<h2 style=\"text-align: center;\">\u00bfQui\u00e9n regula la agricultura ecol\u00f3gica?<\/h2>\n\n\t\t<\/div>\n\t<\/div>\n\n\t<div class=\"wpb_text_column wpb_content_element texto-justificado texto-justificado ovic_custom_6696fe6346c1e vc_custom_1721171472016 vc_custom_1721171472019 vc_custom_1721171472020 vc_custom_1721171472022 vc_custom_1721171472023\" >\n\t\t<div class=\"wpb_wrapper\">\n\t\t\t<p>EL CAECV (Comit\u00e9 de Agricultura Ecol\u00f3gica de la Comunidad Valenciana) es la autoridad de control encargada de certificar los productos agroalimentarios ecol\u00f3gicos de origen vegetal y animal. El c\u00f3digo de Autoridad del CAECV es el ES-ECO-020-CV.<\/p>\n<p>Cabe destacar que cada comunidad aut\u00f3noma del territorio espa\u00f1ol tiene su propio organismo. En la Comunidad Valenciana, el responsable es el CAECV..<\/p>\n\n\t\t<\/div>\n\t<\/div>\n<\/div><\/div><\/div><\/div>\n","protected":false},"excerpt":{"rendered":"Agricultura ecol\u00f3gica \u00bfQu\u00e9 es la agricultura ecol\u00f3gica? El Comit\u00e9 de Agricultura Ecol\u00f3gica de la Comunidad Valenciana (CAECV), defiende que la agricultura ecol\u00f3gica o biol\u00f3gica \u201ces un sistema de producci\u00f3n y elaboraci\u00f3n que tiene como objetivo la obtenci\u00f3n de alimentos de alta calidad, libres de residuos y que minimiza el impacto humano sobre el medio ambiente\u201d. [...]","protected":false},"author":2,"featured_media":0,"parent":0,"menu_order":0,"comment_status":"open","ping_status":"open","template":"templates\/fullwidth.php","meta":{"footnotes":""},"class_list":["post-7176","page","type-page","status-publish","hentry"],"yoast_head":"<!-- This site is optimized with the Yoast SEO plugin v27.4 - https:\/\/yoast.com\/product\/yoast-seo-wordpress\/ -->\n<title>Agricultura ecol\u00f3gica - Pobill Ecologics<\/title>\n<meta name=\"robots\" content=\"index, follow, max-snippet:-1, max-image-preview:large, max-video-preview:-1\" \/>\n<link rel=\"canonical\" href=\"https:\/\/pobillecologics.com\/es\/agricultura-ecologica\/\" \/>\n<meta property=\"og:locale\" content=\"es_ES\" \/>\n<meta property=\"og:type\" content=\"article\" \/>\n<meta property=\"og:title\" content=\"Agricultura ecol\u00f3gica - Pobill Ecologics\" \/>\n<meta property=\"og:url\" content=\"https:\/\/pobillecologics.com\/es\/agricultura-ecologica\/\" \/>\n<meta property=\"og:site_name\" content=\"Pobill Ecologics\" \/>\n<meta property=\"article:modified_time\" content=\"2024-07-16T23:12:34+00:00\" \/>\n<meta property=\"og:image\" content=\"https:\/\/pobillecologics.com\/wp-contenido\/uploads\/2022\/02\/beneficios-aceite-oliva-01.jpg\" \/>\n\t<meta property=\"og:image:width\" content=\"960\" \/>\n\t<meta property=\"og:image:height\" content=\"539\" \/>\n\t<meta property=\"og:image:type\" content=\"image\/jpeg\" \/>\n<meta name=\"twitter:card\" content=\"summary_large_image\" \/>\n<meta name=\"twitter:label1\" content=\"Tiempo de lectura\" \/>\n\t<meta name=\"twitter:data1\" content=\"2 minutos\" \/>\n<script type=\"application\/ld+json\" class=\"yoast-schema-graph\">{\"@context\":\"https:\\\/\\\/schema.org\",\"@graph\":[{\"@type\":\"WebPage\",\"@id\":\"https:\\\/\\\/pobillecologics.com\\\/es\\\/agricultura-ecologica\\\/\",\"url\":\"https:\\\/\\\/pobillecologics.com\\\/es\\\/agricultura-ecologica\\\/\",\"name\":\"Agricultura ecol\u00f3gica - Pobill Ecologics\",\"isPartOf\":{\"@id\":\"https:\\\/\\\/pobillecologics.com\\\/es\\\/#website\"},\"datePublished\":\"2022-02-02T12:04:59+00:00\",\"dateModified\":\"2024-07-16T23:12:34+00:00\",\"breadcrumb\":{\"@id\":\"https:\\\/\\\/pobillecologics.com\\\/es\\\/agricultura-ecologica\\\/#breadcrumb\"},\"inLanguage\":\"es\",\"potentialAction\":[{\"@type\":\"ReadAction\",\"target\":[\"https:\\\/\\\/pobillecologics.com\\\/es\\\/agricultura-ecologica\\\/\"]}]},{\"@type\":\"BreadcrumbList\",\"@id\":\"https:\\\/\\\/pobillecologics.com\\\/es\\\/agricultura-ecologica\\\/#breadcrumb\",\"itemListElement\":[{\"@type\":\"ListItem\",\"position\":1,\"name\":\"Portada\",\"item\":\"https:\\\/\\\/pobillecologics.com\\\/es\\\/\"},{\"@type\":\"ListItem\",\"position\":2,\"name\":\"Agricultura ecol\u00f3gica\"}]},{\"@type\":\"WebSite\",\"@id\":\"https:\\\/\\\/pobillecologics.com\\\/es\\\/#website\",\"url\":\"https:\\\/\\\/pobillecologics.com\\\/es\\\/\",\"name\":\"Pobill Ecologics\",\"description\":\"Pobill Ecologics\",\"potentialAction\":[{\"@type\":\"SearchAction\",\"target\":{\"@type\":\"EntryPoint\",\"urlTemplate\":\"https:\\\/\\\/pobillecologics.com\\\/es\\\/?s={search_term_string}\"},\"query-input\":{\"@type\":\"PropertyValueSpecification\",\"valueRequired\":true,\"valueName\":\"search_term_string\"}}],\"inLanguage\":\"es\"}]}<\/script>\n<!-- \/ Yoast SEO plugin. -->","yoast_head_json":{"title":"Agricultura ecol\u00f3gica - Pobill Ecologics","robots":{"index":"index","follow":"follow","max-snippet":"max-snippet:-1","max-image-preview":"max-image-preview:large","max-video-preview":"max-video-preview:-1"},"canonical":"https:\/\/pobillecologics.com\/es\/agricultura-ecologica\/","og_locale":"es_ES","og_type":"article","og_title":"Agricultura ecol\u00f3gica - Pobill Ecologics","og_url":"https:\/\/pobillecologics.com\/es\/agricultura-ecologica\/","og_site_name":"Pobill Ecologics","article_modified_time":"2024-07-16T23:12:34+00:00","og_image":[{"width":960,"height":539,"url":"https:\/\/pobillecologics.com\/wp-contenido\/uploads\/2022\/02\/beneficios-aceite-oliva-01.jpg","type":"image\/jpeg"}],"twitter_card":"summary_large_image","twitter_misc":{"Tiempo de lectura":"2 minutos"},"schema":{"@context":"https:\/\/schema.org","@graph":[{"@type":"WebPage","@id":"https:\/\/pobillecologics.com\/es\/agricultura-ecologica\/","url":"https:\/\/pobillecologics.com\/es\/agricultura-ecologica\/","name":"Agricultura ecol\u00f3gica - Pobill Ecologics","isPartOf":{"@id":"https:\/\/pobillecologics.com\/es\/#website"},"datePublished":"2022-02-02T12:04:59+00:00","dateModified":"2024-07-16T23:12:34+00:00","breadcrumb":{"@id":"https:\/\/pobillecologics.com\/es\/agricultura-ecologica\/#breadcrumb"},"inLanguage":"es","potentialAction":[{"@type":"ReadAction","target":["https:\/\/pobillecologics.com\/es\/agricultura-ecologica\/"]}]},{"@type":"BreadcrumbList","@id":"https:\/\/pobillecologics.com\/es\/agricultura-ecologica\/#breadcrumb","itemListElement":[{"@type":"ListItem","position":1,"name":"Portada","item":"https:\/\/pobillecologics.com\/es\/"},{"@type":"ListItem","position":2,"name":"Agricultura ecol\u00f3gica"}]},{"@type":"WebSite","@id":"https:\/\/pobillecologics.com\/es\/#website","url":"https:\/\/pobillecologics.com\/es\/","name":"Pobill Ecologics","description":"Pobill Ecologics","potentialAction":[{"@type":"SearchAction","target":{"@type":"EntryPoint","urlTemplate":"https:\/\/pobillecologics.com\/es\/?s={search_term_string}"},"query-input":{"@type":"PropertyValueSpecification","valueRequired":true,"valueName":"search_term_string"}}],"inLanguage":"es"}]}},"_links":{"self":[{"href":"https:\/\/pobillecologics.com\/es\/wp-json\/wp\/v2\/pages\/7176","targetHints":{"allow":["GET"]}}],"collection":[{"href":"https:\/\/pobillecologics.com\/es\/wp-json\/wp\/v2\/pages"}],"about":[{"href":"https:\/\/pobillecologics.com\/es\/wp-json\/wp\/v2\/types\/page"}],"author":[{"embeddable":true,"href":"https:\/\/pobillecologics.com\/es\/wp-json\/wp\/v2\/users\/2"}],"replies":[{"embeddable":true,"href":"https:\/\/pobillecologics.com\/es\/wp-json\/wp\/v2\/comments?post=7176"}],"version-history":[{"count":0,"href":"https:\/\/pobillecologics.com\/es\/wp-json\/wp\/v2\/pages\/7176\/revisions"}],"wp:attachment":[{"href":"https:\/\/pobillecologics.com\/es\/wp-json\/wp\/v2\/media?parent=7176"}],"curies":[{"name":"wp","href":"https:\/\/api.w.org\/{rel}","templated":true}]}}