{"id":7162,"date":"2022-02-02T12:53:06","date_gmt":"2022-02-02T11:53:06","guid":{"rendered":"https:\/\/pobillecologics.com\/?page_id=7162"},"modified":"2024-03-07T10:47:23","modified_gmt":"2024-03-07T09:47:23","slug":"contacto","status":"publish","type":"page","link":"https:\/\/pobillecologics.com\/es\/contacto\/","title":{"rendered":"Contacto"},"content":{"rendered":"<div id=\"banner-inicio\" data-vc-full-width=\"true\" data-vc-full-width-init=\"false\" data-vc-stretch-content=\"true\" class=\"vc_row wpb_row vc_row-fluid vc_row-no-padding ovic_custom_65e98d2c9b52e vc_custom_1625472345240\"><div class=\"wpb_column vc_column_container vc_col-sm-12 ovic_custom_65e98d2c9b53e\"><div class=\"vc_column-inner\"><div class=\"wpb_wrapper\">\r\n\t<div  class=\"wpb_single_image wpb_content_element vc_align_center ovic_custom_65e98d2c9b540\">\r\n\t\t\r\n\t\t<figure class=\"wpb_wrapper vc_figure\">\r\n\t\t\t<div class=\"vc_single_image-wrapper   vc_box_border_grey\"><img loading=\"lazy\" decoding=\"async\" class=\"vc_single_image-img lazy attachment-full\" src=\"data:image\/svg+xml;charset=utf-8,%3Csvg%20xmlns%3D%27http%3A%2F%2Fwww.w3.org%2F2000%2Fsvg%27%20viewBox%3D%270%200%201990%20874%27%2F%3E\" data-src=\"https:\/\/pobillecologics.com\/wp-contenido\/uploads\/2021\/06\/pobill-ecologic-home-02.png\" width=\"1990\" height=\"874\"  alt=\"Contacto\"\/><\/div>\r\n\t\t<\/figure>\r\n\t<\/div>\r\n<\/div><\/div><\/div><\/div><div class=\"vc_row-full-width vc_clearfix\"><\/div><div class=\"vc_row wpb_row vc_row-fluid ovic_custom_65e98d2c9b541 vc_custom_1625581460488 vc_custom_1625581460491 vc_custom_1625581460495 vc_custom_1625581460498 vc_custom_1625581460501\"><div class=\"wpb_column vc_column_container vc_col-sm-12\"><div class=\"vc_column-inner\"><div class=\"wpb_wrapper\">\n\t<div class=\"wpb_text_column wpb_content_element titulo-pagina titulo-pagina ovic_custom_65e98d2c9b542 vc_custom_1643802708128 \" >\n\t\t<div class=\"wpb_wrapper\">\n\t\t\t<h1><strong>Contacto<\/strong><\/h1>\n\n\t\t<\/div>\n\t<\/div>\n<\/div><\/div><\/div><\/div><div class=\"vc_row wpb_row vc_row-fluid ovic_custom_65e98d2c9b543\"><div class=\"wpb_column vc_column_container vc_col-sm-6 ovic_custom_65e98d2c9b544 vc_custom_1625581627869 vc_custom_1625581627872\"><div class=\"vc_column-inner\"><div class=\"wpb_wrapper\"><div style=\"font-size: 30px;color: #222222;text-align: left;font-family:Cairo;font-weight:700;font-style:normal\" class=\"vc_custom_heading ovic_custom_65e98d2c9b545 vc_custom_1643802723655\" >Datos de contacto<\/div><div style=\"font-size: 15px;color: #666666;text-align: left;font-family:Cairo;font-weight:400;font-style:normal\" class=\"vc_custom_heading ovic_custom_65e98d2c9b546 vc_custom_1643802760319\" ><strong>Direcci\u00f3n:<\/strong> Constituci\u00f3 20, 12589 C\u00e0lig, Castell\u00f3<\/div><div style=\"font-size: 15px;color: #666666;text-align: left;font-family:Cairo;font-weight:400;font-style:normal\" class=\"vc_custom_heading ovic_custom_65e98d2c9b547 vc_custom_1643802770578\" ><a href=\"tel:670090074\"><strong>Tel\u00e9fono:<\/strong> 670 09 00 74<\/a><\/div><div style=\"font-size: 15px;color: #666666;text-align: left;font-family:Cairo;font-weight:400;font-style:normal\" class=\"vc_custom_heading ovic_custom_65e98d2c9b549 vc_custom_1709804836555\" ><a href=\"mailto:info@pobillecologics.com\"><strong>Email: <\/strong> info@pobillecologics.com<\/a><\/div>            <div class=\"ovic-socials widget-socials  ovic_custom_65e98d2c9b54a \">\n                <div class=\"content-socials\">\n\t\t\t\t\t                        <ul class=\"socials-list\">\n\t\t\t\t\t\t\t\t\t\t\t\t\t\t\t                                    <li>\n                                        <a href=\"https:\/\/www.facebook.com\/PobillEcologics\/\">\n                                            <span class=\"fa fa-facebook\"><\/span>\n\t\t\t\t\t\t\t\t\t\t\tfacebook                                        <\/a>\n                                    <\/li>\n\t\t\t\t\t\t\t\t\t\t\t\t\t\t\t\t\t\t\t\t\t\t\t                                    <li>\n                                        <a href=\"https:\/\/www.instagram.com\/pobillecologics\/\">\n                                            <span class=\"fa fa-instagram\"><\/span>\n\t\t\t\t\t\t\t\t\t\t\tInstagram                                        <\/a>\n                                    <\/li>\n\t\t\t\t\t\t\t\t\t\t\t\t\t\t\t                        <\/ul>\n\t\t\t\t\t                <\/div>\n            <\/div>\n\t\t\t<\/div><\/div><\/div><div class=\"wpb_column vc_column_container vc_col-sm-6 ovic_custom_65e98d2c9b54b\"><div class=\"vc_column-inner\"><div class=\"wpb_wrapper\"><div style=\"font-size: 30px;color: #222222;text-align: left;font-family:Cairo;font-weight:700;font-style:normal\" class=\"vc_custom_heading ovic_custom_65e98d2c9b54c vc_custom_1643802735972\" >Formulario de contacto<\/div>\n<div class=\"wpcf7 no-js\" id=\"wpcf7-f7011-o1\" lang=\"es-ES\" dir=\"ltr\" data-wpcf7-id=\"7011\">\n<div class=\"screen-reader-response\"><p role=\"status\" aria-live=\"polite\" aria-atomic=\"true\"><\/p> <ul><\/ul><\/div>\n<form action=\"\/es\/wp-json\/wp\/v2\/pages\/7162#wpcf7-f7011-o1\" method=\"post\" class=\"wpcf7-form init\" aria-label=\"Formulario de contacto\" novalidate=\"novalidate\" data-status=\"init\">\n<fieldset class=\"hidden-fields-container\"><input type=\"hidden\" name=\"_wpcf7\" value=\"7011\" \/><input type=\"hidden\" name=\"_wpcf7_version\" value=\"6.1.5\" \/><input type=\"hidden\" name=\"_wpcf7_locale\" value=\"es_ES\" \/><input type=\"hidden\" name=\"_wpcf7_unit_tag\" value=\"wpcf7-f7011-o1\" \/><input type=\"hidden\" name=\"_wpcf7_container_post\" value=\"0\" \/><input type=\"hidden\" name=\"_wpcf7_posted_data_hash\" value=\"\" \/>\n<\/fieldset>\n<p><label><br \/>\n<span class=\"wpcf7-form-control-wrap\" data-name=\"your-name\"><input size=\"40\" maxlength=\"400\" class=\"wpcf7-form-control wpcf7-text wpcf7-validates-as-required\" aria-required=\"true\" aria-invalid=\"false\" placeholder=\"Nombre\" value=\"\" type=\"text\" name=\"your-name\" \/><\/span> <\/label>\n<\/p>\n<p><label><br \/>\n<span class=\"wpcf7-form-control-wrap\" data-name=\"your-email\"><input size=\"40\" maxlength=\"400\" class=\"wpcf7-form-control wpcf7-email wpcf7-validates-as-required wpcf7-text wpcf7-validates-as-email\" aria-required=\"true\" aria-invalid=\"false\" placeholder=\"Email\" value=\"\" type=\"email\" name=\"your-email\" \/><\/span> <\/label>\n<\/p>\n<p><label><br \/>\n<span class=\"wpcf7-form-control-wrap\" data-name=\"your-phone\"><input size=\"40\" maxlength=\"400\" class=\"wpcf7-form-control wpcf7-text wpcf7-validates-as-required\" aria-required=\"true\" aria-invalid=\"false\" placeholder=\"Tel\u00e9fono\" value=\"\" type=\"text\" name=\"your-phone\" \/><\/span> <\/label>\n<\/p>\n<p><label><br \/>\n<span class=\"wpcf7-form-control-wrap\" data-name=\"your-message\"><textarea cols=\"40\" rows=\"10\" maxlength=\"2000\" class=\"wpcf7-form-control wpcf7-textarea\" aria-invalid=\"false\" placeholder=\"Mensaje\" name=\"your-message\"><\/textarea><\/span> <\/label>\n<\/p>\n<p class=\"legal\"><span class=\"wpcf7-form-control-wrap\" data-name=\"legal\"><span class=\"wpcf7-form-control wpcf7-checkbox wpcf7-validates-as-required\"><span class=\"wpcf7-list-item first last\"><input type=\"checkbox\" name=\"legal[]\" value=\"\" \/><span class=\"wpcf7-list-item-label\"><\/span><\/span><\/span><\/span> He le\u00eddo y accepto la <a href='http:\/\/pobillecologics.com\/es\/politica-de-privacidad'>pol\u00edtica de privacidad<\/a>.\n<\/p>\n<p><input class=\"wpcf7-form-control wpcf7-submit has-spinner\" type=\"submit\" value=\"ENVIAR MENSAJE\" \/>\n<\/p><p style=\"display: none !important;\" class=\"akismet-fields-container\" data-prefix=\"_wpcf7_ak_\"><label>&#916;<textarea name=\"_wpcf7_ak_hp_textarea\" cols=\"45\" rows=\"8\" maxlength=\"100\"><\/textarea><\/label><input type=\"hidden\" id=\"ak_js_1\" name=\"_wpcf7_ak_js\" value=\"161\"\/><script>document.getElementById( \"ak_js_1\" ).setAttribute( \"value\", ( new Date() ).getTime() );<\/script><\/p><div class=\"wpcf7-response-output\" aria-hidden=\"true\"><\/div>\n<\/form>\n<\/div>\n<\/div><\/div><\/div><\/div><div data-vc-full-width=\"true\" data-vc-full-width-init=\"false\" data-vc-stretch-content=\"true\" class=\"vc_row wpb_row vc_row-fluid vc_row-no-padding ovic_custom_65e98d2c9b54e vc_custom_1625581744916 vc_custom_1625581744921 vc_custom_1625581744924 vc_custom_1625581744928 vc_custom_1625581744932\"><div class=\"wpb_column vc_column_container vc_col-sm-12\"><div class=\"vc_column-inner\"><div class=\"wpb_wrapper\">            <div class=\"ovic-google-maps  ovic_custom_65e98d2c9b54f \"\n                 id=\"az-google-maps-69ec916858cca\"\n                 style=\"min-height: 580px\">\n            <\/div>\n            <script type=\"text\/javascript\">\n                window.addEventListener('load',\n                    function (ev) {\n                        if ( typeof google === 'object' && typeof google.maps === 'object' ) {\n                            var $hue             = '',\n                                $saturation      = '',\n                                $modify_coloring = false,\n                                $ovic_map        = {\n                                    lat: 40.462480,\n                                    lng: 0.356793                                };\n                            if ( $modify_coloring === true ) {\n                                var $styles = [\n                                    {\n                                        stylers: [\n                                            {hue: $hue},\n                                            {invert_lightness: false},\n                                            {saturation: $saturation},\n                                            {lightness: 1},\n                                            {\n                                                featureType: \"landscape.man_made\",\n                                                stylers: [ {\n                                                    visibility: \"on\"\n                                                } ]\n                                            }\n                                        ]\n                                    }, {\n                                        featureType: 'water',\n                                        elementType: 'geometry',\n                                        stylers: [\n                                            {color: '#46bcec'}\n                                        ]\n                                    }\n                                ];\n                            }\n                            var map = new google.maps.Map(document.getElementById(\"az-google-maps-69ec916858cca\"), {\n                                zoom: 12,\n                                center: $ovic_map,\n                                mapTypeId: google.maps.MapTypeId.ROADMAP,\n                                styles: $styles\n                            });\n\n                            var contentString = '<div style=\"background-color:#fff; padding: 30px 30px 10px 25px; width:290px;line-height: 22px\" class=\"ovic-map-info\">' +\n                                '<h4 class=\"map-title\">POBILL ECOL\u00d2GICS, CB<\/h4>' +\n                                '<div class=\"map-field\"><i class=\"fa fa-map-marker\"><\/i><span>Constituci\u00f3, 20 12589 C\u00e0lig, Castell\u00f3<\/span><\/div>' +\n                                '<div class=\"map-field\"><i class=\"fa fa-phone\"><\/i><span><a href=\"tel:670090074\">670090074<\/a><\/span><\/div>' +\n                                '<div class=\"map-field\"><i class=\"fa fa-envelope\"><\/i><span><a href=\"mailto:info@pobillecol\u00f2gics.com\">info@pobillecol\u00f2gics.com<\/a><\/span><\/div> ' +\n                                '<\/div>';\n\n                            var infowindow = new google.maps.InfoWindow({\n                                content: contentString\n                            });\n\n                            var marker = new google.maps.Marker({\n                                position: $ovic_map,\n                                map: map\n                            });\n                            marker.addListener('click', function () {\n                                infowindow.open(map, marker);\n                            });\n                        }\n                    }, false);\n            <\/script>\n\t\t\t<\/div><\/div><\/div><\/div><div class=\"vc_row-full-width vc_clearfix\"><\/div>\n","protected":false},"excerpt":{"rendered":"Contacto Datos de contactoDirecci\u00f3n: Constituci\u00f3 20, 12589 C\u00e0lig, Castell\u00f3Tel\u00e9fono: 670 09 00 74Email: info@pobillecologics.com facebook Instagram Formulario de contacto He le\u00eddo y accepto la pol\u00edtica de privacidad. &#916;","protected":false},"author":2,"featured_media":0,"parent":0,"menu_order":0,"comment_status":"closed","ping_status":"closed","template":"templates\/fullwidth.php","meta":{"footnotes":""},"class_list":["post-7162","page","type-page","status-publish","hentry"],"yoast_head":"<!-- This site is optimized with the Yoast SEO plugin v27.4 - https:\/\/yoast.com\/product\/yoast-seo-wordpress\/ -->\n<title>Contacto - Pobill Ecologics<\/title>\n<meta name=\"robots\" content=\"index, follow, max-snippet:-1, max-image-preview:large, max-video-preview:-1\" \/>\n<link rel=\"canonical\" href=\"https:\/\/pobillecologics.com\/es\/contacto\/\" \/>\n<meta property=\"og:locale\" content=\"es_ES\" \/>\n<meta property=\"og:type\" content=\"article\" \/>\n<meta property=\"og:title\" content=\"Contacto - Pobill Ecologics\" \/>\n<meta property=\"og:url\" content=\"https:\/\/pobillecologics.com\/es\/contacto\/\" \/>\n<meta property=\"og:site_name\" content=\"Pobill Ecologics\" \/>\n<meta property=\"article:modified_time\" content=\"2024-03-07T09:47:23+00:00\" \/>\n<meta property=\"og:image\" content=\"https:\/\/pobillecologics.com\/wp-contenido\/uploads\/2022\/02\/beneficios-aceite-oliva-01.jpg\" \/>\n\t<meta property=\"og:image:width\" content=\"960\" \/>\n\t<meta property=\"og:image:height\" content=\"539\" \/>\n\t<meta property=\"og:image:type\" content=\"image\/jpeg\" \/>\n<meta name=\"twitter:card\" content=\"summary_large_image\" \/>\n<meta name=\"twitter:label1\" content=\"Tiempo de lectura\" \/>\n\t<meta name=\"twitter:data1\" content=\"1 minuto\" \/>\n<script type=\"application\/ld+json\" class=\"yoast-schema-graph\">{\"@context\":\"https:\\\/\\\/schema.org\",\"@graph\":[{\"@type\":\"WebPage\",\"@id\":\"https:\\\/\\\/pobillecologics.com\\\/es\\\/contacto\\\/\",\"url\":\"https:\\\/\\\/pobillecologics.com\\\/es\\\/contacto\\\/\",\"name\":\"Contacto - Pobill Ecologics\",\"isPartOf\":{\"@id\":\"https:\\\/\\\/pobillecologics.com\\\/es\\\/#website\"},\"datePublished\":\"2022-02-02T11:53:06+00:00\",\"dateModified\":\"2024-03-07T09:47:23+00:00\",\"breadcrumb\":{\"@id\":\"https:\\\/\\\/pobillecologics.com\\\/es\\\/contacto\\\/#breadcrumb\"},\"inLanguage\":\"es\",\"potentialAction\":[{\"@type\":\"ReadAction\",\"target\":[\"https:\\\/\\\/pobillecologics.com\\\/es\\\/contacto\\\/\"]}]},{\"@type\":\"BreadcrumbList\",\"@id\":\"https:\\\/\\\/pobillecologics.com\\\/es\\\/contacto\\\/#breadcrumb\",\"itemListElement\":[{\"@type\":\"ListItem\",\"position\":1,\"name\":\"Portada\",\"item\":\"https:\\\/\\\/pobillecologics.com\\\/es\\\/\"},{\"@type\":\"ListItem\",\"position\":2,\"name\":\"Contacto\"}]},{\"@type\":\"WebSite\",\"@id\":\"https:\\\/\\\/pobillecologics.com\\\/es\\\/#website\",\"url\":\"https:\\\/\\\/pobillecologics.com\\\/es\\\/\",\"name\":\"Pobill Ecologics\",\"description\":\"Pobill Ecologics\",\"potentialAction\":[{\"@type\":\"SearchAction\",\"target\":{\"@type\":\"EntryPoint\",\"urlTemplate\":\"https:\\\/\\\/pobillecologics.com\\\/es\\\/?s={search_term_string}\"},\"query-input\":{\"@type\":\"PropertyValueSpecification\",\"valueRequired\":true,\"valueName\":\"search_term_string\"}}],\"inLanguage\":\"es\"}]}<\/script>\n<!-- \/ Yoast SEO plugin. -->","yoast_head_json":{"title":"Contacto - Pobill Ecologics","robots":{"index":"index","follow":"follow","max-snippet":"max-snippet:-1","max-image-preview":"max-image-preview:large","max-video-preview":"max-video-preview:-1"},"canonical":"https:\/\/pobillecologics.com\/es\/contacto\/","og_locale":"es_ES","og_type":"article","og_title":"Contacto - Pobill Ecologics","og_url":"https:\/\/pobillecologics.com\/es\/contacto\/","og_site_name":"Pobill Ecologics","article_modified_time":"2024-03-07T09:47:23+00:00","og_image":[{"width":960,"height":539,"url":"https:\/\/pobillecologics.com\/wp-contenido\/uploads\/2022\/02\/beneficios-aceite-oliva-01.jpg","type":"image\/jpeg"}],"twitter_card":"summary_large_image","twitter_misc":{"Tiempo de lectura":"1 minuto"},"schema":{"@context":"https:\/\/schema.org","@graph":[{"@type":"WebPage","@id":"https:\/\/pobillecologics.com\/es\/contacto\/","url":"https:\/\/pobillecologics.com\/es\/contacto\/","name":"Contacto - Pobill Ecologics","isPartOf":{"@id":"https:\/\/pobillecologics.com\/es\/#website"},"datePublished":"2022-02-02T11:53:06+00:00","dateModified":"2024-03-07T09:47:23+00:00","breadcrumb":{"@id":"https:\/\/pobillecologics.com\/es\/contacto\/#breadcrumb"},"inLanguage":"es","potentialAction":[{"@type":"ReadAction","target":["https:\/\/pobillecologics.com\/es\/contacto\/"]}]},{"@type":"BreadcrumbList","@id":"https:\/\/pobillecologics.com\/es\/contacto\/#breadcrumb","itemListElement":[{"@type":"ListItem","position":1,"name":"Portada","item":"https:\/\/pobillecologics.com\/es\/"},{"@type":"ListItem","position":2,"name":"Contacto"}]},{"@type":"WebSite","@id":"https:\/\/pobillecologics.com\/es\/#website","url":"https:\/\/pobillecologics.com\/es\/","name":"Pobill Ecologics","description":"Pobill Ecologics","potentialAction":[{"@type":"SearchAction","target":{"@type":"EntryPoint","urlTemplate":"https:\/\/pobillecologics.com\/es\/?s={search_term_string}"},"query-input":{"@type":"PropertyValueSpecification","valueRequired":true,"valueName":"search_term_string"}}],"inLanguage":"es"}]}},"_links":{"self":[{"href":"https:\/\/pobillecologics.com\/es\/wp-json\/wp\/v2\/pages\/7162","targetHints":{"allow":["GET"]}}],"collection":[{"href":"https:\/\/pobillecologics.com\/es\/wp-json\/wp\/v2\/pages"}],"about":[{"href":"https:\/\/pobillecologics.com\/es\/wp-json\/wp\/v2\/types\/page"}],"author":[{"embeddable":true,"href":"https:\/\/pobillecologics.com\/es\/wp-json\/wp\/v2\/users\/2"}],"replies":[{"embeddable":true,"href":"https:\/\/pobillecologics.com\/es\/wp-json\/wp\/v2\/comments?post=7162"}],"version-history":[{"count":0,"href":"https:\/\/pobillecologics.com\/es\/wp-json\/wp\/v2\/pages\/7162\/revisions"}],"wp:attachment":[{"href":"https:\/\/pobillecologics.com\/es\/wp-json\/wp\/v2\/media?parent=7162"}],"curies":[{"name":"wp","href":"https:\/\/api.w.org\/{rel}","templated":true}]}}