{"id":7151,"date":"2022-02-02T12:40:36","date_gmt":"2022-02-02T11:40:36","guid":{"rendered":"https:\/\/pobillecologics.com\/?page_id=7151"},"modified":"2022-02-02T12:43:56","modified_gmt":"2022-02-02T11:43:56","slug":"terminos-y-condiciones-de-uso","status":"publish","type":"page","link":"https:\/\/pobillecologics.com\/es\/terminos-y-condiciones-de-uso\/","title":{"rendered":"T\u00e9rminos y condiciones de uso"},"content":{"rendered":"<div class=\"vc_row wpb_row vc_row-fluid ovic_custom_61fa6e7c6b8b8 vc_custom_1643802213259 vc_custom_1643802213263 vc_custom_1643802213265 vc_custom_1643802213267 vc_custom_1643802213269\"><div class=\"wpb_column vc_column_container vc_col-sm-12\"><div class=\"vc_column-inner\"><div class=\"wpb_wrapper\">\n\t<div class=\"wpb_text_column wpb_content_element texto-justificado texto-justificado ovic_custom_61fa6e7c6b8ba \" >\n\t\t<div class=\"wpb_wrapper\">\n\t\t\t<h1>T\u00e9rminos y condiciones de uso<\/h1>\n<h3>Datos de identificaci\u00f3n<\/h3>\n<ul>\n<li>Dominio en internet: https:\/\/pobillecologics.com\/<\/li>\n<li>Raz\u00f3n social: Pobill Ecologics, S.L.U.<\/li>\n<li>CIF: B44921153<\/li>\n<li>Domicilio: Constituci\u00f3 20, 12589 C\u00e0lig, Castell\u00f3<\/li>\n<li>Correo electr\u00f3nico: info@pobillecologics.com<\/li>\n<li>Tel\u00e9fono: 670 090 074<\/li>\n<\/ul>\n<h3>Objeto<\/h3>\n<p>El objeto de LA WEB es la venta de productos para el consumo. El proveedor de los productos o servicios contratados por EL USUARIO es LA EMPRESA. Si desea contactar con nosotros puede hacerlo a trav\u00e9s de los siguientes medios:<\/p>\n<ol>\n<li>Empleando el formulario ubicado en la secci\u00f3n \u201cContacto\u201d.<\/li>\n<li>Mediante correo postal, en la direcci\u00f3n indicada anteriormente.<\/li>\n<li>A trav\u00e9s del correo electr\u00f3nico a la direcci\u00f3n info@pobillecologics.com.<\/li>\n<\/ol>\n<p>El acceso a la p\u00e1gina web es gratuito salvo en lo relativo al coste de la conexi\u00f3n a trav\u00e9s de la red de telecomunicaciones suministrada por el proveedor de acceso contratado por EL USUARIO.<\/p>\n<h3>Condiciones generales de contrataci\u00f3n<\/h3>\n<p><strong>PRECIOS<\/strong>: Los precios indicados junto a cada producto llevan los impuestos aplicables incluidos (IVA incluido). Los precios aparecen reflejados en euros. y son v\u00e1lidos para Pen\u00ednsula y Baleares. Los precios no incluyen los gastos de env\u00edo ni de reembolso. El precio de los productos ser\u00e1 el que se estipule en cada momento en nuestro sitio web, salvo en caso de error manifiesto.<\/p>\n<p>LA EMPRESA se reserva en todo momento y unilateralmente el derecho a la modificaci\u00f3n del precio y\/o caracter\u00edsticas de los productos ofertados a trav\u00e9s de su p\u00e1gina web. Para garantizar al cliente la certeza y seguridad del precio y\/o caracter\u00edsticas de sus productos, \u00e9stos ser\u00e1n los vigentes en el momento de formalizar el pedido. En la informaci\u00f3n de confirmaci\u00f3n de pedido, con car\u00e1cter previo a que el comprador acepte la operaci\u00f3n, se especifican claramente los precios de cada uno de los art\u00edculos elegidos y las promociones o descuentos que, en su caso, sean de aplicaci\u00f3n.<\/p>\n<p><strong>INFORMACI\u00d3N PREVIA AL PROCESO DE COMPRA DE PRODUCTOS POR PARTE DEL CLIENTE: <\/strong> EL CLIENTE debe seleccionar los productos que desea adquirir y pulsar la opci\u00f3n \u201cA\u00f1adir al carrito\u201d. \u00c9stos se a\u00f1adir\u00e1n al carrito de compra ubicado en la parte superior derecha de la web. Una vez seleccionados los productos, para proseguir con el proceso de compra, EL CLIENTE deber\u00e1 seleccionar el carrito de la compra y pulsar en \u201cFinalizar compra\u201d. En el siguiente paso aparecer\u00e1 la informaci\u00f3n que resume el pedido y el formulario de facturaci\u00f3n y env\u00edo, a trav\u00e9s de su cuenta de cliente, pudiendo incluir una direcci\u00f3n de env\u00edo diferente. El documento de compra quedar\u00e1 disponible una vez se efect\u00fae la compra en el email del usuario que haya ejecutado la compra. A la hora de introducir los datos en el formulario de compra, se utilizan t\u00e9cnicas inform\u00e1ticas de validaci\u00f3n para la introducci\u00f3n correcta de datos.<\/p>\n<p><strong>INFORMACI\u00d3N POSTERIOR AL PROCESO DE COMPRA DE PRODUCTOS POR PARTE DEL CLIENTE:<\/strong> Tras la finalizaci\u00f3n de la compra, EL CLIENTE recibir\u00e1 un correo electr\u00f3nico con el resumen de su compra y n\u00famero de pedido. Del mismo modo, el documento de compra quedar\u00e1 disponible en el sistema inform\u00e1tico de gesti\u00f3n de pedidos de la web.<\/p>\n<p><strong>MODALIDADES DE PAGO:<\/strong> EL CLIENTE deber\u00e1 elegir qu\u00e9 sistema de pago desea utilizar antes de finalizar con la compra:<\/p>\n<ul>\n<li style=\"list-style-type: none;\">\n<ul>\n<li>TRANSFERENCIA BANCARIA: Puede realizar el pago a trav\u00e9s de una transferencia bancaria desde su banco habitual o efectuar un ingreso en cuenta en la sucursal que Usted prefiera. Una vez confirmado el pago, se proceder\u00e1 a enviar su pedido. Si transcurridos 7 d\u00edas h\u00e1biles desde que se realiz\u00f3 la compra, el pago no ha sido recibido se preceder\u00e1 a la cancelaci\u00f3n de la compra.<\/li>\n<li>PAYPAL: Puede pagar con su tarjeta Visa y\/o Mastercard o a trav\u00e9s de su cuenta Paypal.<\/li>\n<\/ul>\n<\/li>\n<\/ul>\n<p>li&gt;TARJETA DE CREDITO: Puede pagar con su tarjeta VISA, Mastercard, Maestro y Visa Electron a trav\u00e9s de la pasarela de pago seguro.<\/p>\n<p><strong>INTERACCIONES COMERCIALES: CONDICIONES DE ENV\u00cdO Y DEVOLUCIONES:<\/strong> La cumplimentaci\u00f3n y env\u00edo del formulario de pedido tiene la consideraci\u00f3n de aceptaci\u00f3n de los t\u00e9rminos de este contrato aqu\u00ed expuestos. EL USUARIO toma en estos momentos la consideraci\u00f3n de EL CLIENTE.<\/p>\n<p>Sin cambios: Los pedidos superiores a 40 euros, gastos de env\u00edo gratuitos a Espa\u00f1a Peninsular. Env\u00edos a Canarias, Baleares, Ceuta y Melilla, consultar con LA EMPRESA. Sin cambios: Los pedidos superiores a 40 euros, gastos de env\u00edo gratuitos a Espa\u00f1a Peninsular. Env\u00edos a Canarias, Baleares, Ceuta y Melilla, consultar con LA EMPRESA.<\/p>\n<p>Los pedidos se tramitar\u00e1n despu\u00e9s de comprobar el pago de la compra.<\/p>\n<p>Verificado el pago de la compra, la mercanc\u00eda se entregar\u00e1 en un plazo no superior a 3 d\u00edas h\u00e1biles a contar desde el d\u00eda siguiente de la citada verificaci\u00f3n. La compra efectuada en s\u00e1bado, domingo o fiesta, se entiende efectuada al siguiente lunes o siguiente h\u00e1bil.<\/p>\n<p>La entrega de los pedidos se realizar\u00e1 a trav\u00e9s de una agencia de transporte ajena a LA EMPRESA. Los pedidos se entregar\u00e1n en el domicilio indicado por EL CLIENTE, por lo que LA EMPRESA no asume ninguna responsabilidad cuando la entrega no pueda efectuarse como consecuencia de que los datos facilitados sean inexactos o incompletos o cuando la entrega no pueda efectuarse por ausencia del destinatario. Sin perjuicio de lo anterior, LA EMPRESA adoptar\u00e1 las medidas exigibles a un diligente comerciante para que la entrega pueda efectuarse lo antes posible, tanto para satisfacci\u00f3n del remitente como del destinatario. Los plazos de entrega indicados son aproximados y pueden sufrir alteraciones por causas o circunstancias especiales (fechas se\u00f1aladas como las navide\u00f1as, huelgas de transporte, acontecimientos extraordinarios\u2026), que en ning\u00fan caso son responsabilidad de LA EMPRESA. No se puede garantizar una hora concreta de entrega, LA EMPRESA se compromete a comunicar a la agencia de transporte todos los comentarios relativos al mismo que se realicen en el formulario, no pudiendo garantizar el cumplimiento de las condiciones indicadas en los mismos, como, por ejemplo, las entregas en horas espec\u00edficas y concretas.<\/p>\n<p>LA EMPRESA no puede garantizar la entrega de los pedidos en determinadas instalaciones en las que existan restricciones para el acceso al p\u00fablico en general, quedando cumplido el encargo y liberado de responsabilidad, cuando el pedido se haya puesto a disposici\u00f3n del destinatario en la recepci\u00f3n o lugar que haga las veces de control de acceso. En caso de que no te localicen, la empresa de transporte intentar\u00e1 una segunda entrega pactada contigo. Si tras el segundo intento no te localizan, deber\u00e1s pasar a recoger el pedido a las instalaciones de la empresa de transporte. En el supuesto de que el pedido no se puede entregar por causas imputables al cliente, no se devolver\u00e1 el importe pagado por los gastos de env\u00edos.<\/p>\n<p>El compromiso adquirido por LA EMPRESA de venta y entrega de los productos ofertados queda supeditado al stock del producto anunciado y a la disponibilidad del mismo hasta fin de existencias, por lo que LA EMPRESA, en su compromiso de calidad y servicio al cliente, intenta en todo momento que los productos publicitados est\u00e9n disponibles. Sin embargo, de concurrir circunstancias excepcionales como pedido abusivo, multipedido interactivo o aquellas otras que provoquen el fin de existencias del producto, el pedido y el contrato suscrito entre las partes quedar\u00e1n sin efecto en virtud de la presente cl\u00e1usula resolutoria, restituyendo \u00edntegramente al cliente en caso de prepago las cantidades pagadas por el mismo. Para cualquier informaci\u00f3n o consulta sobre su pedido, EL CLIENTE puede contactar con LA EMPRESA a trav\u00e9s de cualquiera de los medios indicados anteriormente en estos T\u00e9rminos y Condiciones de Venta.<\/p>\n<p>EL CLIENTE tendr\u00e1 derecho al desistimiento del contrato en un plazo de catorce (14) d\u00edas desde la recepci\u00f3n del mismo, previa comunicaci\u00f3n a LA EMPRESA dentro de ese plazo para que se establezcan los cauces de devoluci\u00f3n oportunos (n\u00famero de devoluci\u00f3n, y forma y direcci\u00f3n de entrega del env\u00edo de devoluci\u00f3n), con devoluci\u00f3n del precio que hubiera pagado por el producto, no siendo abonables los costes relacionados con el pedido ni los costes de transporte. LA EMPRESA se compromete a la devoluci\u00f3n de dicho importe en un plazo m\u00e1ximo de 14 d\u00edas h\u00e1biles, en cumplimiento del Real Decreto Legislativo 1\/2007, de 16 de noviembre, por el que se aprueba el texto refundido de la Ley General para la Defensa de los Consumidores y Usuarios y otras leyes complementarias. No se admitir\u00e1n devoluciones que no vengan en su embalaje original y con el producto en perfecto estado.<\/p>\n<p>Se eximir\u00e1 AL CLIENTE de los gastos derivados del transporte en el caso de que la devoluci\u00f3n sea a causa de uno de los siguientes motivos:<\/p>\n<ol>\n<li>En el caso de que el paquete se reciba en mal estado. En tal caso, EL CLIENTE tiene la obligaci\u00f3n de rechazar el paquete. Si aun as\u00ed, EL CLIENTE aceptase el env\u00edo y en el interior uno o m\u00e1s productos se encontrasen deteriorados a causa del transporte, LA EMPRESA le remitir\u00e1 a EL CLIENTE un producto nuevo. LA EMPRESA correr\u00e1 con todos los gastos de transporte extra que puedan originarse, siempre que el producto no haya sido utilizado, alterado o manipulado. Para ello EL CLIENTE debe ponerse en contacto con la empresa en un plazo m\u00e1ximo de 3 d\u00edas desde la recepci\u00f3n de la mercanc\u00eda. Pasado este plazo, LA EMPRESA se reserva el derecho de aceptar la devoluci\u00f3n por dicho motivo. Es importante que EL CLIENTE verifique el estado de su compra en el mismo momento de la recepci\u00f3n y que en el caso de observar alg\u00fan deterioro supuestamente ocasionado por el transporte, lo indique en el albar\u00e1n de entrega en el momento de firmarlo.<\/li>\n<li>Si alguno de los productos recibidos no se corresponde con el pedido realizado, LA EMPRESA enviara de nuevo los productos correctos o reembolsara el importe correspondiente. LA EMPRESA correr\u00e1 con todos los gastos de transporte extra que puedan originarse, siempre que el producto no haya sido utilizado, alterado o manipulado. Para ello EL CLIENTE debe ponerse en contacto con la empresa en un plazo m\u00e1ximo de 3 d\u00edas desde la recepci\u00f3n de la mercanc\u00eda. Pasado este plazo, LA EMPRESA se reserva el derecho de aceptar la devoluci\u00f3n por dicho motivo.<\/li>\n<li>En el supuesto de que los productos recibidos no se encuentren en perfectas condiciones por un defecto de fabricaci\u00f3n, LA EMPRESA le remitir\u00e1 a EL CLIENTE un producto nuevo o reembolsara el importe correspondiente. Si el producto es el mismo en todo el lote, se devolver\u00e1 todo el lote por seguridad y se tendr\u00e1 que conservar \u00be del contenido sin adulterar. LA EMPRESA correr\u00e1 con todos los gastos de transporte extra que puedan originarse. Para ello EL CLIENTE debe ponerse en contacto con la empresa en un plazo m\u00e1ximo de 14 d\u00edas desde la recepci\u00f3n de la mercanc\u00eda. Pasado este plazo, LA EMPRESA se reserva el derecho de aceptar la devoluci\u00f3n por dicho motivo.<\/li>\n<\/ol>\n<p>En el caso de que la cancelaci\u00f3n del pedido se produzca antes de que el mismo haya sido enviado, se cancelar\u00e1 totalmente el pedido y se reembolsar\u00e1 el importe total del mismo sin gastos adicionales.<\/p>\n\n\t\t<\/div>\n\t<\/div>\n<\/div><\/div><\/div><\/div>\n","protected":false},"excerpt":{"rendered":"T\u00e9rminos y condiciones de uso Datos de identificaci\u00f3n Dominio en internet: https:\/\/pobillecologics.com\/ Raz\u00f3n social: Pobill Ecologics, S.L.U. CIF: B44921153 Domicilio: Constituci\u00f3 20, 12589 C\u00e0lig, Castell\u00f3 Correo electr\u00f3nico: info@pobillecologics.com Tel\u00e9fono: 670 090 074 Objeto El objeto de LA WEB es la venta de productos para el consumo. El proveedor de los productos o servicios contratados por [...]","protected":false},"author":2,"featured_media":0,"parent":0,"menu_order":0,"comment_status":"closed","ping_status":"open","template":"templates\/fullwidth.php","meta":{"footnotes":""},"class_list":["post-7151","page","type-page","status-publish","hentry"],"yoast_head":"<!-- This site is optimized with the Yoast SEO plugin v27.4 - https:\/\/yoast.com\/product\/yoast-seo-wordpress\/ -->\n<title>T\u00e9rminos y condiciones de uso - Pobill Ecologics<\/title>\n<meta name=\"robots\" content=\"index, follow, max-snippet:-1, max-image-preview:large, max-video-preview:-1\" \/>\n<link rel=\"canonical\" href=\"https:\/\/pobillecologics.com\/es\/terminos-y-condiciones-de-uso\/\" \/>\n<meta property=\"og:locale\" content=\"es_ES\" \/>\n<meta property=\"og:type\" content=\"article\" \/>\n<meta property=\"og:title\" content=\"T\u00e9rminos y condiciones de uso - Pobill Ecologics\" \/>\n<meta property=\"og:url\" content=\"https:\/\/pobillecologics.com\/es\/terminos-y-condiciones-de-uso\/\" \/>\n<meta property=\"og:site_name\" content=\"Pobill Ecologics\" \/>\n<meta property=\"article:modified_time\" content=\"2022-02-02T11:43:56+00:00\" \/>\n<meta property=\"og:image\" content=\"https:\/\/pobillecologics.com\/wp-contenido\/uploads\/2022\/02\/beneficios-aceite-oliva-01.jpg\" \/>\n\t<meta property=\"og:image:width\" content=\"960\" \/>\n\t<meta property=\"og:image:height\" content=\"539\" \/>\n\t<meta property=\"og:image:type\" content=\"image\/jpeg\" \/>\n<meta name=\"twitter:card\" content=\"summary_large_image\" \/>\n<meta name=\"twitter:label1\" content=\"Tiempo de lectura\" \/>\n\t<meta name=\"twitter:data1\" content=\"10 minutos\" \/>\n<script type=\"application\/ld+json\" class=\"yoast-schema-graph\">{\"@context\":\"https:\\\/\\\/schema.org\",\"@graph\":[{\"@type\":\"WebPage\",\"@id\":\"https:\\\/\\\/pobillecologics.com\\\/es\\\/terminos-y-condiciones-de-uso\\\/\",\"url\":\"https:\\\/\\\/pobillecologics.com\\\/es\\\/terminos-y-condiciones-de-uso\\\/\",\"name\":\"T\u00e9rminos y condiciones de uso - Pobill Ecologics\",\"isPartOf\":{\"@id\":\"https:\\\/\\\/pobillecologics.com\\\/es\\\/#website\"},\"datePublished\":\"2022-02-02T11:40:36+00:00\",\"dateModified\":\"2022-02-02T11:43:56+00:00\",\"breadcrumb\":{\"@id\":\"https:\\\/\\\/pobillecologics.com\\\/es\\\/terminos-y-condiciones-de-uso\\\/#breadcrumb\"},\"inLanguage\":\"es\",\"potentialAction\":[{\"@type\":\"ReadAction\",\"target\":[\"https:\\\/\\\/pobillecologics.com\\\/es\\\/terminos-y-condiciones-de-uso\\\/\"]}]},{\"@type\":\"BreadcrumbList\",\"@id\":\"https:\\\/\\\/pobillecologics.com\\\/es\\\/terminos-y-condiciones-de-uso\\\/#breadcrumb\",\"itemListElement\":[{\"@type\":\"ListItem\",\"position\":1,\"name\":\"Portada\",\"item\":\"https:\\\/\\\/pobillecologics.com\\\/es\\\/\"},{\"@type\":\"ListItem\",\"position\":2,\"name\":\"T\u00e9rminos y condiciones de uso\"}]},{\"@type\":\"WebSite\",\"@id\":\"https:\\\/\\\/pobillecologics.com\\\/es\\\/#website\",\"url\":\"https:\\\/\\\/pobillecologics.com\\\/es\\\/\",\"name\":\"Pobill Ecologics\",\"description\":\"Pobill Ecologics\",\"potentialAction\":[{\"@type\":\"SearchAction\",\"target\":{\"@type\":\"EntryPoint\",\"urlTemplate\":\"https:\\\/\\\/pobillecologics.com\\\/es\\\/?s={search_term_string}\"},\"query-input\":{\"@type\":\"PropertyValueSpecification\",\"valueRequired\":true,\"valueName\":\"search_term_string\"}}],\"inLanguage\":\"es\"}]}<\/script>\n<!-- \/ Yoast SEO plugin. -->","yoast_head_json":{"title":"T\u00e9rminos y condiciones de uso - Pobill Ecologics","robots":{"index":"index","follow":"follow","max-snippet":"max-snippet:-1","max-image-preview":"max-image-preview:large","max-video-preview":"max-video-preview:-1"},"canonical":"https:\/\/pobillecologics.com\/es\/terminos-y-condiciones-de-uso\/","og_locale":"es_ES","og_type":"article","og_title":"T\u00e9rminos y condiciones de uso - Pobill Ecologics","og_url":"https:\/\/pobillecologics.com\/es\/terminos-y-condiciones-de-uso\/","og_site_name":"Pobill Ecologics","article_modified_time":"2022-02-02T11:43:56+00:00","og_image":[{"width":960,"height":539,"url":"https:\/\/pobillecologics.com\/wp-contenido\/uploads\/2022\/02\/beneficios-aceite-oliva-01.jpg","type":"image\/jpeg"}],"twitter_card":"summary_large_image","twitter_misc":{"Tiempo de lectura":"10 minutos"},"schema":{"@context":"https:\/\/schema.org","@graph":[{"@type":"WebPage","@id":"https:\/\/pobillecologics.com\/es\/terminos-y-condiciones-de-uso\/","url":"https:\/\/pobillecologics.com\/es\/terminos-y-condiciones-de-uso\/","name":"T\u00e9rminos y condiciones de uso - Pobill Ecologics","isPartOf":{"@id":"https:\/\/pobillecologics.com\/es\/#website"},"datePublished":"2022-02-02T11:40:36+00:00","dateModified":"2022-02-02T11:43:56+00:00","breadcrumb":{"@id":"https:\/\/pobillecologics.com\/es\/terminos-y-condiciones-de-uso\/#breadcrumb"},"inLanguage":"es","potentialAction":[{"@type":"ReadAction","target":["https:\/\/pobillecologics.com\/es\/terminos-y-condiciones-de-uso\/"]}]},{"@type":"BreadcrumbList","@id":"https:\/\/pobillecologics.com\/es\/terminos-y-condiciones-de-uso\/#breadcrumb","itemListElement":[{"@type":"ListItem","position":1,"name":"Portada","item":"https:\/\/pobillecologics.com\/es\/"},{"@type":"ListItem","position":2,"name":"T\u00e9rminos y condiciones de uso"}]},{"@type":"WebSite","@id":"https:\/\/pobillecologics.com\/es\/#website","url":"https:\/\/pobillecologics.com\/es\/","name":"Pobill Ecologics","description":"Pobill Ecologics","potentialAction":[{"@type":"SearchAction","target":{"@type":"EntryPoint","urlTemplate":"https:\/\/pobillecologics.com\/es\/?s={search_term_string}"},"query-input":{"@type":"PropertyValueSpecification","valueRequired":true,"valueName":"search_term_string"}}],"inLanguage":"es"}]}},"_links":{"self":[{"href":"https:\/\/pobillecologics.com\/es\/wp-json\/wp\/v2\/pages\/7151","targetHints":{"allow":["GET"]}}],"collection":[{"href":"https:\/\/pobillecologics.com\/es\/wp-json\/wp\/v2\/pages"}],"about":[{"href":"https:\/\/pobillecologics.com\/es\/wp-json\/wp\/v2\/types\/page"}],"author":[{"embeddable":true,"href":"https:\/\/pobillecologics.com\/es\/wp-json\/wp\/v2\/users\/2"}],"replies":[{"embeddable":true,"href":"https:\/\/pobillecologics.com\/es\/wp-json\/wp\/v2\/comments?post=7151"}],"version-history":[{"count":0,"href":"https:\/\/pobillecologics.com\/es\/wp-json\/wp\/v2\/pages\/7151\/revisions"}],"wp:attachment":[{"href":"https:\/\/pobillecologics.com\/es\/wp-json\/wp\/v2\/media?parent=7151"}],"curies":[{"name":"wp","href":"https:\/\/api.w.org\/{rel}","templated":true}]}}