{"id":7131,"date":"2022-02-02T12:05:52","date_gmt":"2022-02-02T11:05:52","guid":{"rendered":"https:\/\/pobillecologics.com\/?page_id=7131"},"modified":"2022-02-04T16:28:11","modified_gmt":"2022-02-04T15:28:11","slug":"politica-de-cookies","status":"publish","type":"page","link":"https:\/\/pobillecologics.com\/es\/politica-de-cookies\/","title":{"rendered":"Pol\u00edtica de cookies"},"content":{"rendered":"<div class=\"vc_row wpb_row vc_row-fluid ovic_custom_61fd460b60cb5 vc_custom_1643800347400\"><div class=\"wpb_column vc_column_container vc_col-sm-12\"><div class=\"vc_column-inner\"><div class=\"wpb_wrapper\">\n\t<div class=\"wpb_text_column wpb_content_element ovic_custom_61fd460b60cb7 \" >\n\t\t<div class=\"wpb_wrapper\">\n\t\t\t<h3>Sobre esta pol\u00edtica de cookies<\/h3>\n<p>Esta pol\u00edtica de cookies explica qu\u00e9 son las cookies y como las utilizamos, los diferentes tipos de cookies que utilizamos, la informaci\u00f3n que compilamos mediante las cookies y como se utiliza esta informaci\u00f3n y como controlar las preferencias de las cookies. Para obtener m\u00e1s informaci\u00f3n sobre como utilizamos, almacenamos y mantenemos seguros vuestros datos personales, consultad nuestra Pol\u00edtica de privacidad.<\/p>\n<p>En cualquier momento, pod\u00e9is cambiar o retirar vuestro consentimiento de la Declaraci\u00f3n de cookies de nuestro sitio web.<\/p>\n<p>Pod\u00e9is obtener m\u00e1s informaci\u00f3n sobre qui\u00e9nes somos, como pod\u00e9is contactar con nosotros y como procesamos los datos personales en nuestra Pol\u00edtica de privacidad.<\/p>\n<p>Vuestro consentimiento se aplica en los siguientes dominios: https:\/\/pobillecologics.com\/<\/p>\n<div class=\"estado-consentimiento\"><div class=\"cli_user_consent_state\">Tu estado actual: No se ha dado el consentimiento. <a class=\"cli_manage_current_consent\" style=\"cursor:pointer;text-decoration:underline;\">Gestiona tu consentimiento.<\/a> <\/div><\/div>\n<h3><\/h3>\n<h3>\u00bfQu\u00e9 son las cookies?<\/h3>\n<p>Las cookies son peque\u00f1os ficheros de texto que se utilizan para almacenar peque\u00f1os datos. Se almacenan en el dispositivo cuando se carga el sitio web en el navegador. Estas cookies nos ayudan a hacer funcionar el sitio web correctamente, a hacer que sea m\u00e1s seguro, a proporcionar una mejor experiencia al usuario y a entender c\u00f3mo funciona el sitio web y analizar qu\u00e9 funciona y d\u00f3nde necesita mejorar.<\/p>\n<h3>\u00bfC\u00f3mo utilizamos las cookies?<\/h3>\n<p>Como la mayor\u00eda de servicios en l\u00ednea, nuestro sitio web utiliza cookies propias y de terceros para diversos prop\u00f3sitos. Las cookies propias son b\u00e1sicamente necesarias para que el sitio web funcione correctamente y no recopilen ninguno de vuestros datos de identificaci\u00f3n personal.<\/p>\n<p>Las cookies de terceros que se utilizan en nuestro sitio web sirven principalmente para entender el funcionamiento del sitio web, como interactu\u00e1is con nuestro sitio web, mantener seguros nuestros servicios, proporcionar anuncios que sean relevantes para vosotros y, en definitiva, proporcionaros un usuario mejor y mejorar, experimentar y ayudar a acelerar vuestras futuras interacciones con nuestro sitio web.<\/p>\n<h3>\u00bfQu\u00e9 tipos de cookies utilizamos?<\/h3>\n<p><strong>Esencial<\/strong>: algunas cookies son esenciales para que pod\u00e1is experimentar la funcionalidad completa de nuestro sitio web. Nos permiten mantener sesiones de usuarios y prevenir amenazas de seguridad. No recopilan ni almacenan ning\u00fan tipo de informaci\u00f3n personal. Por ejemplo, estas cookies os permiten iniciar la sesi\u00f3n en vuestra cuenta y a\u00f1adir productos a la cesta y hacer la compra de forma segura.<\/p>\n<p><strong>Estad\u00edsticas<\/strong>: estas cookies almacenan informaci\u00f3n como el n\u00famero de visitantes al sitio web, el n\u00famero de visitantes \u00fanicos, qu\u00e9 p\u00e1ginas del sitio web se han visitado, la fuente de la visita, etc. Estos datos nos ayudan a comprender y analizar el rendimiento del sitio web, y d\u00f3nde es necesario mejorar.<\/p>\n<p><strong>M\u00e1rqueting<\/strong>: nuestro sitio web muestra anuncios. Estas cookies se utilizan para personalizar los anuncios que os mostramos de forma que sean significativos para vosotros. Estas cookies tambi\u00e9n nos ayudan a hacer un seguimiento de la eficiencia de estas campa\u00f1as publicitarias.<\/p>\n<p>La informaci\u00f3n almacenada en estas cookies tambi\u00e9n la pueden utilizar terceros proveedores de anuncios para mostraros anuncios en otros sitios web del navegador.<\/p>\n<p><strong>Funcionales<\/strong>: son las cookies que ayudan a determinadas funcionalidades de nuestro sitio web. Estas funcionalidades incluyen incrustar contenidos como videos o compartir contenido del sitio web en las plataformas de redes sociales.<\/p>\n<p><strong>Preferencias<\/strong>: estas cookies nos ayudan a almacenar vuestra configuraci\u00f3n y preferencias de navegaci\u00f3n, como las preferencias de idioma, de forma que pod\u00e1is tener una experiencia mejorada y eficiente en vuestras futuras visitas al sitio web.<\/p>\n<p>En la siguiente lista est\u00e1n detalladas las cookies utilizadas en nuestro sitio web.<\/p>\n<p>En la siguiente lista se detallan las cookies utilizadas en este sitio web.<\/p><table class=\"cookielawinfo-row-cat-table cookielawinfo-classic\"><thead><tr><th class=\"cookielawinfo-column-1\">Cookie<\/th><th class=\"cookielawinfo-column-4\">Descripci\u00f3n<\/th><\/tr><\/thead><tbody><tr class=\"cookielawinfo-row\"><td class=\"cookielawinfo-column-1\">cookielawinfo-checkbox-analytics<\/td><td class=\"cookielawinfo-column-4\">Esta cookie est\u00e1 configurada por GDPR Cookie Consent para almacenar el consentimiento del usuario para las cookies de la categor\u00eda \u201cAnal\u00edtica\u201d.<\/td><\/tr><tr class=\"cookielawinfo-row\"><td class=\"cookielawinfo-column-1\">cookielawinfo-checkbox-functional<\/td><td class=\"cookielawinfo-column-4\">Esta cookie est\u00e1 configurada por GDPR Cookie Consent para almacenar el consentimiento del usuario para las cookies de la categor\u00eda \u201cFuncional\u201d.<\/td><\/tr><tr class=\"cookielawinfo-row\"><td class=\"cookielawinfo-column-1\">cookielawinfo-checkbox-necessary<\/td><td class=\"cookielawinfo-column-4\">Esta cookie est\u00e1 configurada por GDPR Cookie Consent para almacenar el consentimiento del usuario para las cookies de la categor\u00eda \u201cNecesario\u201d.<\/td><\/tr><tr class=\"cookielawinfo-row\"><td class=\"cookielawinfo-column-1\">cookielawinfo-checkbox-others<\/td><td class=\"cookielawinfo-column-4\">Esta cookie est\u00e1 configurada por GDPR Cookie Consent para almacenar el consentimiento del usuario para las cookies de la categor\u00eda \u201cOtros\u201d.<\/td><\/tr><tr class=\"cookielawinfo-row\"><td class=\"cookielawinfo-column-1\">cookielawinfo-checkbox-performance<\/td><td class=\"cookielawinfo-column-4\">Esta cookie est\u00e1 configurada por GDPR Cookie Consent para almacenar el consentimiento del usuario para las cookies de la categor\u00eda \u201cRendimiento\u201d.<\/td><\/tr><tr class=\"cookielawinfo-row\"><td class=\"cookielawinfo-column-1\">viewed_cookie_policy<\/td><td class=\"cookielawinfo-column-4\">Esta cookie est\u00e1 configurada por GDPR Cookie Consent plugin y es utilizada para almacenar lo que el usuario ha consentido y lo que no para el uso de las cookies. No almacena ning\u00fan dato personal.<\/td><\/tr><\/tbody><\/table>\n<h3>\u00bfC\u00f3mo puedo controlar las preferencias de cookies?<\/h3>\n<p>Si decid\u00eds cambiar vuestras preferencias m\u00e1s adelante a trav\u00e9s de la sesi\u00f3n de navegaci\u00f3n, pod\u00e9is clicar en la pesta\u00f1a \u201cPol\u00edtica de privacidad y cookies\u201d de la pantalla. Se mostrar\u00e1 nuevamente el aviso de consentimiento que os permitir\u00e1 cambiar vuestras preferencias o retirarlo por completo.<\/p>\n<p>Adem\u00e1s, diferentes navegadores proporcionan m\u00e9todos diferentes para bloquear y eliminar las cookies que utilizan los sitios web. Pod\u00e9is cambiar la configuraci\u00f3n de vuestro navegador para bloquear \/ eliminar las cookies. Para obtener m\u00e1s informaci\u00f3n sobre c\u00f3mo gestionar y eliminar las cookies, visitad <a href=\"https:\/\/Wikipedia.org\">Wikipedia.org<\/a>, <a href=\"http:\/\/www.allaboutcookies.org\">www.allaboutcookies.org<\/a>.<\/p>\n\n\t\t<\/div>\n\t<\/div>\n<\/div><\/div><\/div><\/div>\n","protected":false},"excerpt":{"rendered":"Sobre esta pol\u00edtica de cookies Esta pol\u00edtica de cookies explica qu\u00e9 son las cookies y como las utilizamos, los diferentes tipos de cookies que utilizamos, la informaci\u00f3n que compilamos mediante las cookies y como se utiliza esta informaci\u00f3n y como controlar las preferencias de las cookies. Para obtener m\u00e1s informaci\u00f3n sobre como utilizamos, almacenamos y [...]","protected":false},"author":2,"featured_media":0,"parent":0,"menu_order":0,"comment_status":"closed","ping_status":"open","template":"templates\/fullwidth.php","meta":{"footnotes":""},"class_list":["post-7131","page","type-page","status-publish","hentry"],"yoast_head":"<!-- This site is optimized with the Yoast SEO plugin v27.4 - https:\/\/yoast.com\/product\/yoast-seo-wordpress\/ -->\n<title>Pol\u00edtica de cookies - Pobill Ecologics<\/title>\n<meta name=\"robots\" content=\"index, follow, max-snippet:-1, max-image-preview:large, max-video-preview:-1\" \/>\n<link rel=\"canonical\" href=\"https:\/\/pobillecologics.com\/es\/politica-de-cookies\/\" \/>\n<meta property=\"og:locale\" content=\"es_ES\" \/>\n<meta property=\"og:type\" content=\"article\" \/>\n<meta property=\"og:title\" content=\"Pol\u00edtica de cookies - Pobill Ecologics\" \/>\n<meta property=\"og:url\" content=\"https:\/\/pobillecologics.com\/es\/politica-de-cookies\/\" \/>\n<meta property=\"og:site_name\" content=\"Pobill Ecologics\" \/>\n<meta property=\"article:modified_time\" content=\"2022-02-04T15:28:11+00:00\" \/>\n<meta property=\"og:image\" content=\"https:\/\/pobillecologics.com\/wp-contenido\/uploads\/2022\/02\/beneficios-aceite-oliva-01.jpg\" \/>\n\t<meta property=\"og:image:width\" content=\"960\" \/>\n\t<meta property=\"og:image:height\" content=\"539\" \/>\n\t<meta property=\"og:image:type\" content=\"image\/jpeg\" \/>\n<meta name=\"twitter:card\" content=\"summary_large_image\" \/>\n<meta name=\"twitter:label1\" content=\"Tiempo de lectura\" \/>\n\t<meta name=\"twitter:data1\" content=\"4 minutos\" \/>\n<script type=\"application\/ld+json\" class=\"yoast-schema-graph\">{\"@context\":\"https:\\\/\\\/schema.org\",\"@graph\":[{\"@type\":\"WebPage\",\"@id\":\"https:\\\/\\\/pobillecologics.com\\\/es\\\/politica-de-cookies\\\/\",\"url\":\"https:\\\/\\\/pobillecologics.com\\\/es\\\/politica-de-cookies\\\/\",\"name\":\"Pol\u00edtica de cookies - Pobill Ecologics\",\"isPartOf\":{\"@id\":\"https:\\\/\\\/pobillecologics.com\\\/es\\\/#website\"},\"datePublished\":\"2022-02-02T11:05:52+00:00\",\"dateModified\":\"2022-02-04T15:28:11+00:00\",\"breadcrumb\":{\"@id\":\"https:\\\/\\\/pobillecologics.com\\\/es\\\/politica-de-cookies\\\/#breadcrumb\"},\"inLanguage\":\"es\",\"potentialAction\":[{\"@type\":\"ReadAction\",\"target\":[\"https:\\\/\\\/pobillecologics.com\\\/es\\\/politica-de-cookies\\\/\"]}]},{\"@type\":\"BreadcrumbList\",\"@id\":\"https:\\\/\\\/pobillecologics.com\\\/es\\\/politica-de-cookies\\\/#breadcrumb\",\"itemListElement\":[{\"@type\":\"ListItem\",\"position\":1,\"name\":\"Portada\",\"item\":\"https:\\\/\\\/pobillecologics.com\\\/es\\\/\"},{\"@type\":\"ListItem\",\"position\":2,\"name\":\"Pol\u00edtica de cookies\"}]},{\"@type\":\"WebSite\",\"@id\":\"https:\\\/\\\/pobillecologics.com\\\/es\\\/#website\",\"url\":\"https:\\\/\\\/pobillecologics.com\\\/es\\\/\",\"name\":\"Pobill Ecologics\",\"description\":\"Pobill Ecologics\",\"potentialAction\":[{\"@type\":\"SearchAction\",\"target\":{\"@type\":\"EntryPoint\",\"urlTemplate\":\"https:\\\/\\\/pobillecologics.com\\\/es\\\/?s={search_term_string}\"},\"query-input\":{\"@type\":\"PropertyValueSpecification\",\"valueRequired\":true,\"valueName\":\"search_term_string\"}}],\"inLanguage\":\"es\"}]}<\/script>\n<!-- \/ Yoast SEO plugin. -->","yoast_head_json":{"title":"Pol\u00edtica de cookies - Pobill Ecologics","robots":{"index":"index","follow":"follow","max-snippet":"max-snippet:-1","max-image-preview":"max-image-preview:large","max-video-preview":"max-video-preview:-1"},"canonical":"https:\/\/pobillecologics.com\/es\/politica-de-cookies\/","og_locale":"es_ES","og_type":"article","og_title":"Pol\u00edtica de cookies - Pobill Ecologics","og_url":"https:\/\/pobillecologics.com\/es\/politica-de-cookies\/","og_site_name":"Pobill Ecologics","article_modified_time":"2022-02-04T15:28:11+00:00","og_image":[{"width":960,"height":539,"url":"https:\/\/pobillecologics.com\/wp-contenido\/uploads\/2022\/02\/beneficios-aceite-oliva-01.jpg","type":"image\/jpeg"}],"twitter_card":"summary_large_image","twitter_misc":{"Tiempo de lectura":"4 minutos"},"schema":{"@context":"https:\/\/schema.org","@graph":[{"@type":"WebPage","@id":"https:\/\/pobillecologics.com\/es\/politica-de-cookies\/","url":"https:\/\/pobillecologics.com\/es\/politica-de-cookies\/","name":"Pol\u00edtica de cookies - Pobill Ecologics","isPartOf":{"@id":"https:\/\/pobillecologics.com\/es\/#website"},"datePublished":"2022-02-02T11:05:52+00:00","dateModified":"2022-02-04T15:28:11+00:00","breadcrumb":{"@id":"https:\/\/pobillecologics.com\/es\/politica-de-cookies\/#breadcrumb"},"inLanguage":"es","potentialAction":[{"@type":"ReadAction","target":["https:\/\/pobillecologics.com\/es\/politica-de-cookies\/"]}]},{"@type":"BreadcrumbList","@id":"https:\/\/pobillecologics.com\/es\/politica-de-cookies\/#breadcrumb","itemListElement":[{"@type":"ListItem","position":1,"name":"Portada","item":"https:\/\/pobillecologics.com\/es\/"},{"@type":"ListItem","position":2,"name":"Pol\u00edtica de cookies"}]},{"@type":"WebSite","@id":"https:\/\/pobillecologics.com\/es\/#website","url":"https:\/\/pobillecologics.com\/es\/","name":"Pobill Ecologics","description":"Pobill Ecologics","potentialAction":[{"@type":"SearchAction","target":{"@type":"EntryPoint","urlTemplate":"https:\/\/pobillecologics.com\/es\/?s={search_term_string}"},"query-input":{"@type":"PropertyValueSpecification","valueRequired":true,"valueName":"search_term_string"}}],"inLanguage":"es"}]}},"_links":{"self":[{"href":"https:\/\/pobillecologics.com\/es\/wp-json\/wp\/v2\/pages\/7131","targetHints":{"allow":["GET"]}}],"collection":[{"href":"https:\/\/pobillecologics.com\/es\/wp-json\/wp\/v2\/pages"}],"about":[{"href":"https:\/\/pobillecologics.com\/es\/wp-json\/wp\/v2\/types\/page"}],"author":[{"embeddable":true,"href":"https:\/\/pobillecologics.com\/es\/wp-json\/wp\/v2\/users\/2"}],"replies":[{"embeddable":true,"href":"https:\/\/pobillecologics.com\/es\/wp-json\/wp\/v2\/comments?post=7131"}],"version-history":[{"count":0,"href":"https:\/\/pobillecologics.com\/es\/wp-json\/wp\/v2\/pages\/7131\/revisions"}],"wp:attachment":[{"href":"https:\/\/pobillecologics.com\/es\/wp-json\/wp\/v2\/media?parent=7131"}],"curies":[{"name":"wp","href":"https:\/\/api.w.org\/{rel}","templated":true}]}}