{"id":7122,"date":"2022-02-02T11:40:00","date_gmt":"2022-02-02T10:40:00","guid":{"rendered":"https:\/\/pobillecologics.com\/?page_id=7122"},"modified":"2022-02-02T11:40:00","modified_gmt":"2022-02-02T10:40:00","slug":"rsc","status":"publish","type":"page","link":"https:\/\/pobillecologics.com\/es\/rsc\/","title":{"rendered":"RSC"},"content":{"rendered":"<div id=\"banner-inicio\" data-vc-full-width=\"true\" data-vc-full-width-init=\"false\" data-vc-stretch-content=\"true\" class=\"vc_row wpb_row vc_row-fluid vc_row-no-padding ovic_custom_61fa5f80f0fcd vc_custom_1637224631266\"><div class=\"wpb_column vc_column_container vc_col-sm-12 ovic_custom_61fa5f80f0fd0\"><div class=\"vc_column-inner\"><div class=\"wpb_wrapper\">\r\n\t<div  class=\"wpb_single_image wpb_content_element vc_align_center ovic_custom_61fa5f80f0fd1\">\r\n\t\t\r\n\t\t<figure class=\"wpb_wrapper vc_figure\">\r\n\t\t\t<div class=\"vc_single_image-wrapper   vc_box_border_grey\"><img loading=\"lazy\" decoding=\"async\" class=\"vc_single_image-img lazy attachment-full\" src=\"data:image\/svg+xml;charset=utf-8,%3Csvg%20xmlns%3D%27http%3A%2F%2Fwww.w3.org%2F2000%2Fsvg%27%20viewBox%3D%270%200%201990%20874%27%2F%3E\" data-src=\"https:\/\/pobillecologics.com\/wp-contenido\/uploads\/2021\/06\/pobill-ecologic-home-02.png\" width=\"1990\" height=\"874\"  alt=\"RSC\"\/><\/div>\r\n\t\t<\/figure>\r\n\t<\/div>\r\n<\/div><\/div><\/div><\/div><div class=\"vc_row-full-width vc_clearfix\"><\/div><div class=\"vc_row wpb_row vc_row-fluid ovic_custom_61fa5f80f0fd2 vc_custom_1625241339773 vc_custom_1625241339778 vc_custom_1625241339781 vc_custom_1625241339784 vc_custom_1625241339787\"><div class=\"wpb_column vc_column_container vc_col-sm-12\"><div class=\"vc_column-inner\"><div class=\"wpb_wrapper\">\n\t<div class=\"wpb_text_column wpb_content_element titulo-pagina titulo-largo titulo-pagina titulo-largo ovic_custom_61fa5f80f0fd3 vc_custom_1637224688622 \" >\n\t\t<div class=\"wpb_wrapper\">\n\t\t\t<h1><strong>RSC Pobill Ecol\u00f2gics<\/strong><\/h1>\n\n\t\t<\/div>\n\t<\/div>\n\n\t<div class=\"wpb_text_column wpb_content_element texto-justificado texto-justificado ovic_custom_61fa5f80f0fd4 vc_custom_1643798378759 vc_custom_1643798378762 vc_custom_1643798378764 vc_custom_1643798378766 vc_custom_1643798378768\" >\n\t\t<div class=\"wpb_wrapper\">\n\t\t\t<p>La responsabilidad social corporativa (RSC) no es otra cosa que la manera de actuar que adopta la empresa para dirigir su actividad de una manera sostenible y \u00e9tica, o lo que es lo mismo, la obligaci\u00f3n moral y \u00e9tica de las empresas con as relaciones con sus trabajadores\/as, el medio ambiente, la competencia, la econom\u00eda y otras \u00e1reas que una empresa puede abastecer. Por lo tanto, la RSC es un compromiso asumido voluntariamente por una empresa, respecto a ciertas reglas que van m\u00e1s all\u00e1 de sus obligaciones legales.<\/p>\n<p>En Pobill Ecol\u00f2gics nos gusta definirnos como una empresa familiar que trabaja 100% desde el coraz\u00f3n y cuenta con productos ecol\u00f3gicos como el aceite de oliva virgen extra, los c\u00edtricos, las almendras o las algarrobas.<\/p>\n<p>Tenemos puntos de venta de nuestros productos alrededor de toda la geograf\u00eda espa\u00f1ola y parte de Europa. Queremos dejar una huella ambiental m\u00e1s sostenible y una huella social m\u00e1s equilibrada.<\/p>\n\n\t\t<\/div>\n\t<\/div>\n<\/div><\/div><\/div><\/div><div data-vc-full-width=\"true\" data-vc-full-width-init=\"false\" data-vc-stretch-content=\"true\" class=\"vc_row wpb_row vc_row-fluid vc_row-no-padding ovic_custom_61fa5f80f0fd5 vc_custom_1637224565214\"><div class=\"wpb_column vc_column_container vc_col-sm-12 ovic_custom_61fa5f80f0fd6\"><div class=\"vc_column-inner\"><div class=\"wpb_wrapper\">\r\n\t<div  class=\"wpb_single_image wpb_content_element vc_align_center ovic_custom_61fa5f80f0fd7\">\r\n\t\t\r\n\t\t<figure class=\"wpb_wrapper vc_figure\">\r\n\t\t\t<div class=\"vc_single_image-wrapper   vc_box_border_grey\"><img loading=\"lazy\" decoding=\"async\" class=\"vc_single_image-img lazy attachment-full\" src=\"data:image\/svg+xml;charset=utf-8,%3Csvg%20xmlns%3D%27http%3A%2F%2Fwww.w3.org%2F2000%2Fsvg%27%20viewBox%3D%270%200%201990%20874%27%2F%3E\" data-src=\"https:\/\/pobillecologics.com\/wp-contenido\/uploads\/2021\/06\/pobill-ecologic-home-02.png\" width=\"1990\" height=\"874\"  alt=\"RSC\"\/><\/div>\r\n\t\t<\/figure>\r\n\t<\/div>\r\n<\/div><\/div><\/div><\/div><div class=\"vc_row-full-width vc_clearfix\"><\/div><div class=\"vc_row wpb_row vc_row-fluid ovic_custom_61fa5f80f0fd8 vc_custom_1625241339773 vc_custom_1625241339778 vc_custom_1625241339781 vc_custom_1625241339784 vc_custom_1625241339787\"><div class=\"wpb_column vc_column_container vc_col-sm-12\"><div class=\"vc_column-inner\"><div class=\"wpb_wrapper\">\n\t<div class=\"wpb_text_column wpb_content_element texto-justificado texto-justificado ovic_custom_61fa5f80f0fd9 vc_custom_1643798396455 vc_custom_1643798396458 vc_custom_1643798396462 vc_custom_1643798396466 vc_custom_1643798396468\" >\n\t\t<div class=\"wpb_wrapper\">\n\t\t\t<p>En cuanto a la huella ambiental, nuestros productos provienen 100% de agricultura ecol\u00f3gica y, adem\u00e1s, hemos eliminado el pl\u00e1stico de nuestros envases pasando a usar envases 100% reciclables de aluminio y vidrio. De esta manera reducimos el impacto medioambiental dejando un planeta m\u00e1s limpio de cara al futuro. Bajo la filosof\u00eda de residuo 0, tambi\u00e9n contamos con dos caballos que se alimentan de las hierbas que salen en nuestros terrenos y, de esta manera, se consigue tener el suelo bien segado, reduciendo el impacto ambiental.<\/p>\n<p>En cuanto al \u00e1mbito social, y con un firme compromiso voluntario con la sociedad, cada a\u00f1o donamos el excedente de aceite a C\u00e1ritas. Tambi\u00e9n estamos trabajando con la fundaci\u00f3n Sant Joan de D\u00e9u de Barcelona y con la asociaci\u00f3n del Alzheimer de Benicarl\u00f3. El objetivo de estas colaboraciones es poder ayudar de alguna manera a todas esas familias que se encuentran en una situaci\u00f3n dif\u00edcil conviviendo con estos enfermos y, por lo tanto, con sus enfermedades.<\/p>\n<p>Por otro lado, Pobill Ecol\u00f2gics, colabora patrocinando diferentes actividades culturales y deportivas de la comarca como el trofeo de ciclismo \u201cJuli\u00e1n Borr\u00e0s\u201d de C\u00e1lig.<\/p>\n\n\t\t<\/div>\n\t<\/div>\n<\/div><\/div><\/div><\/div>\n","protected":false},"excerpt":{"rendered":"RSC Pobill Ecol\u00f2gics La responsabilidad social corporativa (RSC) no es otra cosa que la manera de actuar que adopta la empresa para dirigir su actividad de una manera sostenible y \u00e9tica, o lo que es lo mismo, la obligaci\u00f3n moral y \u00e9tica de las empresas con as relaciones con sus trabajadores\/as, el medio ambiente, la [...]","protected":false},"author":2,"featured_media":0,"parent":0,"menu_order":0,"comment_status":"open","ping_status":"open","template":"templates\/fullwidth.php","meta":{"footnotes":""},"class_list":["post-7122","page","type-page","status-publish","hentry"],"yoast_head":"<!-- This site is optimized with the Yoast SEO plugin v27.4 - https:\/\/yoast.com\/product\/yoast-seo-wordpress\/ -->\n<title>RSC - Pobill Ecologics<\/title>\n<meta name=\"robots\" content=\"index, follow, max-snippet:-1, max-image-preview:large, max-video-preview:-1\" \/>\n<link rel=\"canonical\" href=\"https:\/\/pobillecologics.com\/es\/rsc\/\" \/>\n<meta property=\"og:locale\" content=\"es_ES\" \/>\n<meta property=\"og:type\" content=\"article\" \/>\n<meta property=\"og:title\" content=\"RSC - Pobill Ecologics\" \/>\n<meta property=\"og:url\" content=\"https:\/\/pobillecologics.com\/es\/rsc\/\" \/>\n<meta property=\"og:site_name\" content=\"Pobill Ecologics\" \/>\n<meta property=\"og:image\" content=\"https:\/\/pobillecologics.com\/wp-contenido\/uploads\/2022\/02\/beneficios-aceite-oliva-01.jpg\" \/>\n\t<meta property=\"og:image:width\" content=\"960\" \/>\n\t<meta property=\"og:image:height\" content=\"539\" \/>\n\t<meta property=\"og:image:type\" content=\"image\/jpeg\" \/>\n<meta name=\"twitter:card\" content=\"summary_large_image\" \/>\n<meta name=\"twitter:label1\" content=\"Tiempo de lectura\" \/>\n\t<meta name=\"twitter:data1\" content=\"4 minutos\" \/>\n<script type=\"application\/ld+json\" class=\"yoast-schema-graph\">{\"@context\":\"https:\\\/\\\/schema.org\",\"@graph\":[{\"@type\":\"WebPage\",\"@id\":\"https:\\\/\\\/pobillecologics.com\\\/es\\\/rsc\\\/\",\"url\":\"https:\\\/\\\/pobillecologics.com\\\/es\\\/rsc\\\/\",\"name\":\"RSC - Pobill Ecologics\",\"isPartOf\":{\"@id\":\"https:\\\/\\\/pobillecologics.com\\\/es\\\/#website\"},\"datePublished\":\"2022-02-02T10:40:00+00:00\",\"breadcrumb\":{\"@id\":\"https:\\\/\\\/pobillecologics.com\\\/es\\\/rsc\\\/#breadcrumb\"},\"inLanguage\":\"es\",\"potentialAction\":[{\"@type\":\"ReadAction\",\"target\":[\"https:\\\/\\\/pobillecologics.com\\\/es\\\/rsc\\\/\"]}]},{\"@type\":\"BreadcrumbList\",\"@id\":\"https:\\\/\\\/pobillecologics.com\\\/es\\\/rsc\\\/#breadcrumb\",\"itemListElement\":[{\"@type\":\"ListItem\",\"position\":1,\"name\":\"Portada\",\"item\":\"https:\\\/\\\/pobillecologics.com\\\/es\\\/\"},{\"@type\":\"ListItem\",\"position\":2,\"name\":\"RSC\"}]},{\"@type\":\"WebSite\",\"@id\":\"https:\\\/\\\/pobillecologics.com\\\/es\\\/#website\",\"url\":\"https:\\\/\\\/pobillecologics.com\\\/es\\\/\",\"name\":\"Pobill Ecologics\",\"description\":\"Pobill Ecologics\",\"potentialAction\":[{\"@type\":\"SearchAction\",\"target\":{\"@type\":\"EntryPoint\",\"urlTemplate\":\"https:\\\/\\\/pobillecologics.com\\\/es\\\/?s={search_term_string}\"},\"query-input\":{\"@type\":\"PropertyValueSpecification\",\"valueRequired\":true,\"valueName\":\"search_term_string\"}}],\"inLanguage\":\"es\"}]}<\/script>\n<!-- \/ Yoast SEO plugin. -->","yoast_head_json":{"title":"RSC - Pobill Ecologics","robots":{"index":"index","follow":"follow","max-snippet":"max-snippet:-1","max-image-preview":"max-image-preview:large","max-video-preview":"max-video-preview:-1"},"canonical":"https:\/\/pobillecologics.com\/es\/rsc\/","og_locale":"es_ES","og_type":"article","og_title":"RSC - Pobill Ecologics","og_url":"https:\/\/pobillecologics.com\/es\/rsc\/","og_site_name":"Pobill Ecologics","og_image":[{"width":960,"height":539,"url":"https:\/\/pobillecologics.com\/wp-contenido\/uploads\/2022\/02\/beneficios-aceite-oliva-01.jpg","type":"image\/jpeg"}],"twitter_card":"summary_large_image","twitter_misc":{"Tiempo de lectura":"4 minutos"},"schema":{"@context":"https:\/\/schema.org","@graph":[{"@type":"WebPage","@id":"https:\/\/pobillecologics.com\/es\/rsc\/","url":"https:\/\/pobillecologics.com\/es\/rsc\/","name":"RSC - Pobill Ecologics","isPartOf":{"@id":"https:\/\/pobillecologics.com\/es\/#website"},"datePublished":"2022-02-02T10:40:00+00:00","breadcrumb":{"@id":"https:\/\/pobillecologics.com\/es\/rsc\/#breadcrumb"},"inLanguage":"es","potentialAction":[{"@type":"ReadAction","target":["https:\/\/pobillecologics.com\/es\/rsc\/"]}]},{"@type":"BreadcrumbList","@id":"https:\/\/pobillecologics.com\/es\/rsc\/#breadcrumb","itemListElement":[{"@type":"ListItem","position":1,"name":"Portada","item":"https:\/\/pobillecologics.com\/es\/"},{"@type":"ListItem","position":2,"name":"RSC"}]},{"@type":"WebSite","@id":"https:\/\/pobillecologics.com\/es\/#website","url":"https:\/\/pobillecologics.com\/es\/","name":"Pobill Ecologics","description":"Pobill Ecologics","potentialAction":[{"@type":"SearchAction","target":{"@type":"EntryPoint","urlTemplate":"https:\/\/pobillecologics.com\/es\/?s={search_term_string}"},"query-input":{"@type":"PropertyValueSpecification","valueRequired":true,"valueName":"search_term_string"}}],"inLanguage":"es"}]}},"_links":{"self":[{"href":"https:\/\/pobillecologics.com\/es\/wp-json\/wp\/v2\/pages\/7122","targetHints":{"allow":["GET"]}}],"collection":[{"href":"https:\/\/pobillecologics.com\/es\/wp-json\/wp\/v2\/pages"}],"about":[{"href":"https:\/\/pobillecologics.com\/es\/wp-json\/wp\/v2\/types\/page"}],"author":[{"embeddable":true,"href":"https:\/\/pobillecologics.com\/es\/wp-json\/wp\/v2\/users\/2"}],"replies":[{"embeddable":true,"href":"https:\/\/pobillecologics.com\/es\/wp-json\/wp\/v2\/comments?post=7122"}],"version-history":[{"count":0,"href":"https:\/\/pobillecologics.com\/es\/wp-json\/wp\/v2\/pages\/7122\/revisions"}],"wp:attachment":[{"href":"https:\/\/pobillecologics.com\/es\/wp-json\/wp\/v2\/media?parent=7122"}],"curies":[{"name":"wp","href":"https:\/\/api.w.org\/{rel}","templated":true}]}}