{"id":7019,"date":"2022-01-25T12:02:45","date_gmt":"2022-01-25T11:02:45","guid":{"rendered":"https:\/\/pobillecologics.com\/?page_id=7019"},"modified":"2022-01-25T12:02:45","modified_gmt":"2022-01-25T11:02:45","slug":"fields","status":"publish","type":"page","link":"https:\/\/pobillecologics.com\/en\/fields\/","title":{"rendered":"Fields"},"content":{"rendered":"<div id=\"banner-inicio\" data-vc-full-width=\"true\" data-vc-full-width-init=\"false\" data-vc-stretch-content=\"true\" class=\"vc_row wpb_row vc_row-fluid vc_row-no-padding ovic_custom_61efd8d5db600 vc_custom_1637238656961\"><div class=\"wpb_column vc_column_container vc_col-sm-12 ovic_custom_61efd8d5db604\"><div class=\"vc_column-inner\"><div class=\"wpb_wrapper\">\r\n\t<div  class=\"wpb_single_image wpb_content_element vc_align_center ovic_custom_61efd8d5db605\">\r\n\t\t\r\n\t\t<figure class=\"wpb_wrapper vc_figure\">\r\n\t\t\t<div class=\"vc_single_image-wrapper   vc_box_border_grey\"><img loading=\"lazy\" decoding=\"async\" class=\"vc_single_image-img lazy attachment-full\" src=\"data:image\/svg+xml;charset=utf-8,%3Csvg%20xmlns%3D%27http%3A%2F%2Fwww.w3.org%2F2000%2Fsvg%27%20viewBox%3D%270%200%201990%20874%27%2F%3E\" data-src=\"https:\/\/pobillecologics.com\/wp-contenido\/uploads\/2021\/06\/pobill-ecologic-home-02.png\" width=\"1990\" height=\"874\"  alt=\"Fields\"\/><\/div>\r\n\t\t<\/figure>\r\n\t<\/div>\r\n<\/div><\/div><\/div><\/div><div class=\"vc_row-full-width vc_clearfix\"><\/div><div class=\"vc_row wpb_row vc_row-fluid ovic_custom_61efd8d5db606 vc_custom_1625241339773 vc_custom_1625241339778 vc_custom_1625241339781 vc_custom_1625241339784 vc_custom_1625241339787\"><div class=\"wpb_column vc_column_container vc_col-sm-12\"><div class=\"vc_column-inner\"><div class=\"wpb_wrapper\">\n\t<div class=\"wpb_text_column wpb_content_element titulo-pagina titulo-pagina ovic_custom_61efd8d5db607 vc_custom_1643108104128 \" >\n\t\t<div class=\"wpb_wrapper\">\n\t\t\t<h1><strong>Fields<\/strong><\/h1>\n\n\t\t<\/div>\n\t<\/div>\n\n\t<div class=\"wpb_text_column wpb_content_element texto-justificado texto-justificado ovic_custom_61efd8d5db608 vc_custom_1643108146812 vc_custom_1643108146815 vc_custom_1643108146817 vc_custom_1643108146819 vc_custom_1643108146821\" >\n\t\t<div class=\"wpb_wrapper\">\n\t\t\t<p>Les finques de Pobill Ecol\u00f2gics, discorren pels termes de Cervera, C\u00e0lig, Benicarl\u00f3 i Vinar\u00f2s. Estem parlant d\u2019uns 200 jornals de terra calijons, que correspondrien aproximadament a unes 67 hect\u00e0rees, cultivades i en producci\u00f3. Estes terres procedents de la nostra fam\u00edlia i altres en r\u00e8gim d\u2019arrendament.<\/p>\n<p>Our fields are located between Cervera, C\u00e0lig, Bernicarl\u00f3 and Vinar\u00f2s, and they are formed by 67 cultivated hectares. Most of those fields were our families\u2019 property, and some others are rented.<\/p>\n<p>We have about 5000 mandarin trees, 1000 orange trees, 4000 olive trees (from different varieties like Farga or Arbequina, including 15 ancient trees), 150 almond trees and 15 hectares of carob trees.<\/p>\n<p>Some other fields are in recovery period, which means that they are being cleaned. Little by little, these plots are being converted from conventional agriculture to certified organic agriculture.<\/p>\n<p>Do you want to know which are our most important and representative fields?<\/p>\n\n\t\t<\/div>\n\t<\/div>\n\r\n\t<div  class=\"wpb_single_image wpb_content_element vc_align_left ovic_custom_61efd8d5db609\">\r\n\t\t\r\n\t\t<figure class=\"wpb_wrapper vc_figure\">\r\n\t\t\t<div class=\"vc_single_image-wrapper   vc_box_border_grey\"><img loading=\"lazy\" decoding=\"async\" class=\"vc_single_image-img lazy attachment-full\" src=\"data:image\/svg+xml;charset=utf-8,%3Csvg%20xmlns%3D%27http%3A%2F%2Fwww.w3.org%2F2000%2Fsvg%27%20viewBox%3D%270%200%201990%201100%27%2F%3E\" data-src=\"https:\/\/pobillecologics.com\/wp-contenido\/uploads\/2021\/07\/les-finques-02.jpg\" width=\"1990\" height=\"1100\"  alt=\"Fields\"\/><\/div>\r\n\t\t<\/figure>\r\n\t<\/div>\r\n<\/div><\/div><\/div><\/div><div class=\"vc_row wpb_row vc_row-fluid ovic_custom_61efd8d5db60a vc_custom_1625242973083 vc_custom_1625242973087 vc_custom_1625242973090 vc_custom_1625242973094 vc_custom_1625242973097\"><div class=\"wpb_column vc_column_container vc_col-sm-3\"><div class=\"vc_column-inner\"><div class=\"wpb_wrapper\"><\/div><\/div><\/div><div class=\"wpb_column vc_column_container vc_col-sm-3\"><div class=\"vc_column-inner\"><div class=\"wpb_wrapper\">\n\t<div class=\"wpb_text_column wpb_content_element ovic_custom_61efd8d5db60b vc_custom_1643108293155 \" >\n\t\t<div class=\"wpb_wrapper\">\n\t\t\t<p><span class=\"cultivo naranja\">Orange trees<\/span><\/p>\n<p><span class=\"cultivo olivo\">Olive groves<\/span><\/p>\n<p><span class=\"cultivo vid\">Vineyards<\/span><\/p>\n<p><span class=\"cultivo algarrobo\">Carob trees<\/span><\/p>\n\n\t\t<\/div>\n\t<\/div>\n<\/div><\/div><\/div><div class=\"wpb_column vc_column_container vc_col-sm-3\"><div class=\"vc_column-inner\"><div class=\"wpb_wrapper\"><\/div><\/div><\/div><div class=\"wpb_column vc_column_container vc_col-sm-3\"><div class=\"vc_column-inner\"><div class=\"wpb_wrapper\"><\/div><\/div><\/div><\/div><div class=\"vc_row wpb_row vc_row-fluid ovic_custom_61efd8d5db60c vc_custom_1625243150136 vc_custom_1625243150142 vc_custom_1625243150148 vc_custom_1625243150151 vc_custom_1625243150154\"><div class=\"wpb_column vc_column_container vc_col-sm-6 ovic_custom_61efd8d5db60d vc_custom_1625243086705 vc_custom_1625243086712 vc_custom_1625243086715 vc_custom_1625243086718 vc_custom_1625243086722\"><div class=\"vc_column-inner\"><div class=\"wpb_wrapper\">\n\t<div class=\"wpb_text_column wpb_content_element ovic_custom_61efd8d5db60e vc_custom_1643108318774 vc_custom_1643108318778 vc_custom_1643108318782 vc_custom_1643108318784 vc_custom_1643108318786\" >\n\t\t<div class=\"wpb_wrapper\">\n\t\t\t<h2>C\u00c0LIG FIELDS<\/h2>\n\n\t\t<\/div>\n\t<\/div>\n\n\t<div class=\"wpb_text_column wpb_content_element texto-justificado texto-justificado ovic_custom_61efd8d5db60f \" >\n\t\t<div class=\"wpb_wrapper\">\n\t\t\t<p><strong>El Mas i l\u2019Illa<\/strong>: David Taus\u2019 father bought it from Jos\u00e9 Arag\u00f3, a resident of C\u00e0lig, who in turn bought it from the Argentine heiresses of an exiled neighbour in 1955.<\/p>\n<p><strong>El mas d en Rei<\/strong>: David\u2019s father\u2019s family took refuge here from the bombings and the arrival of the fascists to C\u00e0lig. It had three tiny houses, one of which was exclusively for mules.<\/p>\n<p><strong>Lo Mur\u00f3<\/strong>: this is a very special piece of ground because it\u2019s the place where David\u2019s maternal grandparents met. The story says that his grandfather met his grandmother when he came to C\u00e0lig for working on olive harvest, and he immediately fell in love with her.<\/p>\n<p><strong>La Llecuna<\/strong>: this field used to produce most of the wheat that was used to make bread.<\/p>\n<p><strong>Les Foies<\/strong>: currently, it is a very productive land. It used to be a vineyard field. David\u2019s paternal grandfather bought it from Jos\u00e9 Comes.<\/p>\n<p><strong>Illa de Garrofers<\/strong>: it is located in the municipality of Cervera, next to the road to Sant Jordi. David\u2019s grandfather, Ramon, showed him the place where one of his mules was buried. Nowadays, it is an area full of organic carob trees.<\/p>\n<p><strong>El Poubonet<\/strong>: foretime, it was full of olive trees, and later it had vineyards and almond trees. In the present, it has organic arbequina olives. During the war, it was part of the republican airfield.<\/p>\n<p><strong>El Bovalar<\/strong>: one of our most emblematic fields, and the biggest one. It is full of mandarins and arbequina olive trees. Formed by the purchase of three plots of land.<\/p>\n<p>All these fields named before are the most important, but there are many more like La Bassa, La Cova, Poulabassa, Tossa, Los Colls, El Masset, Lo Riu, La Fontanella (full of fruit trees), El Placerveres, Els Pocanets and Les Perdigones, Lo cam\u00ed Sant Jordi, La Som\u00e0 or Cometa (where tomatoes were grown)\u2026and more.<\/p>\n\n\t\t<\/div>\n\t<\/div>\n<\/div><\/div><\/div><div class=\"wpb_column vc_column_container vc_col-sm-6\"><div class=\"vc_column-inner\"><div class=\"wpb_wrapper\">\n\t<div class=\"wpb_text_column wpb_content_element ovic_custom_61efd8d5db610 vc_custom_1643108329877 vc_custom_1643108329880 vc_custom_1643108329882 vc_custom_1643108329884 vc_custom_1643108329886\" >\n\t\t<div class=\"wpb_wrapper\">\n\t\t\t<h2>TRAIGUERA FIELDS<\/h2>\n\n\t\t<\/div>\n\t<\/div>\n\n\t<div class=\"wpb_text_column wpb_content_element texto-justificado texto-justificado ovic_custom_61efd8d5db612 vc_custom_1643108554222 vc_custom_1643108554225 vc_custom_1643108554228 vc_custom_1643108554230 vc_custom_1643108554232\" >\n\t\t<div class=\"wpb_wrapper\">\n\t\t\t<p><strong>Alvaga<\/strong>: this name comes from the word \u201cobaga\u201d (gloomy), and it is a reference about the field\u2019s location (the shady part of a mountain). This characteristic makes this terrain very cool and humid, which makes its trees very vigorous. Abacal terrain and with Ferris wheel (used for water extraction). This field is formed by four different pieces of land that were bought between the 50s and the second decade of the 21st century. Nowadays, it is mainly made up by olive trees.<\/p>\n<p><strong>Freginal<\/strong>: this olive farm (of the Villalonga variety) has been part of the family property for more than five generations. It is located at the gates of Traiguera.<\/p>\n<p><strong>Collemet gran<\/strong>: it was bought by the family on the 60s. Although it was formerly a land of almond trees, now it has 150 trees of the morruda variety.<\/p>\n<p><strong>Loma<\/strong>: field formed by centennial Farga olive trees. One part was owned by the family, and another part was bought from Argentine exiles. It is the main source of our organic Farga oil production, although it also has about 15 organic carob trees.<\/p>\n<p><strong>El Camp<\/strong>: this field is a very flat one, and it is made up of olive trees of many varieties, although it also has some carob trees.<\/p>\n<p><strong>La Cova<\/strong>: a very productive field located near Canet lo Roig. It is the piece of land that is farthest from Traiguera. It is composed of olive and carob trees, and it is the result of multiple partitions between heirs over more than five generations, which is corroborated by the fact that most of the owners had the surname Belsa.<\/p>\n<p><strong>Los Vilarrets<\/strong>: it is a piece of land that is composed by grafts of the variety \u201cmorruda\u201d. It was transformed 15 years ago. It comes from the maternal family of David\u2019s wife, and is located near Cervol River.<\/p>\n<p>Some other lands like Regaxol (which contains organic almond trees), Collmenet Menut and Astolls, are also part of the Pobill land exploitation in Traiguera.<\/p>\n\n\t\t<\/div>\n\t<\/div>\n<\/div><\/div><\/div><\/div>\n","protected":false},"excerpt":{"rendered":"Fields Les finques de Pobill Ecol\u00f2gics, discorren pels termes de Cervera, C\u00e0lig, Benicarl\u00f3 i Vinar\u00f2s. Estem parlant d\u2019uns 200 jornals de terra calijons, que correspondrien aproximadament a unes 67 hect\u00e0rees, cultivades i en producci\u00f3. Estes terres procedents de la nostra fam\u00edlia i altres en r\u00e8gim d\u2019arrendament. Our fields are located between Cervera, C\u00e0lig, Bernicarl\u00f3 and [...]","protected":false},"author":2,"featured_media":0,"parent":0,"menu_order":0,"comment_status":"open","ping_status":"open","template":"templates\/fullwidth.php","meta":{"footnotes":""},"class_list":["post-7019","page","type-page","status-publish","hentry"],"yoast_head":"<!-- This site is optimized with the Yoast SEO plugin v27.4 - https:\/\/yoast.com\/product\/yoast-seo-wordpress\/ -->\n<title>Fields - Pobill Ecologics<\/title>\n<meta name=\"robots\" content=\"index, follow, max-snippet:-1, max-image-preview:large, max-video-preview:-1\" \/>\n<link rel=\"canonical\" href=\"https:\/\/pobillecologics.com\/en\/fields\/\" \/>\n<meta property=\"og:locale\" content=\"en_US\" \/>\n<meta property=\"og:type\" content=\"article\" \/>\n<meta property=\"og:title\" content=\"Fields - Pobill Ecologics\" \/>\n<meta property=\"og:url\" content=\"https:\/\/pobillecologics.com\/en\/fields\/\" \/>\n<meta property=\"og:site_name\" content=\"Pobill Ecologics\" \/>\n<meta property=\"og:image\" content=\"https:\/\/pobillecologics.com\/wp-contenido\/uploads\/2022\/02\/beneficios-aceite-oliva-01.jpg\" \/>\n\t<meta property=\"og:image:width\" content=\"960\" \/>\n\t<meta property=\"og:image:height\" content=\"539\" \/>\n\t<meta property=\"og:image:type\" content=\"image\/jpeg\" \/>\n<meta name=\"twitter:card\" content=\"summary_large_image\" \/>\n<meta name=\"twitter:label1\" content=\"Est. reading time\" \/>\n\t<meta name=\"twitter:data1\" content=\"8 minutes\" \/>\n<script type=\"application\/ld+json\" class=\"yoast-schema-graph\">{\"@context\":\"https:\\\/\\\/schema.org\",\"@graph\":[{\"@type\":\"WebPage\",\"@id\":\"https:\\\/\\\/pobillecologics.com\\\/en\\\/fields\\\/\",\"url\":\"https:\\\/\\\/pobillecologics.com\\\/en\\\/fields\\\/\",\"name\":\"Fields - Pobill Ecologics\",\"isPartOf\":{\"@id\":\"https:\\\/\\\/pobillecologics.com\\\/en\\\/#website\"},\"datePublished\":\"2022-01-25T11:02:45+00:00\",\"breadcrumb\":{\"@id\":\"https:\\\/\\\/pobillecologics.com\\\/en\\\/fields\\\/#breadcrumb\"},\"inLanguage\":\"en-US\",\"potentialAction\":[{\"@type\":\"ReadAction\",\"target\":[\"https:\\\/\\\/pobillecologics.com\\\/en\\\/fields\\\/\"]}]},{\"@type\":\"BreadcrumbList\",\"@id\":\"https:\\\/\\\/pobillecologics.com\\\/en\\\/fields\\\/#breadcrumb\",\"itemListElement\":[{\"@type\":\"ListItem\",\"position\":1,\"name\":\"Portada\",\"item\":\"https:\\\/\\\/pobillecologics.com\\\/en\\\/\"},{\"@type\":\"ListItem\",\"position\":2,\"name\":\"Fields\"}]},{\"@type\":\"WebSite\",\"@id\":\"https:\\\/\\\/pobillecologics.com\\\/en\\\/#website\",\"url\":\"https:\\\/\\\/pobillecologics.com\\\/en\\\/\",\"name\":\"Pobill Ecologics\",\"description\":\"Pobill Ecologics\",\"potentialAction\":[{\"@type\":\"SearchAction\",\"target\":{\"@type\":\"EntryPoint\",\"urlTemplate\":\"https:\\\/\\\/pobillecologics.com\\\/en\\\/?s={search_term_string}\"},\"query-input\":{\"@type\":\"PropertyValueSpecification\",\"valueRequired\":true,\"valueName\":\"search_term_string\"}}],\"inLanguage\":\"en-US\"}]}<\/script>\n<!-- \/ Yoast SEO plugin. -->","yoast_head_json":{"title":"Fields - Pobill Ecologics","robots":{"index":"index","follow":"follow","max-snippet":"max-snippet:-1","max-image-preview":"max-image-preview:large","max-video-preview":"max-video-preview:-1"},"canonical":"https:\/\/pobillecologics.com\/en\/fields\/","og_locale":"en_US","og_type":"article","og_title":"Fields - Pobill Ecologics","og_url":"https:\/\/pobillecologics.com\/en\/fields\/","og_site_name":"Pobill Ecologics","og_image":[{"width":960,"height":539,"url":"https:\/\/pobillecologics.com\/wp-contenido\/uploads\/2022\/02\/beneficios-aceite-oliva-01.jpg","type":"image\/jpeg"}],"twitter_card":"summary_large_image","twitter_misc":{"Est. reading time":"8 minutes"},"schema":{"@context":"https:\/\/schema.org","@graph":[{"@type":"WebPage","@id":"https:\/\/pobillecologics.com\/en\/fields\/","url":"https:\/\/pobillecologics.com\/en\/fields\/","name":"Fields - Pobill Ecologics","isPartOf":{"@id":"https:\/\/pobillecologics.com\/en\/#website"},"datePublished":"2022-01-25T11:02:45+00:00","breadcrumb":{"@id":"https:\/\/pobillecologics.com\/en\/fields\/#breadcrumb"},"inLanguage":"en-US","potentialAction":[{"@type":"ReadAction","target":["https:\/\/pobillecologics.com\/en\/fields\/"]}]},{"@type":"BreadcrumbList","@id":"https:\/\/pobillecologics.com\/en\/fields\/#breadcrumb","itemListElement":[{"@type":"ListItem","position":1,"name":"Portada","item":"https:\/\/pobillecologics.com\/en\/"},{"@type":"ListItem","position":2,"name":"Fields"}]},{"@type":"WebSite","@id":"https:\/\/pobillecologics.com\/en\/#website","url":"https:\/\/pobillecologics.com\/en\/","name":"Pobill Ecologics","description":"Pobill Ecologics","potentialAction":[{"@type":"SearchAction","target":{"@type":"EntryPoint","urlTemplate":"https:\/\/pobillecologics.com\/en\/?s={search_term_string}"},"query-input":{"@type":"PropertyValueSpecification","valueRequired":true,"valueName":"search_term_string"}}],"inLanguage":"en-US"}]}},"_links":{"self":[{"href":"https:\/\/pobillecologics.com\/en\/wp-json\/wp\/v2\/pages\/7019","targetHints":{"allow":["GET"]}}],"collection":[{"href":"https:\/\/pobillecologics.com\/en\/wp-json\/wp\/v2\/pages"}],"about":[{"href":"https:\/\/pobillecologics.com\/en\/wp-json\/wp\/v2\/types\/page"}],"author":[{"embeddable":true,"href":"https:\/\/pobillecologics.com\/en\/wp-json\/wp\/v2\/users\/2"}],"replies":[{"embeddable":true,"href":"https:\/\/pobillecologics.com\/en\/wp-json\/wp\/v2\/comments?post=7019"}],"version-history":[{"count":0,"href":"https:\/\/pobillecologics.com\/en\/wp-json\/wp\/v2\/pages\/7019\/revisions"}],"wp:attachment":[{"href":"https:\/\/pobillecologics.com\/en\/wp-json\/wp\/v2\/media?parent=7019"}],"curies":[{"name":"wp","href":"https:\/\/api.w.org\/{rel}","templated":true}]}}