{"id":9894,"date":"2021-12-27T13:58:58","date_gmt":"2021-12-27T12:58:58","guid":{"rendered":"https:\/\/pobillecologics.com\/producte\/evoo-marmelade\/"},"modified":"2024-01-25T13:15:35","modified_gmt":"2024-01-25T12:15:35","slug":"evoo-marmelade","status":"publish","type":"product","link":"https:\/\/pobillecologics.com\/de\/producte\/evoo-marmelade\/","title":{"rendered":"EVOO-Marmelade"},"content":{"rendered":"<p class=\"p1\">Handwerklich hergestellte Marmelade mit EVOO verleiht dem Gaumen eine ideale Textur und einen exquisiten Geschmack, wobei das Aroma und der Geschmack unseres Premium EVOO zum Vorschein kommen.<\/p>\n<p class=\"p1\">Es ist ein Delikatessenprodukt, das aufgrund seiner Vielseitigkeit, Aromen und Texturen zu kombinieren, zunehmend in der Gourmetk\u00fcche verwendet wird.<\/p>\n<p class=\"p1\">Ideal zum Kombinieren mit &#8222;Foie&#8220;, Fleisch- oder Fischsaucen, zum S\u00fc\u00dfen von Desserts, Joghurt oder zum S\u00fc\u00dfen von Geb\u00e4ck und Keksen. Auch passt die Marmelade gut zum Fr\u00fchst\u00fcck oder sogar zu Salate sowie auch zu einer Vielzahl von K\u00e4sesorten. Sie verleiht Ihren Gerichten eine moderne und innovative Art.<\/p>\n","protected":false},"excerpt":{"rendered":"<p class=\"p1\">72% natives Oliven\u00f6l extra &#8222;Pobill Ecol\u00f2gics&#8220;<\/p>\n","protected":false},"featured_media":9567,"template":"","meta":[],"product_cat":[334],"product_tag":[],"class_list":{"0":"post-9894","1":"product","2":"type-product","3":"status-publish","4":"has-post-thumbnail","6":"product_cat-gourmet-produkte","7":"product_shipping_class-100-gr-de","9":"first","10":"instock","11":"taxable","12":"shipping-taxable","13":"product-type-simple"},"yoast_head":"<!-- This site is optimized with the Yoast SEO plugin v27.4 - https:\/\/yoast.com\/product\/yoast-seo-wordpress\/ -->\n<title>EVOO-Marmelade - Pobill Ecologics<\/title>\n<meta name=\"robots\" content=\"index, follow, max-snippet:-1, max-image-preview:large, max-video-preview:-1\" \/>\n<link rel=\"canonical\" href=\"https:\/\/pobillecologics.com\/de\/producte\/evoo-marmelade\/\" \/>\n<meta property=\"og:locale\" content=\"de_DE\" \/>\n<meta property=\"og:type\" content=\"article\" \/>\n<meta property=\"og:title\" content=\"EVOO-Marmelade - Pobill Ecologics\" \/>\n<meta property=\"og:description\" content=\"72% natives Oliven\u00f6l extra &quot;Pobill Ecol\u00f2gics&quot;\" \/>\n<meta property=\"og:url\" content=\"https:\/\/pobillecologics.com\/de\/producte\/evoo-marmelade\/\" \/>\n<meta property=\"og:site_name\" content=\"Pobill Ecologics\" \/>\n<meta property=\"article:modified_time\" content=\"2024-01-25T12:15:35+00:00\" \/>\n<meta property=\"og:image\" content=\"https:\/\/pobillecologics.com\/wp-contenido\/uploads\/2021\/12\/mermelada-01.jpg\" \/>\n\t<meta property=\"og:image:width\" content=\"1200\" \/>\n\t<meta property=\"og:image:height\" content=\"1200\" \/>\n\t<meta property=\"og:image:type\" content=\"image\/jpeg\" \/>\n<meta name=\"twitter:card\" content=\"summary_large_image\" \/>\n<meta name=\"twitter:label1\" content=\"Gesch\u00e4tzte Lesezeit\" \/>\n\t<meta name=\"twitter:data1\" content=\"1\u00a0Minute\" \/>\n<script type=\"application\/ld+json\" class=\"yoast-schema-graph\">{\"@context\":\"https:\\\/\\\/schema.org\",\"@graph\":[{\"@type\":\"WebPage\",\"@id\":\"https:\\\/\\\/pobillecologics.com\\\/de\\\/producte\\\/evoo-marmelade\\\/\",\"url\":\"https:\\\/\\\/pobillecologics.com\\\/de\\\/producte\\\/evoo-marmelade\\\/\",\"name\":\"EVOO-Marmelade - Pobill Ecologics\",\"isPartOf\":{\"@id\":\"https:\\\/\\\/pobillecologics.com\\\/de\\\/#website\"},\"primaryImageOfPage\":{\"@id\":\"https:\\\/\\\/pobillecologics.com\\\/de\\\/producte\\\/evoo-marmelade\\\/#primaryimage\"},\"image\":{\"@id\":\"https:\\\/\\\/pobillecologics.com\\\/de\\\/producte\\\/evoo-marmelade\\\/#primaryimage\"},\"thumbnailUrl\":\"https:\\\/\\\/pobillecologics.com\\\/wp-contenido\\\/uploads\\\/2021\\\/12\\\/mermelada-01.jpg\",\"datePublished\":\"2021-12-27T12:58:58+00:00\",\"dateModified\":\"2024-01-25T12:15:35+00:00\",\"breadcrumb\":{\"@id\":\"https:\\\/\\\/pobillecologics.com\\\/de\\\/producte\\\/evoo-marmelade\\\/#breadcrumb\"},\"inLanguage\":\"de\",\"potentialAction\":[{\"@type\":\"ReadAction\",\"target\":[\"https:\\\/\\\/pobillecologics.com\\\/de\\\/producte\\\/evoo-marmelade\\\/\"]}]},{\"@type\":\"ImageObject\",\"inLanguage\":\"de\",\"@id\":\"https:\\\/\\\/pobillecologics.com\\\/de\\\/producte\\\/evoo-marmelade\\\/#primaryimage\",\"url\":\"https:\\\/\\\/pobillecologics.com\\\/wp-contenido\\\/uploads\\\/2021\\\/12\\\/mermelada-01.jpg\",\"contentUrl\":\"https:\\\/\\\/pobillecologics.com\\\/wp-contenido\\\/uploads\\\/2021\\\/12\\\/mermelada-01.jpg\",\"width\":1200,\"height\":1200},{\"@type\":\"BreadcrumbList\",\"@id\":\"https:\\\/\\\/pobillecologics.com\\\/de\\\/producte\\\/evoo-marmelade\\\/#breadcrumb\",\"itemListElement\":[{\"@type\":\"ListItem\",\"position\":1,\"name\":\"Portada\",\"item\":\"https:\\\/\\\/pobillecologics.com\\\/de\\\/\"},{\"@type\":\"ListItem\",\"position\":2,\"name\":\"Shop\",\"item\":\"https:\\\/\\\/pobillecologics.com\\\/de\\\/shop\\\/\"},{\"@type\":\"ListItem\",\"position\":3,\"name\":\"EVOO-Marmelade\"}]},{\"@type\":\"WebSite\",\"@id\":\"https:\\\/\\\/pobillecologics.com\\\/de\\\/#website\",\"url\":\"https:\\\/\\\/pobillecologics.com\\\/de\\\/\",\"name\":\"Pobill Ecologics\",\"description\":\"Pobill Ecologics\",\"potentialAction\":[{\"@type\":\"SearchAction\",\"target\":{\"@type\":\"EntryPoint\",\"urlTemplate\":\"https:\\\/\\\/pobillecologics.com\\\/de\\\/?s={search_term_string}\"},\"query-input\":{\"@type\":\"PropertyValueSpecification\",\"valueRequired\":true,\"valueName\":\"search_term_string\"}}],\"inLanguage\":\"de\"}]}<\/script>\n<!-- \/ Yoast SEO plugin. -->","yoast_head_json":{"title":"EVOO-Marmelade - Pobill Ecologics","robots":{"index":"index","follow":"follow","max-snippet":"max-snippet:-1","max-image-preview":"max-image-preview:large","max-video-preview":"max-video-preview:-1"},"canonical":"https:\/\/pobillecologics.com\/de\/producte\/evoo-marmelade\/","og_locale":"de_DE","og_type":"article","og_title":"EVOO-Marmelade - Pobill Ecologics","og_description":"72% natives Oliven\u00f6l extra \"Pobill Ecol\u00f2gics\"","og_url":"https:\/\/pobillecologics.com\/de\/producte\/evoo-marmelade\/","og_site_name":"Pobill Ecologics","article_modified_time":"2024-01-25T12:15:35+00:00","og_image":[{"width":1200,"height":1200,"url":"https:\/\/pobillecologics.com\/wp-contenido\/uploads\/2021\/12\/mermelada-01.jpg","type":"image\/jpeg"}],"twitter_card":"summary_large_image","twitter_misc":{"Gesch\u00e4tzte Lesezeit":"1\u00a0Minute"},"schema":{"@context":"https:\/\/schema.org","@graph":[{"@type":"WebPage","@id":"https:\/\/pobillecologics.com\/de\/producte\/evoo-marmelade\/","url":"https:\/\/pobillecologics.com\/de\/producte\/evoo-marmelade\/","name":"EVOO-Marmelade - Pobill Ecologics","isPartOf":{"@id":"https:\/\/pobillecologics.com\/de\/#website"},"primaryImageOfPage":{"@id":"https:\/\/pobillecologics.com\/de\/producte\/evoo-marmelade\/#primaryimage"},"image":{"@id":"https:\/\/pobillecologics.com\/de\/producte\/evoo-marmelade\/#primaryimage"},"thumbnailUrl":"https:\/\/pobillecologics.com\/wp-contenido\/uploads\/2021\/12\/mermelada-01.jpg","datePublished":"2021-12-27T12:58:58+00:00","dateModified":"2024-01-25T12:15:35+00:00","breadcrumb":{"@id":"https:\/\/pobillecologics.com\/de\/producte\/evoo-marmelade\/#breadcrumb"},"inLanguage":"de","potentialAction":[{"@type":"ReadAction","target":["https:\/\/pobillecologics.com\/de\/producte\/evoo-marmelade\/"]}]},{"@type":"ImageObject","inLanguage":"de","@id":"https:\/\/pobillecologics.com\/de\/producte\/evoo-marmelade\/#primaryimage","url":"https:\/\/pobillecologics.com\/wp-contenido\/uploads\/2021\/12\/mermelada-01.jpg","contentUrl":"https:\/\/pobillecologics.com\/wp-contenido\/uploads\/2021\/12\/mermelada-01.jpg","width":1200,"height":1200},{"@type":"BreadcrumbList","@id":"https:\/\/pobillecologics.com\/de\/producte\/evoo-marmelade\/#breadcrumb","itemListElement":[{"@type":"ListItem","position":1,"name":"Portada","item":"https:\/\/pobillecologics.com\/de\/"},{"@type":"ListItem","position":2,"name":"Shop","item":"https:\/\/pobillecologics.com\/de\/shop\/"},{"@type":"ListItem","position":3,"name":"EVOO-Marmelade"}]},{"@type":"WebSite","@id":"https:\/\/pobillecologics.com\/de\/#website","url":"https:\/\/pobillecologics.com\/de\/","name":"Pobill Ecologics","description":"Pobill Ecologics","potentialAction":[{"@type":"SearchAction","target":{"@type":"EntryPoint","urlTemplate":"https:\/\/pobillecologics.com\/de\/?s={search_term_string}"},"query-input":{"@type":"PropertyValueSpecification","valueRequired":true,"valueName":"search_term_string"}}],"inLanguage":"de"}]}},"_links":{"self":[{"href":"https:\/\/pobillecologics.com\/de\/wp-json\/wp\/v2\/product\/9894","targetHints":{"allow":["GET"]}}],"collection":[{"href":"https:\/\/pobillecologics.com\/de\/wp-json\/wp\/v2\/product"}],"about":[{"href":"https:\/\/pobillecologics.com\/de\/wp-json\/wp\/v2\/types\/product"}],"wp:featuredmedia":[{"embeddable":true,"href":"https:\/\/pobillecologics.com\/de\/wp-json\/wp\/v2\/media\/9567"}],"wp:attachment":[{"href":"https:\/\/pobillecologics.com\/de\/wp-json\/wp\/v2\/media?parent=9894"}],"wp:term":[{"taxonomy":"product_cat","embeddable":true,"href":"https:\/\/pobillecologics.com\/de\/wp-json\/wp\/v2\/product_cat?post=9894"},{"taxonomy":"product_tag","embeddable":true,"href":"https:\/\/pobillecologics.com\/de\/wp-json\/wp\/v2\/product_tag?post=9894"}],"curies":[{"name":"wp","href":"https:\/\/api.w.org\/{rel}","templated":true}]}}