{"id":9890,"date":"2021-12-30T11:00:11","date_gmt":"2021-12-30T10:00:11","guid":{"rendered":"https:\/\/pobillecologics.com\/producte\/evoo-kaviar\/"},"modified":"2024-01-25T13:18:01","modified_gmt":"2024-01-25T12:18:01","slug":"evoo-kaviar","status":"publish","type":"product","link":"https:\/\/pobillecologics.com\/de\/producte\/evoo-kaviar\/","title":{"rendered":"EVOO Kaviar"},"content":{"rendered":"<p class=\"p1\">Es ist ein Tropfen Oliven\u00f6l, der in einer Gelatinemembran eingeschlossen ist. Die Gelatine, die jeden Tropfen des \u00d6ls einkapselt, wird aus Aginato, einem Geliermittel pflanzlichen Ursprungs, hergestellt. Es wird aus gew\u00f6hnlichen Rotalgen extrahiert und sobald es in Wasser gel\u00f6st wird und mit einer Calciumquelle in Kontakt kommt, in diesem Fall Calciumchlorid, tritt die Reaktion auf. <span class=\"s1\">Perlen aus nativem Oliven\u00f6l extra der Sorte Arbequina aus eigener Ernte. Kugeln von etwa 4-5 Millimeter Durchmesser, ausgef\u00fcllt mit Oliven\u00f6l und Basilikumaroma, die beim Hineinbei\u00dfen im Mund explodieren.<\/span><\/p>\n<p class=\"p1\">Eine ideale Zutat, um Ihren Gerichten einen Hauch von Geschmack und Aroma zu verleihen. Geben Sie Ihre Gerichte eine h\u00f6here Qualit\u00e4t mit dieser Zutat aus den K\u00fcchen der besten K\u00f6che.<\/p>\n<p class=\"p1\">Die Perlen k\u00f6nnen in allen warmen oder kalten Gerichten verwendet werden, in denen Oliven\u00f6l als Dressing oder Dekoration verwendet wird, sogar in Desserts.Passt perfekt zu Suppen, Cremes, Salaten, Fisch, Meeresfr\u00fcchten, Fleisch und Desserts.<\/p>\n","protected":false},"excerpt":{"rendered":"<p class=\"p1\">Perlen aus nativem Oliven\u00f6l extra der Sorte Arbequina aus eigener Ernte.<\/p>\n","protected":false},"featured_media":9571,"template":"","meta":[],"product_cat":[334],"product_tag":[],"class_list":{"0":"post-9890","1":"product","2":"type-product","3":"status-publish","4":"has-post-thumbnail","6":"product_cat-gourmet-produkte","7":"product_shipping_class-50-gr-de","9":"first","10":"instock","11":"taxable","12":"shipping-taxable","13":"product-type-simple"},"yoast_head":"<!-- This site is optimized with the Yoast SEO plugin v27.4 - https:\/\/yoast.com\/product\/yoast-seo-wordpress\/ -->\n<title>EVOO Kaviar - Pobill Ecologics<\/title>\n<meta name=\"robots\" content=\"index, follow, max-snippet:-1, max-image-preview:large, max-video-preview:-1\" \/>\n<link rel=\"canonical\" href=\"https:\/\/pobillecologics.com\/de\/producte\/evoo-kaviar\/\" \/>\n<meta property=\"og:locale\" content=\"de_DE\" \/>\n<meta property=\"og:type\" content=\"article\" \/>\n<meta property=\"og:title\" content=\"EVOO Kaviar - Pobill Ecologics\" \/>\n<meta property=\"og:description\" content=\"Perlen aus nativem Oliven\u00f6l extra der Sorte Arbequina aus eigener Ernte.\" \/>\n<meta property=\"og:url\" content=\"https:\/\/pobillecologics.com\/de\/producte\/evoo-kaviar\/\" \/>\n<meta property=\"og:site_name\" content=\"Pobill Ecologics\" \/>\n<meta property=\"article:modified_time\" content=\"2024-01-25T12:18:01+00:00\" \/>\n<meta property=\"og:image\" content=\"https:\/\/pobillecologics.com\/wp-contenido\/uploads\/2021\/12\/caviar-aove-01.jpg\" \/>\n\t<meta property=\"og:image:width\" content=\"1200\" \/>\n\t<meta property=\"og:image:height\" content=\"1200\" \/>\n\t<meta property=\"og:image:type\" content=\"image\/jpeg\" \/>\n<meta name=\"twitter:card\" content=\"summary_large_image\" \/>\n<meta name=\"twitter:label1\" content=\"Gesch\u00e4tzte Lesezeit\" \/>\n\t<meta name=\"twitter:data1\" content=\"1\u00a0Minute\" \/>\n<script type=\"application\/ld+json\" class=\"yoast-schema-graph\">{\"@context\":\"https:\\\/\\\/schema.org\",\"@graph\":[{\"@type\":\"WebPage\",\"@id\":\"https:\\\/\\\/pobillecologics.com\\\/de\\\/producte\\\/evoo-kaviar\\\/\",\"url\":\"https:\\\/\\\/pobillecologics.com\\\/de\\\/producte\\\/evoo-kaviar\\\/\",\"name\":\"EVOO Kaviar - Pobill Ecologics\",\"isPartOf\":{\"@id\":\"https:\\\/\\\/pobillecologics.com\\\/de\\\/#website\"},\"primaryImageOfPage\":{\"@id\":\"https:\\\/\\\/pobillecologics.com\\\/de\\\/producte\\\/evoo-kaviar\\\/#primaryimage\"},\"image\":{\"@id\":\"https:\\\/\\\/pobillecologics.com\\\/de\\\/producte\\\/evoo-kaviar\\\/#primaryimage\"},\"thumbnailUrl\":\"https:\\\/\\\/pobillecologics.com\\\/wp-contenido\\\/uploads\\\/2021\\\/12\\\/caviar-aove-01.jpg\",\"datePublished\":\"2021-12-30T10:00:11+00:00\",\"dateModified\":\"2024-01-25T12:18:01+00:00\",\"breadcrumb\":{\"@id\":\"https:\\\/\\\/pobillecologics.com\\\/de\\\/producte\\\/evoo-kaviar\\\/#breadcrumb\"},\"inLanguage\":\"de\",\"potentialAction\":[{\"@type\":\"ReadAction\",\"target\":[\"https:\\\/\\\/pobillecologics.com\\\/de\\\/producte\\\/evoo-kaviar\\\/\"]}]},{\"@type\":\"ImageObject\",\"inLanguage\":\"de\",\"@id\":\"https:\\\/\\\/pobillecologics.com\\\/de\\\/producte\\\/evoo-kaviar\\\/#primaryimage\",\"url\":\"https:\\\/\\\/pobillecologics.com\\\/wp-contenido\\\/uploads\\\/2021\\\/12\\\/caviar-aove-01.jpg\",\"contentUrl\":\"https:\\\/\\\/pobillecologics.com\\\/wp-contenido\\\/uploads\\\/2021\\\/12\\\/caviar-aove-01.jpg\",\"width\":1200,\"height\":1200},{\"@type\":\"BreadcrumbList\",\"@id\":\"https:\\\/\\\/pobillecologics.com\\\/de\\\/producte\\\/evoo-kaviar\\\/#breadcrumb\",\"itemListElement\":[{\"@type\":\"ListItem\",\"position\":1,\"name\":\"Portada\",\"item\":\"https:\\\/\\\/pobillecologics.com\\\/de\\\/\"},{\"@type\":\"ListItem\",\"position\":2,\"name\":\"Shop\",\"item\":\"https:\\\/\\\/pobillecologics.com\\\/de\\\/shop\\\/\"},{\"@type\":\"ListItem\",\"position\":3,\"name\":\"EVOO Kaviar\"}]},{\"@type\":\"WebSite\",\"@id\":\"https:\\\/\\\/pobillecologics.com\\\/de\\\/#website\",\"url\":\"https:\\\/\\\/pobillecologics.com\\\/de\\\/\",\"name\":\"Pobill Ecologics\",\"description\":\"Pobill Ecologics\",\"potentialAction\":[{\"@type\":\"SearchAction\",\"target\":{\"@type\":\"EntryPoint\",\"urlTemplate\":\"https:\\\/\\\/pobillecologics.com\\\/de\\\/?s={search_term_string}\"},\"query-input\":{\"@type\":\"PropertyValueSpecification\",\"valueRequired\":true,\"valueName\":\"search_term_string\"}}],\"inLanguage\":\"de\"}]}<\/script>\n<!-- \/ Yoast SEO plugin. -->","yoast_head_json":{"title":"EVOO Kaviar - Pobill Ecologics","robots":{"index":"index","follow":"follow","max-snippet":"max-snippet:-1","max-image-preview":"max-image-preview:large","max-video-preview":"max-video-preview:-1"},"canonical":"https:\/\/pobillecologics.com\/de\/producte\/evoo-kaviar\/","og_locale":"de_DE","og_type":"article","og_title":"EVOO Kaviar - Pobill Ecologics","og_description":"Perlen aus nativem Oliven\u00f6l extra der Sorte Arbequina aus eigener Ernte.","og_url":"https:\/\/pobillecologics.com\/de\/producte\/evoo-kaviar\/","og_site_name":"Pobill Ecologics","article_modified_time":"2024-01-25T12:18:01+00:00","og_image":[{"width":1200,"height":1200,"url":"https:\/\/pobillecologics.com\/wp-contenido\/uploads\/2021\/12\/caviar-aove-01.jpg","type":"image\/jpeg"}],"twitter_card":"summary_large_image","twitter_misc":{"Gesch\u00e4tzte Lesezeit":"1\u00a0Minute"},"schema":{"@context":"https:\/\/schema.org","@graph":[{"@type":"WebPage","@id":"https:\/\/pobillecologics.com\/de\/producte\/evoo-kaviar\/","url":"https:\/\/pobillecologics.com\/de\/producte\/evoo-kaviar\/","name":"EVOO Kaviar - Pobill Ecologics","isPartOf":{"@id":"https:\/\/pobillecologics.com\/de\/#website"},"primaryImageOfPage":{"@id":"https:\/\/pobillecologics.com\/de\/producte\/evoo-kaviar\/#primaryimage"},"image":{"@id":"https:\/\/pobillecologics.com\/de\/producte\/evoo-kaviar\/#primaryimage"},"thumbnailUrl":"https:\/\/pobillecologics.com\/wp-contenido\/uploads\/2021\/12\/caviar-aove-01.jpg","datePublished":"2021-12-30T10:00:11+00:00","dateModified":"2024-01-25T12:18:01+00:00","breadcrumb":{"@id":"https:\/\/pobillecologics.com\/de\/producte\/evoo-kaviar\/#breadcrumb"},"inLanguage":"de","potentialAction":[{"@type":"ReadAction","target":["https:\/\/pobillecologics.com\/de\/producte\/evoo-kaviar\/"]}]},{"@type":"ImageObject","inLanguage":"de","@id":"https:\/\/pobillecologics.com\/de\/producte\/evoo-kaviar\/#primaryimage","url":"https:\/\/pobillecologics.com\/wp-contenido\/uploads\/2021\/12\/caviar-aove-01.jpg","contentUrl":"https:\/\/pobillecologics.com\/wp-contenido\/uploads\/2021\/12\/caviar-aove-01.jpg","width":1200,"height":1200},{"@type":"BreadcrumbList","@id":"https:\/\/pobillecologics.com\/de\/producte\/evoo-kaviar\/#breadcrumb","itemListElement":[{"@type":"ListItem","position":1,"name":"Portada","item":"https:\/\/pobillecologics.com\/de\/"},{"@type":"ListItem","position":2,"name":"Shop","item":"https:\/\/pobillecologics.com\/de\/shop\/"},{"@type":"ListItem","position":3,"name":"EVOO Kaviar"}]},{"@type":"WebSite","@id":"https:\/\/pobillecologics.com\/de\/#website","url":"https:\/\/pobillecologics.com\/de\/","name":"Pobill Ecologics","description":"Pobill Ecologics","potentialAction":[{"@type":"SearchAction","target":{"@type":"EntryPoint","urlTemplate":"https:\/\/pobillecologics.com\/de\/?s={search_term_string}"},"query-input":{"@type":"PropertyValueSpecification","valueRequired":true,"valueName":"search_term_string"}}],"inLanguage":"de"}]}},"_links":{"self":[{"href":"https:\/\/pobillecologics.com\/de\/wp-json\/wp\/v2\/product\/9890","targetHints":{"allow":["GET"]}}],"collection":[{"href":"https:\/\/pobillecologics.com\/de\/wp-json\/wp\/v2\/product"}],"about":[{"href":"https:\/\/pobillecologics.com\/de\/wp-json\/wp\/v2\/types\/product"}],"wp:featuredmedia":[{"embeddable":true,"href":"https:\/\/pobillecologics.com\/de\/wp-json\/wp\/v2\/media\/9571"}],"wp:attachment":[{"href":"https:\/\/pobillecologics.com\/de\/wp-json\/wp\/v2\/media?parent=9890"}],"wp:term":[{"taxonomy":"product_cat","embeddable":true,"href":"https:\/\/pobillecologics.com\/de\/wp-json\/wp\/v2\/product_cat?post=9890"},{"taxonomy":"product_tag","embeddable":true,"href":"https:\/\/pobillecologics.com\/de\/wp-json\/wp\/v2\/product_tag?post=9890"}],"curies":[{"name":"wp","href":"https:\/\/api.w.org\/{rel}","templated":true}]}}