{"id":9883,"date":"2023-02-06T12:03:19","date_gmt":"2023-02-06T11:03:19","guid":{"rendered":"https:\/\/pobillecologics.com\/producte\/johannisbrotcreme-mit-ol-vegan-glutenfrei\/"},"modified":"2024-01-25T13:10:45","modified_gmt":"2024-01-25T12:10:45","slug":"johannisbrotcreme-mit-ol-vegan-glutenfrei","status":"publish","type":"product","link":"https:\/\/pobillecologics.com\/de\/producte\/johannisbrotcreme-mit-ol-vegan-glutenfrei\/","title":{"rendered":"Johannisbrotcreme mit \u00d6l (vegan) (glutenfrei)"},"content":{"rendered":"<p class=\"p1\">Lebensmittel mit Seele, handwerklich gemacht.<\/p>\n<p class=\"p1\">Zutaten: Johannisbrotmehl, Oliven\u00f6l, Johannisbrotmelasse und ger\u00f6stete Haseln\u00fcsse.<\/p>\n<p class=\"p1\">Allergene: laktosefrei, glutenfrei, ohne raffinierten Zucker, enth\u00e4lt Haseln\u00fcsse, kann Spuren von anderen Schalenfr\u00fcchten enthalten.<\/p>\n","protected":false},"excerpt":{"rendered":"<p class=\"p1\">Handwerklich gemacht mit Johannisbrotmehl, Oliven\u00f6l, Johannisbrotmelasse und ger\u00f6steten Haseln\u00fcssen.<\/p>\n","protected":false},"featured_media":9674,"template":"","meta":[],"product_cat":[334],"product_tag":[],"class_list":{"0":"post-9883","1":"product","2":"type-product","3":"status-publish","4":"has-post-thumbnail","6":"product_cat-gourmet-produkte","7":"product_shipping_class-200-gr-de","9":"first","10":"instock","11":"taxable","12":"shipping-taxable","13":"product-type-simple"},"yoast_head":"<!-- This site is optimized with the Yoast SEO plugin v27.4 - https:\/\/yoast.com\/product\/yoast-seo-wordpress\/ -->\n<title>Johannisbrotcreme mit \u00d6l (vegan) (glutenfrei) - Pobill Ecologics<\/title>\n<meta name=\"robots\" content=\"index, follow, max-snippet:-1, max-image-preview:large, max-video-preview:-1\" \/>\n<link rel=\"canonical\" href=\"https:\/\/pobillecologics.com\/de\/producte\/johannisbrotcreme-mit-ol-vegan-glutenfrei\/\" \/>\n<meta property=\"og:locale\" content=\"de_DE\" \/>\n<meta property=\"og:type\" content=\"article\" \/>\n<meta property=\"og:title\" content=\"Johannisbrotcreme mit \u00d6l (vegan) (glutenfrei) - Pobill Ecologics\" \/>\n<meta property=\"og:description\" content=\"Handwerklich gemacht mit Johannisbrotmehl, Oliven\u00f6l, Johannisbrotmelasse und ger\u00f6steten Haseln\u00fcssen.\" \/>\n<meta property=\"og:url\" content=\"https:\/\/pobillecologics.com\/de\/producte\/johannisbrotcreme-mit-ol-vegan-glutenfrei\/\" \/>\n<meta property=\"og:site_name\" content=\"Pobill Ecologics\" \/>\n<meta property=\"article:modified_time\" content=\"2024-01-25T12:10:45+00:00\" \/>\n<meta property=\"og:image\" content=\"https:\/\/pobillecologics.com\/wp-contenido\/uploads\/2023\/02\/garrofa-oli-01.jpg\" \/>\n\t<meta property=\"og:image:width\" content=\"1200\" \/>\n\t<meta property=\"og:image:height\" content=\"1200\" \/>\n\t<meta property=\"og:image:type\" content=\"image\/jpeg\" \/>\n<meta name=\"twitter:card\" content=\"summary_large_image\" \/>\n<meta name=\"twitter:label1\" content=\"Gesch\u00e4tzte Lesezeit\" \/>\n\t<meta name=\"twitter:data1\" content=\"1\u00a0Minute\" \/>\n<script type=\"application\/ld+json\" class=\"yoast-schema-graph\">{\"@context\":\"https:\\\/\\\/schema.org\",\"@graph\":[{\"@type\":\"WebPage\",\"@id\":\"https:\\\/\\\/pobillecologics.com\\\/de\\\/producte\\\/johannisbrotcreme-mit-ol-vegan-glutenfrei\\\/\",\"url\":\"https:\\\/\\\/pobillecologics.com\\\/de\\\/producte\\\/johannisbrotcreme-mit-ol-vegan-glutenfrei\\\/\",\"name\":\"Johannisbrotcreme mit \u00d6l (vegan) (glutenfrei) - Pobill Ecologics\",\"isPartOf\":{\"@id\":\"https:\\\/\\\/pobillecologics.com\\\/de\\\/#website\"},\"primaryImageOfPage\":{\"@id\":\"https:\\\/\\\/pobillecologics.com\\\/de\\\/producte\\\/johannisbrotcreme-mit-ol-vegan-glutenfrei\\\/#primaryimage\"},\"image\":{\"@id\":\"https:\\\/\\\/pobillecologics.com\\\/de\\\/producte\\\/johannisbrotcreme-mit-ol-vegan-glutenfrei\\\/#primaryimage\"},\"thumbnailUrl\":\"https:\\\/\\\/pobillecologics.com\\\/wp-contenido\\\/uploads\\\/2023\\\/02\\\/garrofa-oli-01.jpg\",\"datePublished\":\"2023-02-06T11:03:19+00:00\",\"dateModified\":\"2024-01-25T12:10:45+00:00\",\"breadcrumb\":{\"@id\":\"https:\\\/\\\/pobillecologics.com\\\/de\\\/producte\\\/johannisbrotcreme-mit-ol-vegan-glutenfrei\\\/#breadcrumb\"},\"inLanguage\":\"de\",\"potentialAction\":[{\"@type\":\"ReadAction\",\"target\":[\"https:\\\/\\\/pobillecologics.com\\\/de\\\/producte\\\/johannisbrotcreme-mit-ol-vegan-glutenfrei\\\/\"]}]},{\"@type\":\"ImageObject\",\"inLanguage\":\"de\",\"@id\":\"https:\\\/\\\/pobillecologics.com\\\/de\\\/producte\\\/johannisbrotcreme-mit-ol-vegan-glutenfrei\\\/#primaryimage\",\"url\":\"https:\\\/\\\/pobillecologics.com\\\/wp-contenido\\\/uploads\\\/2023\\\/02\\\/garrofa-oli-01.jpg\",\"contentUrl\":\"https:\\\/\\\/pobillecologics.com\\\/wp-contenido\\\/uploads\\\/2023\\\/02\\\/garrofa-oli-01.jpg\",\"width\":1200,\"height\":1200},{\"@type\":\"BreadcrumbList\",\"@id\":\"https:\\\/\\\/pobillecologics.com\\\/de\\\/producte\\\/johannisbrotcreme-mit-ol-vegan-glutenfrei\\\/#breadcrumb\",\"itemListElement\":[{\"@type\":\"ListItem\",\"position\":1,\"name\":\"Portada\",\"item\":\"https:\\\/\\\/pobillecologics.com\\\/de\\\/\"},{\"@type\":\"ListItem\",\"position\":2,\"name\":\"Shop\",\"item\":\"https:\\\/\\\/pobillecologics.com\\\/de\\\/shop\\\/\"},{\"@type\":\"ListItem\",\"position\":3,\"name\":\"Johannisbrotcreme mit \u00d6l (vegan) (glutenfrei)\"}]},{\"@type\":\"WebSite\",\"@id\":\"https:\\\/\\\/pobillecologics.com\\\/de\\\/#website\",\"url\":\"https:\\\/\\\/pobillecologics.com\\\/de\\\/\",\"name\":\"Pobill Ecologics\",\"description\":\"Pobill Ecologics\",\"potentialAction\":[{\"@type\":\"SearchAction\",\"target\":{\"@type\":\"EntryPoint\",\"urlTemplate\":\"https:\\\/\\\/pobillecologics.com\\\/de\\\/?s={search_term_string}\"},\"query-input\":{\"@type\":\"PropertyValueSpecification\",\"valueRequired\":true,\"valueName\":\"search_term_string\"}}],\"inLanguage\":\"de\"}]}<\/script>\n<!-- \/ Yoast SEO plugin. -->","yoast_head_json":{"title":"Johannisbrotcreme mit \u00d6l (vegan) (glutenfrei) - Pobill Ecologics","robots":{"index":"index","follow":"follow","max-snippet":"max-snippet:-1","max-image-preview":"max-image-preview:large","max-video-preview":"max-video-preview:-1"},"canonical":"https:\/\/pobillecologics.com\/de\/producte\/johannisbrotcreme-mit-ol-vegan-glutenfrei\/","og_locale":"de_DE","og_type":"article","og_title":"Johannisbrotcreme mit \u00d6l (vegan) (glutenfrei) - Pobill Ecologics","og_description":"Handwerklich gemacht mit Johannisbrotmehl, Oliven\u00f6l, Johannisbrotmelasse und ger\u00f6steten Haseln\u00fcssen.","og_url":"https:\/\/pobillecologics.com\/de\/producte\/johannisbrotcreme-mit-ol-vegan-glutenfrei\/","og_site_name":"Pobill Ecologics","article_modified_time":"2024-01-25T12:10:45+00:00","og_image":[{"width":1200,"height":1200,"url":"https:\/\/pobillecologics.com\/wp-contenido\/uploads\/2023\/02\/garrofa-oli-01.jpg","type":"image\/jpeg"}],"twitter_card":"summary_large_image","twitter_misc":{"Gesch\u00e4tzte Lesezeit":"1\u00a0Minute"},"schema":{"@context":"https:\/\/schema.org","@graph":[{"@type":"WebPage","@id":"https:\/\/pobillecologics.com\/de\/producte\/johannisbrotcreme-mit-ol-vegan-glutenfrei\/","url":"https:\/\/pobillecologics.com\/de\/producte\/johannisbrotcreme-mit-ol-vegan-glutenfrei\/","name":"Johannisbrotcreme mit \u00d6l (vegan) (glutenfrei) - Pobill Ecologics","isPartOf":{"@id":"https:\/\/pobillecologics.com\/de\/#website"},"primaryImageOfPage":{"@id":"https:\/\/pobillecologics.com\/de\/producte\/johannisbrotcreme-mit-ol-vegan-glutenfrei\/#primaryimage"},"image":{"@id":"https:\/\/pobillecologics.com\/de\/producte\/johannisbrotcreme-mit-ol-vegan-glutenfrei\/#primaryimage"},"thumbnailUrl":"https:\/\/pobillecologics.com\/wp-contenido\/uploads\/2023\/02\/garrofa-oli-01.jpg","datePublished":"2023-02-06T11:03:19+00:00","dateModified":"2024-01-25T12:10:45+00:00","breadcrumb":{"@id":"https:\/\/pobillecologics.com\/de\/producte\/johannisbrotcreme-mit-ol-vegan-glutenfrei\/#breadcrumb"},"inLanguage":"de","potentialAction":[{"@type":"ReadAction","target":["https:\/\/pobillecologics.com\/de\/producte\/johannisbrotcreme-mit-ol-vegan-glutenfrei\/"]}]},{"@type":"ImageObject","inLanguage":"de","@id":"https:\/\/pobillecologics.com\/de\/producte\/johannisbrotcreme-mit-ol-vegan-glutenfrei\/#primaryimage","url":"https:\/\/pobillecologics.com\/wp-contenido\/uploads\/2023\/02\/garrofa-oli-01.jpg","contentUrl":"https:\/\/pobillecologics.com\/wp-contenido\/uploads\/2023\/02\/garrofa-oli-01.jpg","width":1200,"height":1200},{"@type":"BreadcrumbList","@id":"https:\/\/pobillecologics.com\/de\/producte\/johannisbrotcreme-mit-ol-vegan-glutenfrei\/#breadcrumb","itemListElement":[{"@type":"ListItem","position":1,"name":"Portada","item":"https:\/\/pobillecologics.com\/de\/"},{"@type":"ListItem","position":2,"name":"Shop","item":"https:\/\/pobillecologics.com\/de\/shop\/"},{"@type":"ListItem","position":3,"name":"Johannisbrotcreme mit \u00d6l (vegan) (glutenfrei)"}]},{"@type":"WebSite","@id":"https:\/\/pobillecologics.com\/de\/#website","url":"https:\/\/pobillecologics.com\/de\/","name":"Pobill Ecologics","description":"Pobill Ecologics","potentialAction":[{"@type":"SearchAction","target":{"@type":"EntryPoint","urlTemplate":"https:\/\/pobillecologics.com\/de\/?s={search_term_string}"},"query-input":{"@type":"PropertyValueSpecification","valueRequired":true,"valueName":"search_term_string"}}],"inLanguage":"de"}]}},"_links":{"self":[{"href":"https:\/\/pobillecologics.com\/de\/wp-json\/wp\/v2\/product\/9883","targetHints":{"allow":["GET"]}}],"collection":[{"href":"https:\/\/pobillecologics.com\/de\/wp-json\/wp\/v2\/product"}],"about":[{"href":"https:\/\/pobillecologics.com\/de\/wp-json\/wp\/v2\/types\/product"}],"wp:featuredmedia":[{"embeddable":true,"href":"https:\/\/pobillecologics.com\/de\/wp-json\/wp\/v2\/media\/9674"}],"wp:attachment":[{"href":"https:\/\/pobillecologics.com\/de\/wp-json\/wp\/v2\/media?parent=9883"}],"wp:term":[{"taxonomy":"product_cat","embeddable":true,"href":"https:\/\/pobillecologics.com\/de\/wp-json\/wp\/v2\/product_cat?post=9883"},{"taxonomy":"product_tag","embeddable":true,"href":"https:\/\/pobillecologics.com\/de\/wp-json\/wp\/v2\/product_tag?post=9883"}],"curies":[{"name":"wp","href":"https:\/\/api.w.org\/{rel}","templated":true}]}}