{"id":9748,"date":"2023-04-05T09:58:39","date_gmt":"2023-04-05T08:58:39","guid":{"rendered":"https:\/\/pobillecologics.com\/?page_id=9748"},"modified":"2023-04-05T09:58:40","modified_gmt":"2023-04-05T08:58:40","slug":"die-soziale-unternehmensverantwortung","status":"publish","type":"page","link":"https:\/\/pobillecologics.com\/de\/die-soziale-unternehmensverantwortung\/","title":{"rendered":"Die Soziale Unternehmensverantwortung"},"content":{"rendered":"<div id=\"banner-inicio\" data-vc-full-width=\"true\" data-vc-full-width-init=\"false\" data-vc-stretch-content=\"true\" class=\"vc_row wpb_row vc_row-fluid vc_row-no-padding ovic_custom_642d384094156 vc_custom_1637224631266\"><div class=\"wpb_column vc_column_container vc_col-sm-12 ovic_custom_642d384094159\"><div class=\"vc_column-inner\"><div class=\"wpb_wrapper\">\r\n\t<div  class=\"wpb_single_image wpb_content_element vc_align_center ovic_custom_642d38409415a\">\r\n\t\t\r\n\t\t<figure class=\"wpb_wrapper vc_figure\">\r\n\t\t\t<div class=\"vc_single_image-wrapper   vc_box_border_grey\"><img loading=\"lazy\" decoding=\"async\" class=\"vc_single_image-img lazy attachment-full\" src=\"data:image\/svg+xml;charset=utf-8,%3Csvg%20xmlns%3D%27http%3A%2F%2Fwww.w3.org%2F2000%2Fsvg%27%20viewBox%3D%270%200%201990%20874%27%2F%3E\" data-src=\"https:\/\/pobillecologics.com\/wp-contenido\/uploads\/2021\/06\/pobill-ecologic-home-02.png\" width=\"1990\" height=\"874\"  alt=\"Die Soziale Unternehmensverantwortung\"\/><\/div>\r\n\t\t<\/figure>\r\n\t<\/div>\r\n<\/div><\/div><\/div><\/div><div class=\"vc_row-full-width vc_clearfix\"><\/div><div class=\"vc_row wpb_row vc_row-fluid ovic_custom_642d38409415b vc_custom_1625241339773 vc_custom_1625241339778 vc_custom_1625241339781 vc_custom_1625241339784 vc_custom_1625241339787\"><div class=\"wpb_column vc_column_container vc_col-sm-12\"><div class=\"vc_column-inner\"><div class=\"wpb_wrapper\">\n\t<div class=\"wpb_text_column wpb_content_element titulo-pagina titulo-largo titulo-pagina titulo-largo ovic_custom_642d38409415c vc_custom_1680683538861 \" >\n\t\t<div class=\"wpb_wrapper\">\n\t\t\t<h1><strong>Die Soziale Unternehmensverantwortung<\/strong><\/h1>\n\n\t\t<\/div>\n\t<\/div>\n\n\t<div class=\"wpb_text_column wpb_content_element texto-justificado texto-justificado ovic_custom_642d38409415d vc_custom_1680683553565 vc_custom_1680683553568 vc_custom_1680683553569 vc_custom_1680683553571 vc_custom_1680683553572\" >\n\t\t<div class=\"wpb_wrapper\">\n\t\t\t<p>Die Soziale Unternehmensverantwortung ist nichts anderes als die Handlungsweise, die das Unternehmen anwendet, um seine T\u00e4tigkeit nachhaltig und ethisch auszurichten, oder was gleichbedeutend ist mit der moralischen und ethischen Verpflichtung von Unternehmen gegen\u00fcber ihren Mitarbeitern, der Umwelt , Wettbewerb, Wirtschaft und anderen Bereichen, die ein Unternehmen beliefern kann.<br \/>\nDie Soziale Unternehmensverantwortung ist daher eine freiwillig eingegangene Verpflichtung eines Unternehmens zu bestimmten Regeln, die \u00fcber seine gesetzlichen Verpflichtungen hinausgehen.<\/p>\n<p>Bei Pobill Ecol\u00f2gics definieren wir uns gerne als ein Familienunternehmen, das zu 100 % von Herzen arbeitet und Bio-Produkte wie natives Oliven\u00f6l extra, Zitrusfr\u00fcchte, Mandeln oder Johannisbrot liefert.<\/p>\n<p>Wir haben Verkaufsstellen f\u00fcr unsere Produkte in ganz Spanien und in Teilen Europas. Wir wollen einen nachhaltigen \u00f6kologischen Fu\u00dfabdruck und einen ausgewogenen sozialen Fu\u00dfabdruck hinterlassen.<\/p>\n\n\t\t<\/div>\n\t<\/div>\n<\/div><\/div><\/div><\/div><div data-vc-full-width=\"true\" data-vc-full-width-init=\"false\" data-vc-stretch-content=\"true\" class=\"vc_row wpb_row vc_row-fluid vc_row-no-padding ovic_custom_642d38409415e vc_custom_1637224565214\"><div class=\"wpb_column vc_column_container vc_col-sm-12 ovic_custom_642d38409415f\"><div class=\"vc_column-inner\"><div class=\"wpb_wrapper\">\r\n\t<div  class=\"wpb_single_image wpb_content_element vc_align_center ovic_custom_642d384094160\">\r\n\t\t\r\n\t\t<figure class=\"wpb_wrapper vc_figure\">\r\n\t\t\t<div class=\"vc_single_image-wrapper   vc_box_border_grey\"><img loading=\"lazy\" decoding=\"async\" class=\"vc_single_image-img lazy attachment-full\" src=\"data:image\/svg+xml;charset=utf-8,%3Csvg%20xmlns%3D%27http%3A%2F%2Fwww.w3.org%2F2000%2Fsvg%27%20viewBox%3D%270%200%201990%20874%27%2F%3E\" data-src=\"https:\/\/pobillecologics.com\/wp-contenido\/uploads\/2021\/06\/pobill-ecologic-home-02.png\" width=\"1990\" height=\"874\"  alt=\"Die Soziale Unternehmensverantwortung\"\/><\/div>\r\n\t\t<\/figure>\r\n\t<\/div>\r\n<\/div><\/div><\/div><\/div><div class=\"vc_row-full-width vc_clearfix\"><\/div><div class=\"vc_row wpb_row vc_row-fluid ovic_custom_642d384094161 vc_custom_1625241339773 vc_custom_1625241339778 vc_custom_1625241339781 vc_custom_1625241339784 vc_custom_1625241339787\"><div class=\"wpb_column vc_column_container vc_col-sm-12\"><div class=\"vc_column-inner\"><div class=\"wpb_wrapper\">\n\t<div class=\"wpb_text_column wpb_content_element texto-justificado texto-justificado ovic_custom_642d384094162 vc_custom_1680683570081 vc_custom_1680683570083 vc_custom_1680683570085 vc_custom_1680683570086 vc_custom_1680683570088\" >\n\t\t<div class=\"wpb_wrapper\">\n\t\t\t<p>In Bezug auf den \u00f6kologischen Fu\u00dfabdruck stammen unsere Produkte zu 100 % aus biologischem Anbau und au\u00dferdem haben wir das Plastik aus unseren Beh\u00e4ltern eliminiert, indem wir zu 100 % recycelbare Aluminium- und Glasbeh\u00e4lter verwenden. Auf diese Weise reduzieren wir die Umweltbelastung und hinterlassen einen saubereren Planeten f\u00fcr die Zukunft. Gem\u00e4\u00df der 0-Abfall-Philosophie haben wir auch zwei Pferde, die sich von dem Unkraut ern\u00e4hren, das auf unserem Land w\u00e4chst, und auf diese Weise ist es m\u00f6glich, einen Unkrautlosen Boden zu haben und die Umweltbelastung zu reduzieren.<\/p>\n<p>Im sozialen Bereich und mit einem festen freiwilligen Engagement mit der Gesellschaft spenden wir jedes Jahr das \u00fcbersch\u00fcssige \u00d6l an C\u00e1ritas (ein wohlt\u00e4tiger christlicher Organismus). Wir arbeiten auch mit der Stiftung Sant Joan de D\u00e9u in Barcelona, und mit dem Verein gegen den Alzheimer in Benicarl\u00f3 zusammen. Ziel dieser Gemeinschaftsarbeit ist es, allen Familien, die sich in einer schwierigen Situation mit Kranken befinden, in irgendeiner Weise helfen zu k\u00f6nnen.<\/p>\n<p>Auf der anderen Seite sponsert Pobill Ecol\u00f2gics verschiedene kulturelle und sportliche Aktivit\u00e4ten in der Region wie z. B. Das Fahrradrennen f\u00fcr die \u201eJuli\u00e1n Borr\u00e0s\u201c Troph\u00e4e in C\u00e1lig.<\/p>\n\n\t\t<\/div>\n\t<\/div>\n<\/div><\/div><\/div><\/div>\n","protected":false},"excerpt":{"rendered":"Die Soziale Unternehmensverantwortung Die Soziale Unternehmensverantwortung ist nichts anderes als die Handlungsweise, die das Unternehmen anwendet, um seine T\u00e4tigkeit nachhaltig und ethisch auszurichten, oder was gleichbedeutend ist mit der moralischen und ethischen Verpflichtung von Unternehmen gegen\u00fcber ihren Mitarbeitern, der Umwelt , Wettbewerb, Wirtschaft und anderen Bereichen, die ein Unternehmen beliefern kann. Die Soziale Unternehmensverantwortung ist [...]","protected":false},"author":2,"featured_media":0,"parent":0,"menu_order":0,"comment_status":"open","ping_status":"open","template":"templates\/fullwidth.php","meta":{"footnotes":""},"class_list":["post-9748","page","type-page","status-publish","hentry"],"yoast_head":"<!-- This site is optimized with the Yoast SEO plugin v27.4 - https:\/\/yoast.com\/product\/yoast-seo-wordpress\/ -->\n<title>Die Soziale Unternehmensverantwortung - Pobill Ecologics<\/title>\n<meta name=\"robots\" content=\"index, follow, max-snippet:-1, max-image-preview:large, max-video-preview:-1\" \/>\n<link rel=\"canonical\" href=\"https:\/\/pobillecologics.com\/de\/die-soziale-unternehmensverantwortung\/\" \/>\n<meta property=\"og:locale\" content=\"de_DE\" \/>\n<meta property=\"og:type\" content=\"article\" \/>\n<meta property=\"og:title\" content=\"Die Soziale Unternehmensverantwortung - Pobill Ecologics\" \/>\n<meta property=\"og:url\" content=\"https:\/\/pobillecologics.com\/de\/die-soziale-unternehmensverantwortung\/\" \/>\n<meta property=\"og:site_name\" content=\"Pobill Ecologics\" \/>\n<meta property=\"article:modified_time\" content=\"2023-04-05T08:58:40+00:00\" \/>\n<meta property=\"og:image\" content=\"https:\/\/pobillecologics.com\/wp-contenido\/uploads\/2022\/02\/beneficios-aceite-oliva-01.jpg\" \/>\n\t<meta property=\"og:image:width\" content=\"960\" \/>\n\t<meta property=\"og:image:height\" content=\"539\" \/>\n\t<meta property=\"og:image:type\" content=\"image\/jpeg\" \/>\n<meta name=\"twitter:card\" content=\"summary_large_image\" \/>\n<meta name=\"twitter:label1\" content=\"Gesch\u00e4tzte Lesezeit\" \/>\n\t<meta name=\"twitter:data1\" content=\"3\u00a0Minuten\" \/>\n<script type=\"application\/ld+json\" class=\"yoast-schema-graph\">{\"@context\":\"https:\\\/\\\/schema.org\",\"@graph\":[{\"@type\":\"WebPage\",\"@id\":\"https:\\\/\\\/pobillecologics.com\\\/de\\\/die-soziale-unternehmensverantwortung\\\/\",\"url\":\"https:\\\/\\\/pobillecologics.com\\\/de\\\/die-soziale-unternehmensverantwortung\\\/\",\"name\":\"Die Soziale Unternehmensverantwortung - Pobill Ecologics\",\"isPartOf\":{\"@id\":\"https:\\\/\\\/pobillecologics.com\\\/de\\\/#website\"},\"datePublished\":\"2023-04-05T08:58:39+00:00\",\"dateModified\":\"2023-04-05T08:58:40+00:00\",\"breadcrumb\":{\"@id\":\"https:\\\/\\\/pobillecologics.com\\\/de\\\/die-soziale-unternehmensverantwortung\\\/#breadcrumb\"},\"inLanguage\":\"de\",\"potentialAction\":[{\"@type\":\"ReadAction\",\"target\":[\"https:\\\/\\\/pobillecologics.com\\\/de\\\/die-soziale-unternehmensverantwortung\\\/\"]}]},{\"@type\":\"BreadcrumbList\",\"@id\":\"https:\\\/\\\/pobillecologics.com\\\/de\\\/die-soziale-unternehmensverantwortung\\\/#breadcrumb\",\"itemListElement\":[{\"@type\":\"ListItem\",\"position\":1,\"name\":\"Portada\",\"item\":\"https:\\\/\\\/pobillecologics.com\\\/de\\\/\"},{\"@type\":\"ListItem\",\"position\":2,\"name\":\"Die Soziale Unternehmensverantwortung\"}]},{\"@type\":\"WebSite\",\"@id\":\"https:\\\/\\\/pobillecologics.com\\\/de\\\/#website\",\"url\":\"https:\\\/\\\/pobillecologics.com\\\/de\\\/\",\"name\":\"Pobill Ecologics\",\"description\":\"Pobill Ecologics\",\"potentialAction\":[{\"@type\":\"SearchAction\",\"target\":{\"@type\":\"EntryPoint\",\"urlTemplate\":\"https:\\\/\\\/pobillecologics.com\\\/de\\\/?s={search_term_string}\"},\"query-input\":{\"@type\":\"PropertyValueSpecification\",\"valueRequired\":true,\"valueName\":\"search_term_string\"}}],\"inLanguage\":\"de\"}]}<\/script>\n<!-- \/ Yoast SEO plugin. -->","yoast_head_json":{"title":"Die Soziale Unternehmensverantwortung - Pobill Ecologics","robots":{"index":"index","follow":"follow","max-snippet":"max-snippet:-1","max-image-preview":"max-image-preview:large","max-video-preview":"max-video-preview:-1"},"canonical":"https:\/\/pobillecologics.com\/de\/die-soziale-unternehmensverantwortung\/","og_locale":"de_DE","og_type":"article","og_title":"Die Soziale Unternehmensverantwortung - Pobill Ecologics","og_url":"https:\/\/pobillecologics.com\/de\/die-soziale-unternehmensverantwortung\/","og_site_name":"Pobill Ecologics","article_modified_time":"2023-04-05T08:58:40+00:00","og_image":[{"width":960,"height":539,"url":"https:\/\/pobillecologics.com\/wp-contenido\/uploads\/2022\/02\/beneficios-aceite-oliva-01.jpg","type":"image\/jpeg"}],"twitter_card":"summary_large_image","twitter_misc":{"Gesch\u00e4tzte Lesezeit":"3\u00a0Minuten"},"schema":{"@context":"https:\/\/schema.org","@graph":[{"@type":"WebPage","@id":"https:\/\/pobillecologics.com\/de\/die-soziale-unternehmensverantwortung\/","url":"https:\/\/pobillecologics.com\/de\/die-soziale-unternehmensverantwortung\/","name":"Die Soziale Unternehmensverantwortung - Pobill Ecologics","isPartOf":{"@id":"https:\/\/pobillecologics.com\/de\/#website"},"datePublished":"2023-04-05T08:58:39+00:00","dateModified":"2023-04-05T08:58:40+00:00","breadcrumb":{"@id":"https:\/\/pobillecologics.com\/de\/die-soziale-unternehmensverantwortung\/#breadcrumb"},"inLanguage":"de","potentialAction":[{"@type":"ReadAction","target":["https:\/\/pobillecologics.com\/de\/die-soziale-unternehmensverantwortung\/"]}]},{"@type":"BreadcrumbList","@id":"https:\/\/pobillecologics.com\/de\/die-soziale-unternehmensverantwortung\/#breadcrumb","itemListElement":[{"@type":"ListItem","position":1,"name":"Portada","item":"https:\/\/pobillecologics.com\/de\/"},{"@type":"ListItem","position":2,"name":"Die Soziale Unternehmensverantwortung"}]},{"@type":"WebSite","@id":"https:\/\/pobillecologics.com\/de\/#website","url":"https:\/\/pobillecologics.com\/de\/","name":"Pobill Ecologics","description":"Pobill Ecologics","potentialAction":[{"@type":"SearchAction","target":{"@type":"EntryPoint","urlTemplate":"https:\/\/pobillecologics.com\/de\/?s={search_term_string}"},"query-input":{"@type":"PropertyValueSpecification","valueRequired":true,"valueName":"search_term_string"}}],"inLanguage":"de"}]}},"_links":{"self":[{"href":"https:\/\/pobillecologics.com\/de\/wp-json\/wp\/v2\/pages\/9748","targetHints":{"allow":["GET"]}}],"collection":[{"href":"https:\/\/pobillecologics.com\/de\/wp-json\/wp\/v2\/pages"}],"about":[{"href":"https:\/\/pobillecologics.com\/de\/wp-json\/wp\/v2\/types\/page"}],"author":[{"embeddable":true,"href":"https:\/\/pobillecologics.com\/de\/wp-json\/wp\/v2\/users\/2"}],"replies":[{"embeddable":true,"href":"https:\/\/pobillecologics.com\/de\/wp-json\/wp\/v2\/comments?post=9748"}],"version-history":[{"count":0,"href":"https:\/\/pobillecologics.com\/de\/wp-json\/wp\/v2\/pages\/9748\/revisions"}],"wp:attachment":[{"href":"https:\/\/pobillecologics.com\/de\/wp-json\/wp\/v2\/media?parent=9748"}],"curies":[{"name":"wp","href":"https:\/\/api.w.org\/{rel}","templated":true}]}}