{"id":9746,"date":"2023-04-05T09:29:43","date_gmt":"2023-04-05T08:29:43","guid":{"rendered":"https:\/\/pobillecologics.com\/?page_id=9746"},"modified":"2023-04-05T09:29:43","modified_gmt":"2023-04-05T08:29:43","slug":"datenschutzerklaerung","status":"publish","type":"page","link":"https:\/\/pobillecologics.com\/de\/datenschutzerklaerung\/","title":{"rendered":"Datenschutzerkl\u00e4rung"},"content":{"rendered":"<div class=\"vc_row wpb_row vc_row-fluid ovic_custom_642d31786ef36 vc_custom_1625237233233 vc_custom_1625237233239 vc_custom_1625237233243 vc_custom_1625237233246 vc_custom_1625237233249\"><div class=\"wpb_column vc_column_container vc_col-sm-12\"><div class=\"vc_column-inner\"><div class=\"wpb_wrapper\">\n\t<div class=\"wpb_text_column wpb_content_element texto-justificado texto-justificado ovic_custom_642d31786ef38 \" >\n\t\t<div class=\"wpb_wrapper\">\n\t\t\t<h1><strong> Datenschutzerkl\u00e4rung <\/strong><\/h1>\n<h3>Informaci\u00f3n al usuario<\/h3>\n<p><strong>Pobill Ecologics, S.L.U.<\/strong>, como responsable del tratamiento, le informa que, de conformidad a lo dispuesto en el Reglamento UE 2016\/679 de 27 de abril (RGPD) y a la Ley O. 3\/2018 de 5 de diciembre de protecci\u00f3n de datos personales y garant\u00eda de sus derechos digitales (LPGPDGDD), trataremos sus datos tal y como se refleja en la presente pol\u00edtica de privacidad.<\/p>\n<p>En la pol\u00edtica de privacidad describimos como recogemos sus datos personales, porqu\u00e9 los recogemos, que hacemos con ellos, con qui\u00e9n los compartimos, como los protegemos y sus opciones en relaci\u00f3n al tratamiento de sus datos personales. Esta pol\u00edtica se aplica al tratamiento de sus datos personales recogidos por la empresa para la prestaci\u00f3n de sus servicios. Si acepta las medidas de esta pol\u00edtica de privacidad, acepta que tratemos sus datos personales como se definen aqu\u00ed.<\/p>\n<h3>Contacto<\/h3>\n<ul>\n<li>Denominaci\u00f3n social: Pobill Ecologics, S.L.U.<\/li>\n<li>Nombre comercial: Pobill Ecol\u00f2gics<\/li>\n<li>CIF: B44921153<\/li>\n<li>Domicilio: Constituci\u00f3 20, 12589 C\u00e0lig, Castell\u00f3<\/li>\n<li>Correo electr\u00f3nico: info@pobillecologics.com<\/li>\n<\/ul>\n<h3>Principios de la pol\u00edtica de privacidad:<\/h3>\n<ol>\n<li>Legalidad: S\u00f3lo recopilamos sus datos personales para fines espec\u00edficos, expl\u00edcitos y leg\u00edtimos.<\/li>\n<li>Minimizaci\u00f3n de datos: Limitamos la recogida de datos de car\u00e1cter personal a lo que es estrictamente relevante y necesario para el fin por el cual se han recopilado.<\/li>\n<li>Limitaci\u00f3n de la finalidad: Solo recogemos sus datos personales para las finalidades declaradas y seg\u00fan sus deseos.<\/li>\n<li>Precisi\u00f3n: se mantendr\u00e1n sus datos personales exactos y actualizados.<\/li>\n<li>Seguridad de los datos: Aplicamos las medidas t\u00e9cnicas adecuadas y proporcionales a los riesgos para garantizar que sus datos no sean divulgados.<\/li>\n<li>Acceso y rectificaci\u00f3n: Disponemos e medios que permiten que Ud. acceda o rectifique sus datos personales cuando lo considere oportuno.<\/li>\n<li>Conservaci\u00f3n: Conservamos sus datos personales de manera legal y apropiada solo mientras sea necesario para los fines por los que se recopilaron.<\/li>\n<li>Terceros: El acceso y transferencia de datos personales a terceos se lleva a t\u00e9rmino de acuerdo con las leyes y reglamentos aplicables y con las garant\u00edas contractuales adecuadas.<\/li>\n<\/ol>\n<h3>Recogida y tratamiento de sus datos personales<\/h3>\n<p>El tipo de datos personales que se pueden solicitar y tratar son:<\/p>\n<ul>\n<li>Datos de car\u00e1cter indentificativo. Recogemos tambi\u00e9n de manera autom\u00e1tica datos sobre su visita al sitio web seg\u00fan se describe en la pol\u00edtica de \u201ccookies\u201d. En todo caso, siempre que solicitemos sus datos personales, le informamos con claridad de qu\u00e9 datos recogemos y con qu\u00e9 finalidad, siendo el prop\u00f3sito principal:<\/li>\n<li>Proporcionar informaci\u00f3n, servicios, productos, informaci\u00f3n relevante y novedades del sector.<\/li>\n<li>Env\u00edo de comunicaciones.<\/li>\n<\/ul>\n<h3>Legitimidad<\/h3>\n<p>De acuerdo con la normativa de protecci\u00f3n de datos aplicable sus datos personales podr\u00e1n tratarse siempre que:<\/p>\n<ul>\n<li>Nos haya dado su consentimiento, que podr\u00e1 retirar en cualquier momento.<\/li>\n<li>Por requerimiento legal.<\/li>\n<li>Por existir inter\u00e9s leg\u00edtimo que no se vea menoscabado por sus derechos de privacidad, como el env\u00edo de informaci\u00f3n comercial por su condici\u00f3n de cliente.<\/li>\n<li>Por ser necesaria para la prestaci\u00f3n de alguno de nuestros servicios mediante relaci\u00f3n contractual entre Ud. y nosotros.<\/li>\n<\/ul>\n<h3>Comunicaci\u00f3n de datos personales<\/h3>\n<p>Los datos personales pueden ser comunicados a empresas relacionadas con <strong>Pobill Ecologics, S.L.U.<\/strong> para la prestaci\u00f3n de diversos servicios en calidad de encargados de tratamiento. La empresa no efectuar\u00e1 ninguna cesi\u00f3n, salvo por obligaci\u00f3n legal.<\/p>\n<h3>Sus derechos<\/h3>\n<p>En relaci\u00f3n a la recogida y tratamiento de sus datos personales, puede ponerse en contacto con nosotros en cualquier momento para:<\/p>\n<ul>\n<li>Acceder a sus datos personales y a cualquier otra informaci\u00f3n que indica el art\u00edculo 15.1 de RGPD.<\/li>\n<li>Rectificar sus datos personales que sean inexactos o est\u00e9n incompletos de acuerdo con el art\u00edculo 16 de RGPD.<\/li>\n<li>Suprimir sus datos personales de acuerdo con el art\u00edculo 17 del RGPD.<\/li>\n<li>Limitar el tratamiento de sus datos personales de acuerdo al art\u00edculo 18 del RGPD.<\/li>\n<li>Solicitar la portabilidad de sus datos personales de acuerdo a lo dispuesto en el art\u00edculo 20 del RGPD.Oponerse al tratamiento de sus datos personales de acuerdo con el art\u00edculo 21 RGPD.<\/li>\n<\/ul>\n<p>Si ha otorgado su consentimiento para alguna finalidad concreta, tiene derecho a retirar el consentimiento otorgado en cualquier momento. Puede ejercer estos derechos enviando una comunicaci\u00f3n. Motivada y acreditada a info@pobillecologics.com<\/p>\n<p>Tambi\u00e9n tiene derecho a presentar una reclamaci\u00f3n ante la autoridad de control competente, calle Jorge Juan, 6 CP 28001 Madrid (<a href=\"https:\/\/www.aepd.es\/es\">www.aepd.es<\/a>) si considera que el tratamiento no se ajusta a la normativa vigente.<\/p>\n<h3>Informaci\u00f3n legal<\/h3>\n<p>Los requisitos de esta pol\u00edtica de privacidad complementan, i no reemplazan, cualquier otro requisito existente en la ley de Protecci\u00f3n de datos aplicable, que prevalecer\u00e1 en cualquier caso.<br \/>\nEsta pol\u00edtica est\u00e1 sujeta a revisiones peri\u00f3dicas, y la empresa puede modificarla en cualquier momento.<\/p>\n\n\t\t<\/div>\n\t<\/div>\n<\/div><\/div><\/div><\/div>\n","protected":false},"excerpt":{"rendered":"Datenschutzerkl\u00e4rung Informaci\u00f3n al usuario Pobill Ecologics, S.L.U., como responsable del tratamiento, le informa que, de conformidad a lo dispuesto en el Reglamento UE 2016\/679 de 27 de abril (RGPD) y a la Ley O. 3\/2018 de 5 de diciembre de protecci\u00f3n de datos personales y garant\u00eda de sus derechos digitales (LPGPDGDD), trataremos sus datos tal [...]","protected":false},"author":2,"featured_media":0,"parent":0,"menu_order":0,"comment_status":"closed","ping_status":"open","template":"templates\/fullwidth.php","meta":{"footnotes":""},"class_list":["post-9746","page","type-page","status-publish","hentry"],"yoast_head":"<!-- This site is optimized with the Yoast SEO plugin v27.4 - https:\/\/yoast.com\/product\/yoast-seo-wordpress\/ -->\n<title>Datenschutzerkl\u00e4rung - Pobill Ecologics<\/title>\n<meta name=\"robots\" content=\"index, follow, max-snippet:-1, max-image-preview:large, max-video-preview:-1\" \/>\n<link rel=\"canonical\" href=\"https:\/\/pobillecologics.com\/de\/datenschutzerklaerung\/\" \/>\n<meta property=\"og:locale\" content=\"de_DE\" \/>\n<meta property=\"og:type\" content=\"article\" \/>\n<meta property=\"og:title\" content=\"Datenschutzerkl\u00e4rung - Pobill Ecologics\" \/>\n<meta property=\"og:url\" content=\"https:\/\/pobillecologics.com\/de\/datenschutzerklaerung\/\" \/>\n<meta property=\"og:site_name\" content=\"Pobill Ecologics\" \/>\n<meta property=\"og:image\" content=\"https:\/\/pobillecologics.com\/wp-contenido\/uploads\/2022\/02\/beneficios-aceite-oliva-01.jpg\" \/>\n\t<meta property=\"og:image:width\" content=\"960\" \/>\n\t<meta property=\"og:image:height\" content=\"539\" \/>\n\t<meta property=\"og:image:type\" content=\"image\/jpeg\" \/>\n<meta name=\"twitter:card\" content=\"summary_large_image\" \/>\n<meta name=\"twitter:label1\" content=\"Gesch\u00e4tzte Lesezeit\" \/>\n\t<meta name=\"twitter:data1\" content=\"4\u00a0Minuten\" \/>\n<script type=\"application\/ld+json\" class=\"yoast-schema-graph\">{\"@context\":\"https:\\\/\\\/schema.org\",\"@graph\":[{\"@type\":\"WebPage\",\"@id\":\"https:\\\/\\\/pobillecologics.com\\\/de\\\/datenschutzerklaerung\\\/\",\"url\":\"https:\\\/\\\/pobillecologics.com\\\/de\\\/datenschutzerklaerung\\\/\",\"name\":\"Datenschutzerkl\u00e4rung - Pobill Ecologics\",\"isPartOf\":{\"@id\":\"https:\\\/\\\/pobillecologics.com\\\/de\\\/#website\"},\"datePublished\":\"2023-04-05T08:29:43+00:00\",\"breadcrumb\":{\"@id\":\"https:\\\/\\\/pobillecologics.com\\\/de\\\/datenschutzerklaerung\\\/#breadcrumb\"},\"inLanguage\":\"de\",\"potentialAction\":[{\"@type\":\"ReadAction\",\"target\":[\"https:\\\/\\\/pobillecologics.com\\\/de\\\/datenschutzerklaerung\\\/\"]}]},{\"@type\":\"BreadcrumbList\",\"@id\":\"https:\\\/\\\/pobillecologics.com\\\/de\\\/datenschutzerklaerung\\\/#breadcrumb\",\"itemListElement\":[{\"@type\":\"ListItem\",\"position\":1,\"name\":\"Portada\",\"item\":\"https:\\\/\\\/pobillecologics.com\\\/de\\\/\"},{\"@type\":\"ListItem\",\"position\":2,\"name\":\"Datenschutzerkl\u00e4rung\"}]},{\"@type\":\"WebSite\",\"@id\":\"https:\\\/\\\/pobillecologics.com\\\/de\\\/#website\",\"url\":\"https:\\\/\\\/pobillecologics.com\\\/de\\\/\",\"name\":\"Pobill Ecologics\",\"description\":\"Pobill Ecologics\",\"potentialAction\":[{\"@type\":\"SearchAction\",\"target\":{\"@type\":\"EntryPoint\",\"urlTemplate\":\"https:\\\/\\\/pobillecologics.com\\\/de\\\/?s={search_term_string}\"},\"query-input\":{\"@type\":\"PropertyValueSpecification\",\"valueRequired\":true,\"valueName\":\"search_term_string\"}}],\"inLanguage\":\"de\"}]}<\/script>\n<!-- \/ Yoast SEO plugin. -->","yoast_head_json":{"title":"Datenschutzerkl\u00e4rung - Pobill Ecologics","robots":{"index":"index","follow":"follow","max-snippet":"max-snippet:-1","max-image-preview":"max-image-preview:large","max-video-preview":"max-video-preview:-1"},"canonical":"https:\/\/pobillecologics.com\/de\/datenschutzerklaerung\/","og_locale":"de_DE","og_type":"article","og_title":"Datenschutzerkl\u00e4rung - Pobill Ecologics","og_url":"https:\/\/pobillecologics.com\/de\/datenschutzerklaerung\/","og_site_name":"Pobill Ecologics","og_image":[{"width":960,"height":539,"url":"https:\/\/pobillecologics.com\/wp-contenido\/uploads\/2022\/02\/beneficios-aceite-oliva-01.jpg","type":"image\/jpeg"}],"twitter_card":"summary_large_image","twitter_misc":{"Gesch\u00e4tzte Lesezeit":"4\u00a0Minuten"},"schema":{"@context":"https:\/\/schema.org","@graph":[{"@type":"WebPage","@id":"https:\/\/pobillecologics.com\/de\/datenschutzerklaerung\/","url":"https:\/\/pobillecologics.com\/de\/datenschutzerklaerung\/","name":"Datenschutzerkl\u00e4rung - Pobill Ecologics","isPartOf":{"@id":"https:\/\/pobillecologics.com\/de\/#website"},"datePublished":"2023-04-05T08:29:43+00:00","breadcrumb":{"@id":"https:\/\/pobillecologics.com\/de\/datenschutzerklaerung\/#breadcrumb"},"inLanguage":"de","potentialAction":[{"@type":"ReadAction","target":["https:\/\/pobillecologics.com\/de\/datenschutzerklaerung\/"]}]},{"@type":"BreadcrumbList","@id":"https:\/\/pobillecologics.com\/de\/datenschutzerklaerung\/#breadcrumb","itemListElement":[{"@type":"ListItem","position":1,"name":"Portada","item":"https:\/\/pobillecologics.com\/de\/"},{"@type":"ListItem","position":2,"name":"Datenschutzerkl\u00e4rung"}]},{"@type":"WebSite","@id":"https:\/\/pobillecologics.com\/de\/#website","url":"https:\/\/pobillecologics.com\/de\/","name":"Pobill Ecologics","description":"Pobill Ecologics","potentialAction":[{"@type":"SearchAction","target":{"@type":"EntryPoint","urlTemplate":"https:\/\/pobillecologics.com\/de\/?s={search_term_string}"},"query-input":{"@type":"PropertyValueSpecification","valueRequired":true,"valueName":"search_term_string"}}],"inLanguage":"de"}]}},"_links":{"self":[{"href":"https:\/\/pobillecologics.com\/de\/wp-json\/wp\/v2\/pages\/9746","targetHints":{"allow":["GET"]}}],"collection":[{"href":"https:\/\/pobillecologics.com\/de\/wp-json\/wp\/v2\/pages"}],"about":[{"href":"https:\/\/pobillecologics.com\/de\/wp-json\/wp\/v2\/types\/page"}],"author":[{"embeddable":true,"href":"https:\/\/pobillecologics.com\/de\/wp-json\/wp\/v2\/users\/2"}],"replies":[{"embeddable":true,"href":"https:\/\/pobillecologics.com\/de\/wp-json\/wp\/v2\/comments?post=9746"}],"version-history":[{"count":0,"href":"https:\/\/pobillecologics.com\/de\/wp-json\/wp\/v2\/pages\/9746\/revisions"}],"wp:attachment":[{"href":"https:\/\/pobillecologics.com\/de\/wp-json\/wp\/v2\/media?parent=9746"}],"curies":[{"name":"wp","href":"https:\/\/api.w.org\/{rel}","templated":true}]}}