{"id":9743,"date":"2023-04-05T09:17:02","date_gmt":"2023-04-05T08:17:02","guid":{"rendered":"https:\/\/pobillecologics.com\/?page_id=9743"},"modified":"2023-04-05T09:17:02","modified_gmt":"2023-04-05T08:17:02","slug":"cookie-richtlinie","status":"publish","type":"page","link":"https:\/\/pobillecologics.com\/de\/cookie-richtlinie\/","title":{"rendered":"Cookie-Richtlinie"},"content":{"rendered":"<div class=\"vc_row wpb_row vc_row-fluid ovic_custom_642d2e7f4d9fc vc_custom_1625487644036 vc_custom_1625487644041 vc_custom_1625487644044 vc_custom_1625487644047 vc_custom_1625487644050\"><div class=\"wpb_column vc_column_container vc_col-sm-12\"><div class=\"vc_column-inner\"><div class=\"wpb_wrapper\">\n\t<div class=\"wpb_text_column wpb_content_element ovic_custom_642d2e7f4d9ff \" >\n\t\t<div class=\"wpb_wrapper\">\n\t\t\t<h1><strong>Pol\u00edtica de cookies<\/strong><\/h1>\n\n\t\t<\/div>\n\t<\/div>\n\n\t<div class=\"wpb_text_column wpb_content_element texto-justificado texto-justificado ovic_custom_642d2e7f4da00 vc_custom_1643988528696 vc_custom_1643988528699 vc_custom_1643988528702 vc_custom_1643988528704 vc_custom_1643988528706\" >\n\t\t<div class=\"wpb_wrapper\">\n\t\t\t<h3>Sobre aquesta pol\u00edtica de cookies<\/h3>\n<p>Aquesta pol\u00edtica de cookies explica qu\u00e8 s\u00f3n les cookies i com les fem servir, els tipus de cookies que fem servir, \u00e9s a dir, la informaci\u00f3 que recopilem mitjan\u00e7ant cookies i com s\u2019utilitza aquesta informaci\u00f3 i com controlar les prefer\u00e8ncies de cookies. Per obtenir m\u00e9s informaci\u00f3 sobre com fem servir, emmagatzemem i mantenim segures les vostres dades personals, consulteu la nostra Pol\u00edtica de privadesa.<\/p>\n<p>En qualsevol moment, podeu canviar o retirar el vostre consentiment de la Declaraci\u00f3 de cookies del nostre lloc web<\/p>\n<p>Obteniu m\u00e9s informaci\u00f3 sobre qui som, com podeu contactar amb nosaltres i com processem les dades personals a la nostra Pol\u00edtica de privadesa.<\/p>\n<p>El vostre consentiment s\u2019aplica als dominis seg\u00fcents:<\/p>\n<p><a href=\"http:\/\/pobillecologics.com\">pobillecologics.com<\/a><\/p>\n<div class=\"estado-consentimiento\"><div class=\"cli_user_consent_state\">Dein aktueller Status: Keine Einwilligung erteilt. <a class=\"cli_manage_current_consent\" style=\"cursor:pointer;text-decoration:underline;\">Verwalte deine Einwilligung<\/a> <\/div><\/div>\n<p>&nbsp;<\/p>\n<h3>Qu\u00e8 s\u00f3n les cookies?<\/h3>\n<p>Les cookies s\u00f3n petits fitxers de text que s\u2019utilitzen per emmagatzemar petites dades. S\u2019emmagatzemen al dispositiu quan es carrega el lloc web al navegador. Aquestes cookies ens ajuden a fer que el lloc web funcioni correctament, a fer-lo m\u00e9s segur, a proporcionar una millor experi\u00e8ncia d\u2019usuari i a entendre com funciona el lloc web i analitzar qu\u00e8 funciona i on necessita una millora.<\/p>\n<h3>Com fem servir les cookies?<\/h3>\n<p>Com la majoria dels serveis en l\u00ednia, el nostre lloc web utilitza cookies pr\u00f2pies i de tercers per a diversos prop\u00f2sits. Les galetes pr\u00f2pies s\u00f3n b\u00e0sicament necess\u00e0ries perqu\u00e8 el lloc web funcioni correctament i no recopilen cap de les vostres dades d\u2019identificaci\u00f3 personal.<\/p>\n<p>Les cookies de tercers que s\u2019utilitzen al nostre lloc web serveixen principalment per entendre el funcionament del lloc web, com interactueu amb el nostre lloc web, mantenir segurs els nostres serveis, proporcionar anuncis que siguin rellevants per a vosaltres i, en definitiva, proporcionar-vos un usuari millor i millorat. experimentar i ajudar a accelerar les seves futures interaccions amb el nostre lloc web.<\/p>\n<h3>Quins tipus de cookies fem servir?<\/h3>\n<p><strong>Essencial<\/strong>: algunes cookies s\u00f3n essencials perqu\u00e8 pugueu experimentar la funcionalitat completa del nostre lloc. Ens permeten mantenir sessions d\u2019usuaris i prevenir amenaces de seguretat. No recopilen ni emmagatzemen cap informaci\u00f3 personal. Per exemple, aquestes galetes us permeten iniciar la sessi\u00f3 al vostre compte i afegir productes a la cistella i fer la compra de forma segura.<\/p>\n<p><strong>Estad\u00edstiques<\/strong>: aquestes cookies emmagatzemen informaci\u00f3 com el nombre de visitants del lloc web, el nombre de visitants \u00fanics, quines p\u00e0gines del lloc web s\u2019han visitat, la font de la visita, etc. Aquestes dades ens ajuden a comprendre i analitzar el rendiment del lloc web. i on cal millorar.<\/p>\n<p><strong>M\u00e0rqueting<\/strong>: el nostre lloc web mostra anuncis. Aquestes cookies s\u2019utilitzen per personalitzar els anuncis que us mostrem de manera que siguin significatius per a vosaltres. Aquestes cookies tamb\u00e9 ens ajuden a fer un seguiment de l\u2019efici\u00e8ncia d\u2019aquestes campanyes publicit\u00e0ries.<\/p>\n<p>La informaci\u00f3 emmagatzemada en aquestes cookies tamb\u00e9 la poden utilitzar tercers prove\u00efdors d\u2019anuncis per mostrar-vos anuncis en altres llocs web del navegador.<\/p>\n<p><strong>Funcionals<\/strong>: T S\u00f3n les cookies que ajuden a determinades funcionalitats no essencials del nostre lloc web. Aquestes funcionalitats inclouen incrustar contingut com v\u00eddeos o compartir contingut del lloc web a les plataformes de xarxes socials.<\/p>\n<p><strong>Prefer\u00e8ncies<\/strong>: aquestes cookies ens ajuden a emmagatzemar la vostra configuraci\u00f3 i prefer\u00e8ncies de navegaci\u00f3, com ara les prefer\u00e8ncies d\u2019idioma, de manera que tingueu una experi\u00e8ncia millor i eficient en futures visites al lloc web.<\/p>\n\n<h3>Com puc controlar les prefer\u00e8ncies de cookies?<\/h3>\n<p>Si decidiu canviar les vostres prefer\u00e8ncies m\u00e9s endavant a trav\u00e9s de la sessi\u00f3 de navegaci\u00f3, podeu fer clic a la pestanya &#8222;Pol\u00edtica de privadesa i cookies&#8220; de la pantalla. Es mostrar\u00e0 de nou l&#8217;av\u00eds de consentiment que us permetr\u00e0 canviar les vostres prefer\u00e8ncies o retirar-lo completament.<\/p>\n<p>A m\u00e9s, diferents navegadors proporcionen m\u00e8todes diferents per bloquejar i eliminar les cookies que fan servir els llocs web. Podeu canviar la configuraci\u00f3 del vostre navegador per bloquejar \/ eliminar les cookies. Per obtenir m\u00e9s informaci\u00f3 sobre com gestionar i eliminar les cookies, visiteu <a href=\"https:\/\/en.wikipedia.org\/wiki\/HTTP_cookie\" target=\"_blank\" rel=\"nofollow noopener\">wikipedia.org<\/a>, <a href=\"http:\/\/www.allaboutcookies.org\/\" target=\"_blank\" rel=\"nofollow noopener\">www.allaboutcookies.org.<\/a><\/p>\n\n\t\t<\/div>\n\t<\/div>\n<\/div><\/div><\/div><\/div>\n","protected":false},"excerpt":{"rendered":"Pol\u00edtica de cookies Sobre aquesta pol\u00edtica de cookies Aquesta pol\u00edtica de cookies explica qu\u00e8 s\u00f3n les cookies i com les fem servir, els tipus de cookies que fem servir, \u00e9s a dir, la informaci\u00f3 que recopilem mitjan\u00e7ant cookies i com s\u2019utilitza aquesta informaci\u00f3 i com controlar les prefer\u00e8ncies de cookies. Per obtenir m\u00e9s informaci\u00f3 sobre [...]","protected":false},"author":2,"featured_media":0,"parent":0,"menu_order":0,"comment_status":"closed","ping_status":"open","template":"templates\/fullwidth.php","meta":{"footnotes":""},"class_list":["post-9743","page","type-page","status-publish","hentry"],"yoast_head":"<!-- This site is optimized with the Yoast SEO plugin v27.4 - https:\/\/yoast.com\/product\/yoast-seo-wordpress\/ -->\n<title>Cookie-Richtlinie - Pobill Ecologics<\/title>\n<meta name=\"robots\" content=\"index, follow, max-snippet:-1, max-image-preview:large, max-video-preview:-1\" \/>\n<link rel=\"canonical\" href=\"https:\/\/pobillecologics.com\/de\/cookie-richtlinie\/\" \/>\n<meta property=\"og:locale\" content=\"de_DE\" \/>\n<meta property=\"og:type\" content=\"article\" \/>\n<meta property=\"og:title\" content=\"Cookie-Richtlinie - Pobill Ecologics\" \/>\n<meta property=\"og:url\" content=\"https:\/\/pobillecologics.com\/de\/cookie-richtlinie\/\" \/>\n<meta property=\"og:site_name\" content=\"Pobill Ecologics\" \/>\n<meta property=\"og:image\" content=\"https:\/\/pobillecologics.com\/wp-contenido\/uploads\/2022\/02\/beneficios-aceite-oliva-01.jpg\" \/>\n\t<meta property=\"og:image:width\" content=\"960\" \/>\n\t<meta property=\"og:image:height\" content=\"539\" \/>\n\t<meta property=\"og:image:type\" content=\"image\/jpeg\" \/>\n<meta name=\"twitter:card\" content=\"summary_large_image\" \/>\n<meta name=\"twitter:label1\" content=\"Gesch\u00e4tzte Lesezeit\" \/>\n\t<meta name=\"twitter:data1\" content=\"4\u00a0Minuten\" \/>\n<script type=\"application\/ld+json\" class=\"yoast-schema-graph\">{\"@context\":\"https:\\\/\\\/schema.org\",\"@graph\":[{\"@type\":\"WebPage\",\"@id\":\"https:\\\/\\\/pobillecologics.com\\\/de\\\/cookie-richtlinie\\\/\",\"url\":\"https:\\\/\\\/pobillecologics.com\\\/de\\\/cookie-richtlinie\\\/\",\"name\":\"Cookie-Richtlinie - Pobill Ecologics\",\"isPartOf\":{\"@id\":\"https:\\\/\\\/pobillecologics.com\\\/de\\\/#website\"},\"datePublished\":\"2023-04-05T08:17:02+00:00\",\"breadcrumb\":{\"@id\":\"https:\\\/\\\/pobillecologics.com\\\/de\\\/cookie-richtlinie\\\/#breadcrumb\"},\"inLanguage\":\"de\",\"potentialAction\":[{\"@type\":\"ReadAction\",\"target\":[\"https:\\\/\\\/pobillecologics.com\\\/de\\\/cookie-richtlinie\\\/\"]}]},{\"@type\":\"BreadcrumbList\",\"@id\":\"https:\\\/\\\/pobillecologics.com\\\/de\\\/cookie-richtlinie\\\/#breadcrumb\",\"itemListElement\":[{\"@type\":\"ListItem\",\"position\":1,\"name\":\"Portada\",\"item\":\"https:\\\/\\\/pobillecologics.com\\\/de\\\/\"},{\"@type\":\"ListItem\",\"position\":2,\"name\":\"Cookie-Richtlinie\"}]},{\"@type\":\"WebSite\",\"@id\":\"https:\\\/\\\/pobillecologics.com\\\/de\\\/#website\",\"url\":\"https:\\\/\\\/pobillecologics.com\\\/de\\\/\",\"name\":\"Pobill Ecologics\",\"description\":\"Pobill Ecologics\",\"potentialAction\":[{\"@type\":\"SearchAction\",\"target\":{\"@type\":\"EntryPoint\",\"urlTemplate\":\"https:\\\/\\\/pobillecologics.com\\\/de\\\/?s={search_term_string}\"},\"query-input\":{\"@type\":\"PropertyValueSpecification\",\"valueRequired\":true,\"valueName\":\"search_term_string\"}}],\"inLanguage\":\"de\"}]}<\/script>\n<!-- \/ Yoast SEO plugin. -->","yoast_head_json":{"title":"Cookie-Richtlinie - Pobill Ecologics","robots":{"index":"index","follow":"follow","max-snippet":"max-snippet:-1","max-image-preview":"max-image-preview:large","max-video-preview":"max-video-preview:-1"},"canonical":"https:\/\/pobillecologics.com\/de\/cookie-richtlinie\/","og_locale":"de_DE","og_type":"article","og_title":"Cookie-Richtlinie - Pobill Ecologics","og_url":"https:\/\/pobillecologics.com\/de\/cookie-richtlinie\/","og_site_name":"Pobill Ecologics","og_image":[{"width":960,"height":539,"url":"https:\/\/pobillecologics.com\/wp-contenido\/uploads\/2022\/02\/beneficios-aceite-oliva-01.jpg","type":"image\/jpeg"}],"twitter_card":"summary_large_image","twitter_misc":{"Gesch\u00e4tzte Lesezeit":"4\u00a0Minuten"},"schema":{"@context":"https:\/\/schema.org","@graph":[{"@type":"WebPage","@id":"https:\/\/pobillecologics.com\/de\/cookie-richtlinie\/","url":"https:\/\/pobillecologics.com\/de\/cookie-richtlinie\/","name":"Cookie-Richtlinie - Pobill Ecologics","isPartOf":{"@id":"https:\/\/pobillecologics.com\/de\/#website"},"datePublished":"2023-04-05T08:17:02+00:00","breadcrumb":{"@id":"https:\/\/pobillecologics.com\/de\/cookie-richtlinie\/#breadcrumb"},"inLanguage":"de","potentialAction":[{"@type":"ReadAction","target":["https:\/\/pobillecologics.com\/de\/cookie-richtlinie\/"]}]},{"@type":"BreadcrumbList","@id":"https:\/\/pobillecologics.com\/de\/cookie-richtlinie\/#breadcrumb","itemListElement":[{"@type":"ListItem","position":1,"name":"Portada","item":"https:\/\/pobillecologics.com\/de\/"},{"@type":"ListItem","position":2,"name":"Cookie-Richtlinie"}]},{"@type":"WebSite","@id":"https:\/\/pobillecologics.com\/de\/#website","url":"https:\/\/pobillecologics.com\/de\/","name":"Pobill Ecologics","description":"Pobill Ecologics","potentialAction":[{"@type":"SearchAction","target":{"@type":"EntryPoint","urlTemplate":"https:\/\/pobillecologics.com\/de\/?s={search_term_string}"},"query-input":{"@type":"PropertyValueSpecification","valueRequired":true,"valueName":"search_term_string"}}],"inLanguage":"de"}]}},"_links":{"self":[{"href":"https:\/\/pobillecologics.com\/de\/wp-json\/wp\/v2\/pages\/9743","targetHints":{"allow":["GET"]}}],"collection":[{"href":"https:\/\/pobillecologics.com\/de\/wp-json\/wp\/v2\/pages"}],"about":[{"href":"https:\/\/pobillecologics.com\/de\/wp-json\/wp\/v2\/types\/page"}],"author":[{"embeddable":true,"href":"https:\/\/pobillecologics.com\/de\/wp-json\/wp\/v2\/users\/2"}],"replies":[{"embeddable":true,"href":"https:\/\/pobillecologics.com\/de\/wp-json\/wp\/v2\/comments?post=9743"}],"version-history":[{"count":0,"href":"https:\/\/pobillecologics.com\/de\/wp-json\/wp\/v2\/pages\/9743\/revisions"}],"wp:attachment":[{"href":"https:\/\/pobillecologics.com\/de\/wp-json\/wp\/v2\/media?parent=9743"}],"curies":[{"name":"wp","href":"https:\/\/api.w.org\/{rel}","templated":true}]}}