{"id":9738,"date":"2023-04-05T09:13:08","date_gmt":"2023-04-05T08:13:08","guid":{"rendered":"https:\/\/pobillecologics.com\/?page_id=9738"},"modified":"2023-04-05T11:03:48","modified_gmt":"2023-04-05T10:03:48","slug":"weingut","status":"publish","type":"page","link":"https:\/\/pobillecologics.com\/de\/weingut\/","title":{"rendered":"Weingut"},"content":{"rendered":"<div id=\"banner-inicio\" data-vc-full-width=\"true\" data-vc-full-width-init=\"false\" data-vc-stretch-content=\"true\" class=\"vc_row wpb_row vc_row-fluid vc_row-no-padding ovic_custom_642d47852044f vc_custom_1637238656961\"><div class=\"wpb_column vc_column_container vc_col-sm-12 ovic_custom_642d478520452\"><div class=\"vc_column-inner\"><div class=\"wpb_wrapper\">\r\n\t<div  class=\"wpb_single_image wpb_content_element vc_align_center ovic_custom_642d478520453\">\r\n\t\t\r\n\t\t<figure class=\"wpb_wrapper vc_figure\">\r\n\t\t\t<div class=\"vc_single_image-wrapper   vc_box_border_grey\"><img loading=\"lazy\" decoding=\"async\" class=\"vc_single_image-img lazy attachment-full\" src=\"data:image\/svg+xml;charset=utf-8,%3Csvg%20xmlns%3D%27http%3A%2F%2Fwww.w3.org%2F2000%2Fsvg%27%20viewBox%3D%270%200%201990%20874%27%2F%3E\" data-src=\"https:\/\/pobillecologics.com\/wp-contenido\/uploads\/2021\/06\/pobill-ecologic-home-02.png\" width=\"1990\" height=\"874\"  alt=\"Weingut\"\/><\/div>\r\n\t\t<\/figure>\r\n\t<\/div>\r\n<\/div><\/div><\/div><\/div><div class=\"vc_row-full-width vc_clearfix\"><\/div><div class=\"vc_row wpb_row vc_row-fluid ovic_custom_642d478520454 vc_custom_1625241339773 vc_custom_1625241339778 vc_custom_1625241339781 vc_custom_1625241339784 vc_custom_1625241339787\"><div class=\"wpb_column vc_column_container vc_col-sm-12\"><div class=\"vc_column-inner\"><div class=\"wpb_wrapper\">\n\t<div class=\"wpb_text_column wpb_content_element titulo-pagina titulo-pagina ovic_custom_642d478520455 vc_custom_1680682247663 \" >\n\t\t<div class=\"wpb_wrapper\">\n\t\t\t<h1><strong>L\u00e4ndereien<\/strong><\/h1>\n\n\t\t<\/div>\n\t<\/div>\n\n\t<div class=\"wpb_text_column wpb_content_element texto-justificado texto-justificado ovic_custom_642d478520456 vc_custom_1680682264696 vc_custom_1680682264698 vc_custom_1680682264700 vc_custom_1680682264702 vc_custom_1680682264704\" >\n\t\t<div class=\"wpb_wrapper\">\n\t\t\t<p>Das Land von Pobill Ecol\u00f2gics befindet sich in den Gemeinden Cervera, C\u00e0lig, Traiguera, Benicarl\u00f3 und Vinar\u00f2s. Wir sprechen von ungef\u00e4hr 67 Hektar, die angebaut und in Produktion sind. Diese L\u00e4ndereien stammen von unserer Familie oder sind gepachtet.<\/p>\n<p>Wir haben ungef\u00e4hr 5.000 Mandarinenb\u00e4ume, 1.000 Orangenb\u00e4ume, 4.000 Olivenb\u00e4ume (15 die 1000 Jahre alt sind), Fargas, Sevillencas, Villalongas, Caneteras, &#8222;de pico de b\u00faho\u201d (Eulenschnabel), Arbequinas, &#8222;Baix Fulla&#8220;, Figueretas und &#8222;Morrudes&#8220;), 150 Mandelb\u00e4ume B\u00e4ume und 15 Hektar Johannisbrotb\u00e4ume.<\/p>\n<p>Andere L\u00e4ndereien befinden sich in einer Erholungsphase, was bedeutet, dass sie gej\u00e4tet werden, um das Territorium, die Landschaft usw. wiederherzustellen. Nach und nach werden diese Parzellen von konventioneller Landwirtschaft auf zertifizierten Bio-Anbau umgestellt.<\/p>\n<p>M\u00f6chten Sie wissen, welche L\u00e4nder, die Teil der Kultur der Familie Pobill Ecol\u00f2gics sind, am repr\u00e4sentativsten sind?<\/p>\n\n\t\t<\/div>\n\t<\/div>\n\r\n\t<div  class=\"wpb_single_image wpb_content_element vc_align_left ovic_custom_642d478520457\">\r\n\t\t\r\n\t\t<figure class=\"wpb_wrapper vc_figure\">\r\n\t\t\t<div class=\"vc_single_image-wrapper   vc_box_border_grey\"><img loading=\"lazy\" decoding=\"async\" class=\"vc_single_image-img lazy attachment-full\" src=\"data:image\/svg+xml;charset=utf-8,%3Csvg%20xmlns%3D%27http%3A%2F%2Fwww.w3.org%2F2000%2Fsvg%27%20viewBox%3D%270%200%201990%201100%27%2F%3E\" data-src=\"https:\/\/pobillecologics.com\/wp-contenido\/uploads\/2021\/07\/les-finques-02.jpg\" width=\"1990\" height=\"1100\"  alt=\"Weingut\"\/><\/div>\r\n\t\t<\/figure>\r\n\t<\/div>\r\n<\/div><\/div><\/div><\/div><div class=\"vc_row wpb_row vc_row-fluid ovic_custom_642d478520458 vc_custom_1625242973083 vc_custom_1625242973087 vc_custom_1625242973090 vc_custom_1625242973094 vc_custom_1625242973097\"><div class=\"wpb_column vc_column_container vc_col-sm-3\"><div class=\"vc_column-inner\"><div class=\"wpb_wrapper\"><\/div><\/div><\/div><div class=\"wpb_column vc_column_container vc_col-sm-3\"><div class=\"vc_column-inner\"><div class=\"wpb_wrapper\">\n\t<div class=\"wpb_text_column wpb_content_element ovic_custom_642d478520459 vc_custom_1680682299391 \" >\n\t\t<div class=\"wpb_wrapper\">\n\t\t\t<p><span class=\"cultivo naranja\">Orangenb\u00e4ume<\/span><\/p>\n<p><span class=\"cultivo olivo\">Oliven Haine<\/span><\/p>\n<p><span class=\"cultivo vid\">Weinbau<\/span><\/p>\n<p><span class=\"cultivo algarrobo\">Johannisbrotb\u00e4ume<\/span><\/p>\n\n\t\t<\/div>\n\t<\/div>\n<\/div><\/div><\/div><div class=\"wpb_column vc_column_container vc_col-sm-3\"><div class=\"vc_column-inner\"><div class=\"wpb_wrapper\"><\/div><\/div><\/div><div class=\"wpb_column vc_column_container vc_col-sm-3\"><div class=\"vc_column-inner\"><div class=\"wpb_wrapper\"><\/div><\/div><\/div><\/div><div class=\"vc_row wpb_row vc_row-fluid ovic_custom_642d47852045a vc_custom_1625243150136 vc_custom_1625243150142 vc_custom_1625243150148 vc_custom_1625243150151 vc_custom_1625243150154\"><div class=\"wpb_column vc_column_container vc_col-sm-6 ovic_custom_642d47852045b vc_custom_1625243086705 vc_custom_1625243086712 vc_custom_1625243086715 vc_custom_1625243086718 vc_custom_1625243086722\"><div class=\"vc_column-inner\"><div class=\"wpb_wrapper\">\n\t<div class=\"wpb_text_column wpb_content_element ovic_custom_642d47852045c vc_custom_1680682312610 vc_custom_1680682312613 vc_custom_1680682312614 vc_custom_1680682312616 vc_custom_1680682312618\" >\n\t\t<div class=\"wpb_wrapper\">\n\t\t\t<h2>DIE FAMILIE AUS C\u00c0LIG<\/h2>\n\n\t\t<\/div>\n\t<\/div>\n\n\t<div class=\"wpb_text_column wpb_content_element texto-justificado texto-justificado ovic_custom_642d47852045d \" >\n\t\t<div class=\"wpb_wrapper\">\n\t\t\t<p class=\"p1\"><b>Das Mas i l&#8217;Illa<\/b>: Der Vater von David Taus kaufte dieses Gut von Jos\u00e9 Arag\u00f3n, einem Einwohner von C\u00e1lig, der diese L\u00e4ndereien 1955 von den argentinischen Erbinnen einer im Exil lebenden aus C\u00e0lig stammender Person gekauft hatte.<\/p>\n<p class=\"p1\"><b>Das Mas d&#8217;en Rei<\/b>: Die Familie von Davids Vater fl\u00fcchtete hier vor den Bombenangriffen und der Ankunft der Faschisten in C\u00e1lig. Er hatte drei H\u00e4user, von denen eines ausschlie\u00dflich f\u00fcr die Maultiere war.<\/p>\n<p class=\"p1\"><b>Lo Mur\u00f3<\/b>: Dies ist ein ganz besonderes rustikales Landgut, da sich hier die Gro\u00dfeltern m\u00fctterlicherseits von David Taus trafen. Er erkl\u00e4rt, dass, als sein Gro\u00dfvater nach C\u00e1lig kam, um bei der Olivenernte zu helfen, er seine Gro\u00dfmutter sah und \u201edie Liebe entstand\u201c.<\/p>\n<p class=\"p1\"><b>La Llecuna<\/b>: ist der Ort, an dem die Familie den gr\u00f6\u00dften Teil des Weizens produzierte, der zur Herstellung von Brot verwendet wurde.<\/p>\n<p class=\"p1\"><b>Les Foies<\/b>: ein derzeit sehr produktives St\u00fcck Land, das ein Weinfeld war. Es geh\u00f6rte Davids Gro\u00dfvater v\u00e4terlicherseits, der es von Jos\u00e9 Comes kaufte.<\/p>\n<p class=\"p1\"><b>Illa de Garrofers<\/b>: es befindet sich in der Gemeinde Cervera, neben der Stra\u00dfe nach San Jorge. Davids Gro\u00dfvater Ram\u00f3n zeigte ihm, wo eines seiner Maultiere, das bei der Arbeit starb, begraben wurde. Es ist derzeit ein Gebiet mit \u00f6kologischen Johannisbrotb\u00e4umen.<\/p>\n<p class=\"p1\"><b>El Poubonet<\/b>: fr\u00fcher war es voller Olivenb\u00e4ume, sp\u00e4ter Weinfeld und danach mit Mandelb\u00e4umen bepflanzt. Derzeit<span class=\"Apple-converted-space\">\u00a0 <\/span>werden Bio-Arbequina-Oliven angebaut. Es war w\u00e4hrend des Krieges Teil des republikanischen Flugplatzes.<\/p>\n<p class=\"p1\"><b>El Bovalar<\/b>: Es ist eines der symboltr\u00e4chtigsten L\u00e4ndereien und das ausgedehnteste, voller Mandarinen- und Arbequina-Olivenb\u00e4ume. Entstanden durch den Kauf von drei Landg\u00fctern.<\/p>\n<p class=\"p1\">Diese Bauernh\u00f6fe sind die emblematischsten, aber es gibt noch viele andere wie La Bassa, La Cova, Poulabassa, Tossa, Los Colls, El Masset, Lo Riu, La Fontanella (voller Obstb\u00e4ume), El Placerveres, Els Pocanets und Les Perdigones, Lo cam\u00ed Sant Jordi, La Som\u00e0 oder Cometa (wo H\u00e4ngetomaten angebaut wurden) \u2026 und viele mehr.<\/p>\n\n\t\t<\/div>\n\t<\/div>\n<\/div><\/div><\/div><div class=\"wpb_column vc_column_container vc_col-sm-6\"><div class=\"vc_column-inner\"><div class=\"wpb_wrapper\">\n\t<div class=\"wpb_text_column wpb_content_element ovic_custom_642d47852045e vc_custom_1680682343402 vc_custom_1680682343404 vc_custom_1680682343406 vc_custom_1680682343408 vc_custom_1680682343409\" >\n\t\t<div class=\"wpb_wrapper\">\n\t\t\t<h2>DIE FAMILIE AUS TRAIGUERA<\/h2>\n\n\t\t<\/div>\n\t<\/div>\n\n\t<div class=\"wpb_text_column wpb_content_element texto-justificado texto-justificado ovic_custom_642d47852045f vc_custom_1680682355880 vc_custom_1680682355882 vc_custom_1680682355884 vc_custom_1680682355886 vc_custom_1680682355888\" >\n\t\t<div class=\"wpb_wrapper\">\n\t\t\t<p class=\"p1\"><b>Alvaga<\/b>: der Name kommt vom Wort \u201eobaga\u201c (schattig) und bezieht sich auf die Lage des Landes (der schattige Teil eines Berges). Diese Eigenschaft macht diesen rustikalen Bauernhof sehr k\u00fchl und feucht, wodurch die B\u00e4ume kr\u00e4ftig sind. Hanfland mit Sch\u00f6pfradbrunnen. Es ist das Ergebnis der Vereinigung von vier Grundst\u00fccken, von denen einige in den 1950er Jahren und andere im zweiten Jahrzehnt des 21. Jahrhunderts gekauft wurden. Derzeit besteht es haupts\u00e4chlich aus Olivenb\u00e4umen.<\/p>\n<p class=\"p1\"><b>Freginal<\/b>: Dieses Anwesen mit Olivenb\u00e4umen (der Sorte Villalonga) ist seit mehr als f\u00fcnf Generationen in Familienbesitz. Es liegt am Rand der Stadt Traiguera.<\/p>\n<p class=\"p1\"><b>Collemet Gran<\/b>: Es wurde von der Familie gekauft in den 60er Jahren. Obwohl es fr\u00fcher ein Gebiet mit Mandelb\u00e4umen war, gibt es jetzt 150 Olivenb\u00e4ume der Sorte Morruda.<\/p>\n<p class=\"p1\"><b>Loma<\/b>: Bauernhof mit jahrhundertealten Farga-Olivenb\u00e4umen, Familienerbe einerseits und von argentinischen Exilanten gekauft andererseits. Es ist die Hauptquelle f\u00fcr die Produktion von Bio-Farga-\u00d6l, obwohl es auch etwa 15 Bio-Johannisbrotb\u00e4ume gibt.<\/p>\n<p class=\"p1\"><b>El Camp<\/b>: Dies ist eine sehr flache Farm, die aus Olivenb\u00e4umen einer Vielzahl von Sorten besteht, obwohl es auch einige Johannisbrotb\u00e4ume gibt.<\/p>\n<p class=\"p1\"><b>La Cova<\/b>: sehr produktives rustikales Landgut in der N\u00e4he der Gemeinde Canet lo Roig. Es ist das am weitesten von der Stadt Traiguera entferntes Land. Es besteht aus Oliven- und Johannisbrotb\u00e4umen, und ist das Ergebnis mehrerer Teilungen zwischen Erben seit mehr als f\u00fcnf Generationen, was durch die Tatsache best\u00e4tigt wird, dass die meisten Besitzer den Namen Belsa trugen.<\/p>\n<p class=\"p1\"><b>Los Vilarrets<\/b>: Es handelt sich um eine \u201eMorruts\u201c-Pflanzfarm, die vor 15 Jahren umgewandelt wurde. Sie stammt aus der v\u00e4terlichen Familie von Davids Frau. Sie liegt ganz in der N\u00e4he des Flusses Cervol.<\/p>\n<p class=\"p1\">Andere L\u00e4ndereien wie Regaxol (mit Bio-Mandelb\u00e4umen), Collmenet Menut und Astolls sind ebenfalls Teil der Pobill-Landnutzung in Traiguera.<\/p>\n\n\t\t<\/div>\n\t<\/div>\n<\/div><\/div><\/div><\/div>\n","protected":false},"excerpt":{"rendered":"L\u00e4ndereien Das Land von Pobill Ecol\u00f2gics befindet sich in den Gemeinden Cervera, C\u00e0lig, Traiguera, Benicarl\u00f3 und Vinar\u00f2s. Wir sprechen von ungef\u00e4hr 67 Hektar, die angebaut und in Produktion sind. Diese L\u00e4ndereien stammen von unserer Familie oder sind gepachtet. Wir haben ungef\u00e4hr 5.000 Mandarinenb\u00e4ume, 1.000 Orangenb\u00e4ume, 4.000 Olivenb\u00e4ume (15 die 1000 Jahre alt sind), Fargas, Sevillencas, [...]","protected":false},"author":2,"featured_media":0,"parent":0,"menu_order":0,"comment_status":"open","ping_status":"open","template":"templates\/fullwidth.php","meta":{"footnotes":""},"class_list":["post-9738","page","type-page","status-publish","hentry"],"yoast_head":"<!-- This site is optimized with the Yoast SEO plugin v27.4 - https:\/\/yoast.com\/product\/yoast-seo-wordpress\/ -->\n<title>Weingut - Pobill Ecologics<\/title>\n<meta name=\"robots\" content=\"index, follow, max-snippet:-1, max-image-preview:large, max-video-preview:-1\" \/>\n<link rel=\"canonical\" href=\"https:\/\/pobillecologics.com\/de\/weingut\/\" \/>\n<meta property=\"og:locale\" content=\"de_DE\" \/>\n<meta property=\"og:type\" content=\"article\" \/>\n<meta property=\"og:title\" content=\"Weingut - Pobill Ecologics\" \/>\n<meta property=\"og:url\" content=\"https:\/\/pobillecologics.com\/de\/weingut\/\" \/>\n<meta property=\"og:site_name\" content=\"Pobill Ecologics\" \/>\n<meta property=\"article:modified_time\" content=\"2023-04-05T10:03:48+00:00\" \/>\n<meta property=\"og:image\" content=\"https:\/\/pobillecologics.com\/wp-contenido\/uploads\/2022\/02\/beneficios-aceite-oliva-01.jpg\" \/>\n\t<meta property=\"og:image:width\" content=\"960\" \/>\n\t<meta property=\"og:image:height\" content=\"539\" \/>\n\t<meta property=\"og:image:type\" content=\"image\/jpeg\" \/>\n<meta name=\"twitter:card\" content=\"summary_large_image\" \/>\n<meta name=\"twitter:label1\" content=\"Gesch\u00e4tzte Lesezeit\" \/>\n\t<meta name=\"twitter:data1\" content=\"5\u00a0Minuten\" \/>\n<script type=\"application\/ld+json\" class=\"yoast-schema-graph\">{\"@context\":\"https:\\\/\\\/schema.org\",\"@graph\":[{\"@type\":\"WebPage\",\"@id\":\"https:\\\/\\\/pobillecologics.com\\\/de\\\/weingut\\\/\",\"url\":\"https:\\\/\\\/pobillecologics.com\\\/de\\\/weingut\\\/\",\"name\":\"Weingut - Pobill Ecologics\",\"isPartOf\":{\"@id\":\"https:\\\/\\\/pobillecologics.com\\\/de\\\/#website\"},\"datePublished\":\"2023-04-05T08:13:08+00:00\",\"dateModified\":\"2023-04-05T10:03:48+00:00\",\"breadcrumb\":{\"@id\":\"https:\\\/\\\/pobillecologics.com\\\/de\\\/weingut\\\/#breadcrumb\"},\"inLanguage\":\"de\",\"potentialAction\":[{\"@type\":\"ReadAction\",\"target\":[\"https:\\\/\\\/pobillecologics.com\\\/de\\\/weingut\\\/\"]}]},{\"@type\":\"BreadcrumbList\",\"@id\":\"https:\\\/\\\/pobillecologics.com\\\/de\\\/weingut\\\/#breadcrumb\",\"itemListElement\":[{\"@type\":\"ListItem\",\"position\":1,\"name\":\"Portada\",\"item\":\"https:\\\/\\\/pobillecologics.com\\\/de\\\/\"},{\"@type\":\"ListItem\",\"position\":2,\"name\":\"Weingut\"}]},{\"@type\":\"WebSite\",\"@id\":\"https:\\\/\\\/pobillecologics.com\\\/de\\\/#website\",\"url\":\"https:\\\/\\\/pobillecologics.com\\\/de\\\/\",\"name\":\"Pobill Ecologics\",\"description\":\"Pobill Ecologics\",\"potentialAction\":[{\"@type\":\"SearchAction\",\"target\":{\"@type\":\"EntryPoint\",\"urlTemplate\":\"https:\\\/\\\/pobillecologics.com\\\/de\\\/?s={search_term_string}\"},\"query-input\":{\"@type\":\"PropertyValueSpecification\",\"valueRequired\":true,\"valueName\":\"search_term_string\"}}],\"inLanguage\":\"de\"}]}<\/script>\n<!-- \/ Yoast SEO plugin. -->","yoast_head_json":{"title":"Weingut - Pobill Ecologics","robots":{"index":"index","follow":"follow","max-snippet":"max-snippet:-1","max-image-preview":"max-image-preview:large","max-video-preview":"max-video-preview:-1"},"canonical":"https:\/\/pobillecologics.com\/de\/weingut\/","og_locale":"de_DE","og_type":"article","og_title":"Weingut - Pobill Ecologics","og_url":"https:\/\/pobillecologics.com\/de\/weingut\/","og_site_name":"Pobill Ecologics","article_modified_time":"2023-04-05T10:03:48+00:00","og_image":[{"width":960,"height":539,"url":"https:\/\/pobillecologics.com\/wp-contenido\/uploads\/2022\/02\/beneficios-aceite-oliva-01.jpg","type":"image\/jpeg"}],"twitter_card":"summary_large_image","twitter_misc":{"Gesch\u00e4tzte Lesezeit":"5\u00a0Minuten"},"schema":{"@context":"https:\/\/schema.org","@graph":[{"@type":"WebPage","@id":"https:\/\/pobillecologics.com\/de\/weingut\/","url":"https:\/\/pobillecologics.com\/de\/weingut\/","name":"Weingut - Pobill Ecologics","isPartOf":{"@id":"https:\/\/pobillecologics.com\/de\/#website"},"datePublished":"2023-04-05T08:13:08+00:00","dateModified":"2023-04-05T10:03:48+00:00","breadcrumb":{"@id":"https:\/\/pobillecologics.com\/de\/weingut\/#breadcrumb"},"inLanguage":"de","potentialAction":[{"@type":"ReadAction","target":["https:\/\/pobillecologics.com\/de\/weingut\/"]}]},{"@type":"BreadcrumbList","@id":"https:\/\/pobillecologics.com\/de\/weingut\/#breadcrumb","itemListElement":[{"@type":"ListItem","position":1,"name":"Portada","item":"https:\/\/pobillecologics.com\/de\/"},{"@type":"ListItem","position":2,"name":"Weingut"}]},{"@type":"WebSite","@id":"https:\/\/pobillecologics.com\/de\/#website","url":"https:\/\/pobillecologics.com\/de\/","name":"Pobill Ecologics","description":"Pobill Ecologics","potentialAction":[{"@type":"SearchAction","target":{"@type":"EntryPoint","urlTemplate":"https:\/\/pobillecologics.com\/de\/?s={search_term_string}"},"query-input":{"@type":"PropertyValueSpecification","valueRequired":true,"valueName":"search_term_string"}}],"inLanguage":"de"}]}},"_links":{"self":[{"href":"https:\/\/pobillecologics.com\/de\/wp-json\/wp\/v2\/pages\/9738","targetHints":{"allow":["GET"]}}],"collection":[{"href":"https:\/\/pobillecologics.com\/de\/wp-json\/wp\/v2\/pages"}],"about":[{"href":"https:\/\/pobillecologics.com\/de\/wp-json\/wp\/v2\/types\/page"}],"author":[{"embeddable":true,"href":"https:\/\/pobillecologics.com\/de\/wp-json\/wp\/v2\/users\/2"}],"replies":[{"embeddable":true,"href":"https:\/\/pobillecologics.com\/de\/wp-json\/wp\/v2\/comments?post=9738"}],"version-history":[{"count":0,"href":"https:\/\/pobillecologics.com\/de\/wp-json\/wp\/v2\/pages\/9738\/revisions"}],"wp:attachment":[{"href":"https:\/\/pobillecologics.com\/de\/wp-json\/wp\/v2\/media?parent=9738"}],"curies":[{"name":"wp","href":"https:\/\/api.w.org\/{rel}","templated":true}]}}