{"id":9733,"date":"2023-04-05T09:06:53","date_gmt":"2023-04-05T08:06:53","guid":{"rendered":"https:\/\/pobillecologics.com\/?page_id=9733"},"modified":"2023-04-05T09:07:24","modified_gmt":"2023-04-05T08:07:24","slug":"geschichte","status":"publish","type":"page","link":"https:\/\/pobillecologics.com\/de\/geschichte\/","title":{"rendered":"Geschichte"},"content":{"rendered":"<div id=\"banner-inicio\" data-vc-full-width=\"true\" data-vc-full-width-init=\"false\" data-vc-stretch-content=\"true\" class=\"vc_row wpb_row vc_row-fluid vc_row-no-padding ovic_custom_642d2c3d48e78 vc_custom_1626357839389\"><div class=\"wpb_column vc_column_container vc_col-sm-12 ovic_custom_642d2c3d48e7b\"><div class=\"vc_column-inner\"><div class=\"wpb_wrapper\">\r\n\t<div  class=\"wpb_single_image wpb_content_element vc_align_center ovic_custom_642d2c3d48e7c\">\r\n\t\t\r\n\t\t<figure class=\"wpb_wrapper vc_figure\">\r\n\t\t\t<div class=\"vc_single_image-wrapper   vc_box_border_grey\"><img loading=\"lazy\" decoding=\"async\" class=\"vc_single_image-img lazy attachment-full\" src=\"data:image\/svg+xml;charset=utf-8,%3Csvg%20xmlns%3D%27http%3A%2F%2Fwww.w3.org%2F2000%2Fsvg%27%20viewBox%3D%270%200%201990%20874%27%2F%3E\" data-src=\"https:\/\/pobillecologics.com\/wp-contenido\/uploads\/2021\/06\/pobill-ecologic-home-02.png\" width=\"1990\" height=\"874\"  alt=\"Geschichte\"\/><\/div>\r\n\t\t<\/figure>\r\n\t<\/div>\r\n<\/div><\/div><\/div><\/div><div class=\"vc_row-full-width vc_clearfix\"><\/div><div class=\"vc_row wpb_row vc_row-fluid ovic_custom_642d2c3d48e7d vc_custom_1625241339773 vc_custom_1625241339778 vc_custom_1625241339781 vc_custom_1625241339784 vc_custom_1625241339787\"><div class=\"wpb_column vc_column_container vc_col-sm-12\"><div class=\"vc_column-inner\"><div class=\"wpb_wrapper\">\n\t<div class=\"wpb_text_column wpb_content_element titulo-pagina titulo-pagina ovic_custom_642d2c3d48e7e vc_custom_1680681898716 \" >\n\t\t<div class=\"wpb_wrapper\">\n\t\t\t<h1><strong>Geschichte<\/strong><\/h1>\n\n\t\t<\/div>\n\t<\/div>\n<\/div><\/div><\/div><\/div><div class=\"vc_row wpb_row vc_row-fluid vc_row-o-equal-height vc_row-o-content-middle vc_row-flex ovic_custom_642d2c3d48e7f vc_custom_1625472483821 vc_custom_1625472483824 vc_custom_1625472483826 vc_custom_1625472483828 vc_custom_1625472483830\"><div class=\"wpb_column vc_column_container vc_col-sm-6\"><div class=\"vc_column-inner\"><div class=\"wpb_wrapper\">\n\t<div class=\"wpb_video_widget wpb_content_element vc_clearfix vc_video-aspect-ratio-169 vc_video-el-width-100 vc_video-align-left ovic_custom_642d2c3d48e80 \" >\n\t\t<div class=\"wpb_wrapper\">\n\t\t\t\n\t\t\t<div class=\"wpb_video_wrapper\"><iframe loading=\"lazy\" title=\"26 de desembre de 2021\" width=\"900\" height=\"506\" src=\"https:\/\/www.youtube.com\/embed\/ZuWfby4Tskc?feature=oembed\" frameborder=\"0\" allow=\"accelerometer; autoplay; clipboard-write; encrypted-media; gyroscope; picture-in-picture; web-share\" allowfullscreen><\/iframe><\/div>\n\t\t<\/div>\n\t<\/div>\n<\/div><\/div><\/div><div class=\"wpb_column vc_column_container vc_col-sm-6\"><div class=\"vc_column-inner\"><div class=\"wpb_wrapper\">\n\t<div class=\"wpb_text_column wpb_content_element texto-justificado texto-justificado ovic_custom_642d2c3d48e81 \" >\n\t\t<div class=\"wpb_wrapper\">\n\t\t\t<p>David Taus, der Darsteller dieses Projekts, wurde in C\u00e1lig geboren, obwohl er zurzeit mit seiner Familie in Traiguera lebt. Hier erz\u00e4hlen wir Ihnen seine Geschichte, damit Sie wissen, wie das Projekt Pobill Ecol\u00f2gics entstanden ist.<\/p>\n<p>Nach seinem Studium der Betriebswirtschaftslehre begann David in der Immobilienbranche zu arbeiten und verlie\u00df das l\u00e4ndliche Leben, um in die Boomspirale der fr\u00fchen 2000er Jahre einzusteigen. Nach einer hektischen Zeit endete der Job aufgrund der Wirtschaftskrise von 2008. Das war ein Wendepunkt und der Moment sich neu zu erfinden.<\/p>\n<p>Er lebte nur kurze Zeit in der Gro\u00dfstadt, aber lange genug, um die Region, aus der er stammt, zu vermissen: die D\u00fcfte der nassen Erde nach den ersten Regentropfen, die Glocken, die ihn st\u00fcndlich daran erinnern, dass die Zeit friedlich vergeht, die Mandelbl\u00fcten, die die Olivenhaine im Februar rosa f\u00e4rben, die Menschen, die ihn Begr\u00fc\u00dfen und sagen, wie froh sie sind, ihn wiederzusehen, das Lachen am Tisch mit Freunden aus der Kindheit. Kurz gesagt, er ist sich dar\u00fcber im Klaren, dass sein Leben im Maestrat, dem Land seiner Vorfahren, einen Sinn hat, wo er eine Zukunft voller M\u00f6glichkeiten und Erfahrungen sieht, die er mit anderen teilen kann.<\/p>\n\n\t\t<\/div>\n\t<\/div>\n<\/div><\/div><\/div><\/div><div class=\"vc_row wpb_row vc_row-fluid vc_row-o-equal-height vc_row-o-content-middle vc_row-flex ovic_custom_642d2c3d48e82 vc_custom_1625473517368 vc_custom_1625473517371 vc_custom_1625473517374 vc_custom_1625473517376 vc_custom_1625473517378\"><div class=\"vc_col-sm-push-6 wpb_column vc_column_container vc_col-sm-6 vc_col-sm-push-6 ovic_custom_642d2c3d48e83\"><div class=\"vc_column-inner\"><div class=\"wpb_wrapper\">\r\n\t<div  class=\"wpb_single_image wpb_content_element vc_align_center ovic_custom_642d2c3d48e84 vc_custom_1626357851041 vc_custom_1626357851043\">\r\n\t\t\r\n\t\t<figure class=\"wpb_wrapper vc_figure\">\r\n\t\t\t<div class=\"vc_single_image-wrapper   vc_box_border_grey\"><img loading=\"lazy\" decoding=\"async\" class=\"vc_single_image-img lazy attachment-full\" src=\"data:image\/svg+xml;charset=utf-8,%3Csvg%20xmlns%3D%27http%3A%2F%2Fwww.w3.org%2F2000%2Fsvg%27%20viewBox%3D%270%200%20800%20600%27%2F%3E\" data-src=\"https:\/\/pobillecologics.com\/wp-contenido\/uploads\/2021\/07\/historie-06.jpg\" width=\"800\" height=\"600\"  alt=\"Geschichte\"\/><\/div>\r\n\t\t<\/figure>\r\n\t<\/div>\r\n<\/div><\/div><\/div><div class=\"vc_col-sm-pull-6 wpb_column vc_column_container vc_col-sm-6 vc_col-sm-pull-6 ovic_custom_642d2c3d48e85\"><div class=\"vc_column-inner\"><div class=\"wpb_wrapper\">\n\t<div class=\"wpb_text_column wpb_content_element texto-justificado texto-justificado ovic_custom_642d2c3d48e86 \" >\n\t\t<div class=\"wpb_wrapper\">\n\t\t\t<p>Aus diesem Grund engagiert er sich in der N\u00e4he seiner Wurzeln, mit einem Beruf, den er seit seiner Kindheit gut kennt und den er aber langer Zeit nicht zu sch\u00e4tzen wusste. Es ist an der Zeit, der Welt Traiguera und C\u00e1lig bekannt zu machen. Die frische Luft eines Nachmittags, w\u00e4hrend er unter einem Johannisbrotbaum sitzt, ist nicht in einer Konservenb\u00fcchse zu fassen. Er kann sich nicht erkl\u00e4ren, wie ihn die Steinmauern beim ersten Tageslicht willkommen hei\u00dfen, w\u00e4hrend er sich f\u00fcr die Arbeit fertig macht. Und er kann auch nicht all das Wissen weitergeben, das er sich von Generation zu Generation angeeignet hat, weil er sich dieses Wissens nicht bewusst ist.<\/p>\n<p>Die einzige M\u00f6glichkeit, die Freude zu teilen, die er jeden Morgen f\u00fchlt wenn er aufsteht im Dorf, besteht darin, das beste \u00d6l und die besten Zitrusfr\u00fcchte herzustellen und die gesamte Liste der Empfindungen, die wir zuvor genannt haben, mit den innovativsten Anbautrends zu verschmelzen.<\/p>\n\n\t\t<\/div>\n\t<\/div>\n<\/div><\/div><\/div><\/div><div class=\"vc_row wpb_row vc_row-fluid vc_row-o-equal-height vc_row-o-content-middle vc_row-flex ovic_custom_642d2c3d48e87 vc_custom_1625472483821 vc_custom_1625472483824 vc_custom_1625472483826 vc_custom_1625472483828 vc_custom_1625472483830\"><div class=\"wpb_column vc_column_container vc_col-sm-6\"><div class=\"vc_column-inner\"><div class=\"wpb_wrapper\">\r\n\t<div  class=\"wpb_single_image wpb_content_element vc_align_center ovic_custom_642d2c3d48e88 vc_custom_1626357880213 vc_custom_1626357880215\">\r\n\t\t\r\n\t\t<figure class=\"wpb_wrapper vc_figure\">\r\n\t\t\t<div class=\"vc_single_image-wrapper   vc_box_border_grey\"><img loading=\"lazy\" decoding=\"async\" class=\"vc_single_image-img lazy attachment-full\" src=\"data:image\/svg+xml;charset=utf-8,%3Csvg%20xmlns%3D%27http%3A%2F%2Fwww.w3.org%2F2000%2Fsvg%27%20viewBox%3D%270%200%20800%20600%27%2F%3E\" data-src=\"https:\/\/pobillecologics.com\/wp-contenido\/uploads\/2021\/07\/historie-07.jpg\" width=\"800\" height=\"600\"  alt=\"Geschichte\"\/><\/div>\r\n\t\t<\/figure>\r\n\t<\/div>\r\n<\/div><\/div><\/div><div class=\"wpb_column vc_column_container vc_col-sm-6\"><div class=\"vc_column-inner\"><div class=\"wpb_wrapper\">\n\t<div class=\"wpb_text_column wpb_content_element texto-justificado texto-justificado ovic_custom_642d2c3d48e89 \" >\n\t\t<div class=\"wpb_wrapper\">\n\t\t\t<p>2015 gr\u00fcndete er Pobill Ecol\u00f2gics CB, ein Unternehmen, das biologische landwirtschaftliche Parzellen, die aus der konventionellen Landwirtschaft stammen, zusammenf\u00fchrt und die zur Vermarktung seiner Produkte dienen.<\/p>\n<p>&#8222;El Pobill\u201c ist der Spitzname seiner v\u00e4terlichen Familie, der erste &#8222;pubill\u201c war der Urgro\u00dfvater seines Vaters, denn er heiratete eine \u201epubilla\u201c (die einzige Tochter einer Familie). Mit dem Namen Pobill wollen wir unseren Vorfahren huldigen, ihren L\u00e4ndereien und dem Wissen, das sie uns so liebevoll weitergegeben haben. \u201eEgol\u00f2gics\u201c bezieht sich auf die Art der Landwirtschaft, f\u00fcr die wir uns einsetzen, die einzige, die in der Lage ist, der Erde alles zur\u00fcckzugeben, was sie uns gegeben hat.<\/p>\n<p>Die Agrar\u00f6kologie von Pobill Ecol\u00f2gics verteidigt eine Produktion die nachhaltig und respektvoll ist mit der Umwelt. Sie m\u00f6chte Erzeuger und Produkte w\u00fcrdigen und dem Territorium mehr Widerstandsf\u00e4higkeit zu verleihen, und sein Anliegen ist die Ern\u00e4hrungssouver\u00e4nit\u00e4t.<\/p>\n\n\t\t<\/div>\n\t<\/div>\n<\/div><\/div><\/div><\/div><div class=\"vc_row wpb_row vc_row-fluid vc_row-o-equal-height vc_row-o-content-middle vc_row-flex ovic_custom_642d2c3d48e8a vc_custom_1625473527216 vc_custom_1625473527219 vc_custom_1625473527221 vc_custom_1625473527223 vc_custom_1625473527225\"><div class=\"vc_col-sm-push-6 wpb_column vc_column_container vc_col-sm-6 vc_col-sm-push-6 ovic_custom_642d2c3d48e8b\"><div class=\"vc_column-inner\"><div class=\"wpb_wrapper\">\r\n\t<div  class=\"wpb_single_image wpb_content_element vc_align_center ovic_custom_642d2c3d48e8c vc_custom_1626357894091 vc_custom_1626357894093\">\r\n\t\t\r\n\t\t<figure class=\"wpb_wrapper vc_figure\">\r\n\t\t\t<div class=\"vc_single_image-wrapper   vc_box_border_grey\"><img loading=\"lazy\" decoding=\"async\" class=\"vc_single_image-img lazy attachment-full\" src=\"data:image\/svg+xml;charset=utf-8,%3Csvg%20xmlns%3D%27http%3A%2F%2Fwww.w3.org%2F2000%2Fsvg%27%20viewBox%3D%270%200%20800%20600%27%2F%3E\" data-src=\"https:\/\/pobillecologics.com\/wp-contenido\/uploads\/2021\/07\/historie-05.jpg\" width=\"800\" height=\"600\"  alt=\"Geschichte\"\/><\/div>\r\n\t\t<\/figure>\r\n\t<\/div>\r\n<\/div><\/div><\/div><div class=\"vc_col-sm-pull-6 wpb_column vc_column_container vc_col-sm-6 vc_col-sm-pull-6 ovic_custom_642d2c3d48e8d\"><div class=\"vc_column-inner\"><div class=\"wpb_wrapper\">\n\t<div class=\"wpb_text_column wpb_content_element texto-justificado texto-justificado ovic_custom_642d2c3d48e8e \" >\n\t\t<div class=\"wpb_wrapper\">\n\t\t\t<p>Das \u00d6l wird verschenkt, kassiert wird die Geschichte jeder Flasche, die Kultur und die Anstrengung.<\/p>\n<p>Die Landwirtschaft bei Pobill Ecol\u00f2gics begann als Hobby, das sich nach und nach zu einer tief verwurzelten Lebensweise und einem Projekt mit Seele entwickelt hat, und das sich in der Zukunft weiter entfalten wird.<\/p>\n<p>Das Projekt Pobill Ecol\u00f2gics will seine Landwirtschaft Ansehen verleihen, mittels einer nachhaltigen und sozialen Gestaltung, und diese Kultur in die ganze Welt exportieren. Das Projekt wird auch die lokale Wirtschaft ankurbeln, das Territorium verteidigen und die Wiederherstellung der Landschaft f\u00f6rdern: zum Beispiel die Johannisbrot- und Olivenb\u00e4ume auf landwirtschaftlichen Fl\u00e4chen, die leider unfruchtbar geworden waren, sehen jetzt besser aus denn je.<\/p>\n\n\t\t<\/div>\n\t<\/div>\n<\/div><\/div><\/div><\/div>\n","protected":false},"excerpt":{"rendered":"Geschichte David Taus, der Darsteller dieses Projekts, wurde in C\u00e1lig geboren, obwohl er zurzeit mit seiner Familie in Traiguera lebt. Hier erz\u00e4hlen wir Ihnen seine Geschichte, damit Sie wissen, wie das Projekt Pobill Ecol\u00f2gics entstanden ist. Nach seinem Studium der Betriebswirtschaftslehre begann David in der Immobilienbranche zu arbeiten und verlie\u00df das l\u00e4ndliche Leben, um in [...]","protected":false},"author":2,"featured_media":0,"parent":0,"menu_order":0,"comment_status":"open","ping_status":"open","template":"templates\/fullwidth.php","meta":{"footnotes":""},"class_list":["post-9733","page","type-page","status-publish","hentry"],"yoast_head":"<!-- This site is optimized with the Yoast SEO plugin v27.4 - https:\/\/yoast.com\/product\/yoast-seo-wordpress\/ -->\n<title>Geschichte - Pobill Ecologics<\/title>\n<meta name=\"robots\" content=\"index, follow, max-snippet:-1, max-image-preview:large, max-video-preview:-1\" \/>\n<link rel=\"canonical\" href=\"https:\/\/pobillecologics.com\/de\/geschichte\/\" \/>\n<meta property=\"og:locale\" content=\"de_DE\" \/>\n<meta property=\"og:type\" content=\"article\" \/>\n<meta property=\"og:title\" content=\"Geschichte - Pobill Ecologics\" \/>\n<meta property=\"og:url\" content=\"https:\/\/pobillecologics.com\/de\/geschichte\/\" \/>\n<meta property=\"og:site_name\" content=\"Pobill Ecologics\" \/>\n<meta property=\"article:modified_time\" content=\"2023-04-05T08:07:24+00:00\" \/>\n<meta property=\"og:image\" content=\"https:\/\/pobillecologics.com\/wp-contenido\/uploads\/2022\/02\/beneficios-aceite-oliva-01.jpg\" \/>\n\t<meta property=\"og:image:width\" content=\"960\" \/>\n\t<meta property=\"og:image:height\" content=\"539\" \/>\n\t<meta property=\"og:image:type\" content=\"image\/jpeg\" \/>\n<meta name=\"twitter:card\" content=\"summary_large_image\" \/>\n<meta name=\"twitter:label1\" content=\"Gesch\u00e4tzte Lesezeit\" \/>\n\t<meta name=\"twitter:data1\" content=\"4\u00a0Minuten\" \/>\n<script type=\"application\/ld+json\" class=\"yoast-schema-graph\">{\"@context\":\"https:\\\/\\\/schema.org\",\"@graph\":[{\"@type\":\"WebPage\",\"@id\":\"https:\\\/\\\/pobillecologics.com\\\/de\\\/geschichte\\\/\",\"url\":\"https:\\\/\\\/pobillecologics.com\\\/de\\\/geschichte\\\/\",\"name\":\"Geschichte - Pobill Ecologics\",\"isPartOf\":{\"@id\":\"https:\\\/\\\/pobillecologics.com\\\/de\\\/#website\"},\"datePublished\":\"2023-04-05T08:06:53+00:00\",\"dateModified\":\"2023-04-05T08:07:24+00:00\",\"breadcrumb\":{\"@id\":\"https:\\\/\\\/pobillecologics.com\\\/de\\\/geschichte\\\/#breadcrumb\"},\"inLanguage\":\"de\",\"potentialAction\":[{\"@type\":\"ReadAction\",\"target\":[\"https:\\\/\\\/pobillecologics.com\\\/de\\\/geschichte\\\/\"]}]},{\"@type\":\"BreadcrumbList\",\"@id\":\"https:\\\/\\\/pobillecologics.com\\\/de\\\/geschichte\\\/#breadcrumb\",\"itemListElement\":[{\"@type\":\"ListItem\",\"position\":1,\"name\":\"Portada\",\"item\":\"https:\\\/\\\/pobillecologics.com\\\/de\\\/\"},{\"@type\":\"ListItem\",\"position\":2,\"name\":\"Geschichte\"}]},{\"@type\":\"WebSite\",\"@id\":\"https:\\\/\\\/pobillecologics.com\\\/de\\\/#website\",\"url\":\"https:\\\/\\\/pobillecologics.com\\\/de\\\/\",\"name\":\"Pobill Ecologics\",\"description\":\"Pobill Ecologics\",\"potentialAction\":[{\"@type\":\"SearchAction\",\"target\":{\"@type\":\"EntryPoint\",\"urlTemplate\":\"https:\\\/\\\/pobillecologics.com\\\/de\\\/?s={search_term_string}\"},\"query-input\":{\"@type\":\"PropertyValueSpecification\",\"valueRequired\":true,\"valueName\":\"search_term_string\"}}],\"inLanguage\":\"de\"}]}<\/script>\n<!-- \/ Yoast SEO plugin. -->","yoast_head_json":{"title":"Geschichte - Pobill Ecologics","robots":{"index":"index","follow":"follow","max-snippet":"max-snippet:-1","max-image-preview":"max-image-preview:large","max-video-preview":"max-video-preview:-1"},"canonical":"https:\/\/pobillecologics.com\/de\/geschichte\/","og_locale":"de_DE","og_type":"article","og_title":"Geschichte - Pobill Ecologics","og_url":"https:\/\/pobillecologics.com\/de\/geschichte\/","og_site_name":"Pobill Ecologics","article_modified_time":"2023-04-05T08:07:24+00:00","og_image":[{"width":960,"height":539,"url":"https:\/\/pobillecologics.com\/wp-contenido\/uploads\/2022\/02\/beneficios-aceite-oliva-01.jpg","type":"image\/jpeg"}],"twitter_card":"summary_large_image","twitter_misc":{"Gesch\u00e4tzte Lesezeit":"4\u00a0Minuten"},"schema":{"@context":"https:\/\/schema.org","@graph":[{"@type":"WebPage","@id":"https:\/\/pobillecologics.com\/de\/geschichte\/","url":"https:\/\/pobillecologics.com\/de\/geschichte\/","name":"Geschichte - Pobill Ecologics","isPartOf":{"@id":"https:\/\/pobillecologics.com\/de\/#website"},"datePublished":"2023-04-05T08:06:53+00:00","dateModified":"2023-04-05T08:07:24+00:00","breadcrumb":{"@id":"https:\/\/pobillecologics.com\/de\/geschichte\/#breadcrumb"},"inLanguage":"de","potentialAction":[{"@type":"ReadAction","target":["https:\/\/pobillecologics.com\/de\/geschichte\/"]}]},{"@type":"BreadcrumbList","@id":"https:\/\/pobillecologics.com\/de\/geschichte\/#breadcrumb","itemListElement":[{"@type":"ListItem","position":1,"name":"Portada","item":"https:\/\/pobillecologics.com\/de\/"},{"@type":"ListItem","position":2,"name":"Geschichte"}]},{"@type":"WebSite","@id":"https:\/\/pobillecologics.com\/de\/#website","url":"https:\/\/pobillecologics.com\/de\/","name":"Pobill Ecologics","description":"Pobill Ecologics","potentialAction":[{"@type":"SearchAction","target":{"@type":"EntryPoint","urlTemplate":"https:\/\/pobillecologics.com\/de\/?s={search_term_string}"},"query-input":{"@type":"PropertyValueSpecification","valueRequired":true,"valueName":"search_term_string"}}],"inLanguage":"de"}]}},"_links":{"self":[{"href":"https:\/\/pobillecologics.com\/de\/wp-json\/wp\/v2\/pages\/9733","targetHints":{"allow":["GET"]}}],"collection":[{"href":"https:\/\/pobillecologics.com\/de\/wp-json\/wp\/v2\/pages"}],"about":[{"href":"https:\/\/pobillecologics.com\/de\/wp-json\/wp\/v2\/types\/page"}],"author":[{"embeddable":true,"href":"https:\/\/pobillecologics.com\/de\/wp-json\/wp\/v2\/users\/2"}],"replies":[{"embeddable":true,"href":"https:\/\/pobillecologics.com\/de\/wp-json\/wp\/v2\/comments?post=9733"}],"version-history":[{"count":0,"href":"https:\/\/pobillecologics.com\/de\/wp-json\/wp\/v2\/pages\/9733\/revisions"}],"wp:attachment":[{"href":"https:\/\/pobillecologics.com\/de\/wp-json\/wp\/v2\/media?parent=9733"}],"curies":[{"name":"wp","href":"https:\/\/api.w.org\/{rel}","templated":true}]}}