{"id":9710,"date":"2023-04-04T15:43:03","date_gmt":"2023-04-04T14:43:03","guid":{"rendered":"https:\/\/pobillecologics.com\/?page_id=9710"},"modified":"2023-04-04T15:43:03","modified_gmt":"2023-04-04T14:43:03","slug":"rechtlicher-hinweis","status":"publish","type":"page","link":"https:\/\/pobillecologics.com\/de\/rechtlicher-hinweis\/","title":{"rendered":"Rechtlicher Hinweis"},"content":{"rendered":"<div class=\"vc_row wpb_row vc_row-fluid ovic_custom_642c3777c1068 vc_custom_1625237290347 vc_custom_1625237290350 vc_custom_1625237290352 vc_custom_1625237290354 vc_custom_1625237290357\"><div class=\"wpb_column vc_column_container vc_col-sm-12\"><div class=\"vc_column-inner\"><div class=\"wpb_wrapper\">\n\t<div class=\"wpb_text_column wpb_content_element texto-justificado texto-justificado ovic_custom_642c3777c106b \" >\n\t\t<div class=\"wpb_wrapper\">\n\t\t\t<h1><strong>Rechtlicher Hinweis<\/strong><\/h1>\n<p><strong>Pobill Ecologics, S.L.U.<\/strong>, responsable del sitio web, en adelante la EMPRESA, pone a disposici\u00f3n de los usuarios el presente documento, con el cual se pretende dar cumplimiento a las obligaciones establecidas en la LEY 34\/2002 de 11 de julio de servicios de la sociedad d ela informaci\u00f3n y comercio electr\u00f3nico, as\u00ed como informar a los usuarios del sitio web de las condiciones de uso.<\/p>\n<p>Toda persona que acceda a esta web asume el papel de usuario, comprometi\u00e9ndose a observar y cumplir rigurosamente las disposiciones del sitio web, as\u00ed como cualquier otra disposici\u00f3n legal que fuera de aplicaci\u00f3n.<\/p>\n<p>La empresa se reserva el derecho a modificar cualquier tipo de informaci\u00f3n que pueda aparecer al sitio web, sin que exista obligaci\u00f3n de preavisar a los usuarios de estas obligaciones, entendi\u00e9ndose como suficiente con la publicaci\u00f3n en el sitio web de la empresa.<\/p>\n<h3>Datos de identificaci\u00f3n<\/h3>\n<ul>\n<li>Denominaci\u00f3n social: Pobill Ecologics, S.L.U.<\/li>\n<li>Nombre comercial: Pobill Ecol\u00f2gics<\/li>\n<li>CIF: B44921153<\/li>\n<li>Domicilio: Constituci\u00f3 20, 12589 C\u00e0lig, Castell\u00f3<\/li>\n<li>Correo electr\u00f3nico: info@pobillecologics.com<\/li>\n<\/ul>\n<h3>Objeto<\/h3>\n<p>Mediante este sitio web se ofrece a los usuarios la posibilidad de acceder a la informaci\u00f3n sobre los servicios que ofrecemos.<\/p>\n<h3>Privacidad y Tratamiento de datos<\/h3>\n<p>Cuando para el acceso a determinados contenidos sea necesario facilitar datos de car\u00e1cter personal, los usuarios han de garantizar su veracidad, exactitud, autenticidad o finalidad en los t\u00e9rminos indicados en la secci\u00f3n Pol\u00edtica de Privacidad.<\/p>\n<h3>Propiedad Industrial e Intelectual<\/h3>\n<p>El usuario reconoce y acepta que la totalidad de los contenidos que se muestran en el sitio web, en especial, dise\u00f1os, textos, im\u00e1genes, logotipos, iconos, nombres comerciales, marcas o cualquier otro signo susceptible de ser utilizado industrial o comercialmente est\u00e1n sujetos a derechos de propiedad intelectual e industrial, siendo propiedad exclusiva de la empresa. El usuario se compromete a no reproducir, copiar, distribuir, comunicar o poner a disposici\u00f3n de cualquiera estos signos, manteniendo a la empresa indemne de cualquier reclamaci\u00f3n que se derive del incumplimiento de estas obligaciones. En ning\u00fan caso el acceso al sitio web implica ning\u00fan tipo de renuncia, transmisi\u00f3n licencia o cesi\u00f3n total o parcial de estos derechos, salvo que se establezca expresamente lo contrario. Las presentes condiciones generales de uso del sitio web no confieren a los usuarios ning\u00fan otro derecho de utilizaci\u00f3n diferente a los expresamente previstos en la propia web. Cualquier otro uso o explotaci\u00f3n de cualquier derecho estar\u00e1 sujeto a la previa y expresa autorizaci\u00f3n otorgada espec\u00edficamente a ese efecto por la empresa o titular de los derechos afectados.<\/p>\n<p>Los contenidos que muestren textos, fotograf\u00edas, dise\u00f1os, logotipos, im\u00e1genes, programas de ordenador, c\u00f3digos fuente, y, en general, cualquier creaci\u00f3n intelectual, as\u00ed como el propio sitio web en su conjunto, como obra art\u00edstica multimedia, est\u00e1n protegidos como derechos de autor por la legislaci\u00f3n vigente en materia de propiedad intelectual. La empresa es titular de los elementos que integran el sitio o espacio web., dise\u00f1o gr\u00e1fico, men\u00fas, botones de navegaci\u00f3n, c\u00f3digo HTML, textos, im\u00e1genes, etc. as\u00ed es titular de la correspondiente facultad de autorizar la utilizaci\u00f3n de estos elementos es espacios ajenos a la propia web. Por tanto, el contenido de cualquiera de los elementos que integran el sitio web no podr\u00e1 ser reproducido ni en todo ni en parte, ni transmitido, registrado, por cualquier sistema de recuperaci\u00f3n de informaci\u00f3n, de ninguna forma ni en ning\u00fan medio, salvo autorizaci\u00f3n previa por escrito de la empresa.<\/p>\n<p>Del mismo modo, queda terminantemente prohibido suprimir, eludir y\/o manipular el copyright y los dispositivos t\u00e9cnicos de protecci\u00f3n, o cualquier mecanismo de informaci\u00f3n que pueda formar parte de los contenidos del sitio web. El usuario se compromete a respetar los derechos enunciados y a evitar cualquier actuaci\u00f3n que pueda perjudicarlos, reserv\u00e1ndose la empresa la facultad de ejercer cuantas acciones legales le correspondan en defensa de sus leg\u00edtimos intereses y derechos de propiedad intelectual e industrial.<\/p>\n<h3>Obligaciones y responsabilidades del usuario<\/h3>\n<p>El usuario se compromete a:<\/p>\n<ol>\n<li>Hacer un uso adecuado y responsable del sitio web, de sus contenidos y servicios de conformidad con la legislaci\u00f3n aplicable en cada momento, las condiciones generales de uso del la web, la moral y buenas costumbres generalmente aceptadas y el orden p\u00fablico.<\/li>\n<li>Proveerse de todos los medios t\u00e9cnicos necesarios para el acceso al sitio web.<\/li>\n<li>Facilitar informaci\u00f3n veraz al rellenar con sus datos de car\u00e1cter personal los formularios que pudieran contener el espacio web y mantener las adecuadas actualizaciones de los mismos. El usuario ser\u00e1 el \u00fanico responsable de las manifestaciones falsas o inexactas que realice y de los perjuicios que cause a la empresa o a terceros por la informaci\u00f3n facilitada.<\/li>\n<\/ol>\n<p>Adem\u00e1s, el usuario deber\u00e1 abstenerse de:<\/p>\n<ol>\n<li>Hacer un uso no autorizado o fraudulento del sitio web y\/o de los contenidos con fines o efectos il\u00edcitos o prohibidos en las condiciones generales de uso, lesivos de derechos e intereses de terceros, o que puedan da\u00f1ar, inutilizar, sobrecargar, deteriorar o impedir la normal utilizaci\u00f3n de los servicios, documentos o archivos de toda clase contenidos o almacenados en cualquier equipo inform\u00e1tico.<\/li>\n<li>Acceder o intentar acceder a recursos o \u00e1reas restringidas del sitio web sin cumplir las condiciones exigidas para ello.<\/li>\n<li>Provocar da\u00f1os en los sistemas del sitio web, de sus proveedores o de terceros.<\/li>\n<li>Introducir o difundir a la red virus inform\u00e1ticos o cualquier otro sistema f\u00edsico o l\u00f3gico que sea susceptible de provocar da\u00f1os en los sistemas de la empresa, proveedores o terceros.<\/li>\n<li>Intentar acceder, utilizar o manipular los datos de la empresa, terceros proveedores u otros usuarios.<\/li>\n<li>Reproducir o copiar, distribuir, permitir el acceso del p\u00fablico a trav\u00e9s de cualquier modalidad de comunicaci\u00f3n p\u00fablica, transformar o modificar los contenidos, salvo que se posea autorizaci\u00f3n para ello.<\/li>\n<li>Suprimir, esconder o manipular las notas sobre derechos de propiedad intelectual o industrial u otros datos indentificativos de los derechos de la empresa o de terceros incorporados a los contenidos, as\u00ed como los dispositivos t\u00e9cnicos de protecci\u00f3n o cualquier mecanismo de informaci\u00f3n que pueda insertarse en los contenidos.<\/li>\n<li>Obtener o intentarlo, los contenidos utilizando medios o procedimientos diferentes de los que, seg\u00fan los casos, se hayan puesto a disposici\u00f3n de los usuarios a ese efecto.<\/li>\n<li>En particular, y a t\u00edtulo meramente enunciativo y no exhaustivo, el usuario se compromete a no transmitir, difundir o poner a disposici\u00f3n de terceros informaciones, datos, contenidos, mensajes, gr\u00e1ficos, dibujos, archivos de cualquier tipo, fotograf\u00edas, registros, programas y, en general, cualquier clase de material que: sea contrario, menosprecie o atente contra los derechos fundamentales y las libertades p\u00fablicas reconocidas constitucionalmente, en los tratados internacionales o en el resto de legislaci\u00f3n vigente; induzca, incite o promueva actuaciones delictivas, denigrantes, difamatorias, violentas o en general, contrarias a la ley, la moral y el orden p\u00fablico; induzca, incite o promueva actuaciones discriminatorias por raz\u00f3n de sexo, raza, religi\u00f3n, creencia, edad o condici\u00f3n; incorpore ponga a disposici\u00f3n o permita acceder a productos, elementos, mensajes o servicios delictivos, violentos, ofensivos, nocivos, degradantes o contrarios a la ley, la moral o el orden p\u00fablico; induzca a crear un ambiente o estado de temor o ansiedad; induzca o incite a involucrarse en pr\u00e1cticas peligrosas, de riesgo o nocivas para la salud; sea contrario al honor, a la intimidad personal o familiar, o a la propia imagen de las personas; constituya cualquier tipo de publicidad; incluya cualquier tipo de virus o programa que impida el normal funcionamiento del sitio web.<\/li>\n<\/ol>\n<p>Si para acceder a alguno de los servicios o contenidos del sitio web se le proporciona una contrase\u00f1a, se obliga a usarla de manera diligente, manteni\u00e9ndola en secreto, y siendo responsable de su adecuada custodia y confidencialidad, comprometi\u00e9ndose a no cederla a terceros, de manera temporal o permanente. Igualmente se obliga a comunicar a la empresa cualquier hecho que pueda suponer un uso indebido de su contrase\u00f1a, as\u00ed como su robo, p\u00e9rdida o acceso no autorizado. En consecuencia, mientras no se efect\u00fae la notificaci\u00f3n se\u00f1alada anteriormente, la empresa quedar\u00e1 eximida de cualquier responsabilidad que pueda derivarse del uso indebido de su contrase\u00f1a. Si de manera negligente o dolosa incumpliera alguna de las obligaciones establecidas en las presentes condiciones generales de uso, responder\u00e1 por todos los da\u00f1os y perjuicios que este incumplimiento pueda derivar para la empresa.<\/p>\n<h3>Responsabilidades<\/h3>\n<p>No se garantiza el acceso continuado, ni la correcta visualizaci\u00f3n, descarga o utilidad de los elementos e informaciones contenidas en la web que se puedan ver impedidas, dificultadas o interrumpidas por factores o circunstancias que est\u00e9n fuera del control de la empresa. La empresa no se hace responsable de las decisiones que puedan adoptar como consecuencia del acceso a los contenidos o informaciones ofrecidas. Podr\u00e1 interrumpirse el servicio, o resolver de manera inmediata la relaci\u00f3n con el usuario si se detecta un uso indebido el sitio web. La empresa no se hace responsable por los da\u00f1os, perjuicios, p\u00e9rdidas, gastos o reclamaciones derivadas del uso de la web.<\/p>\n<p>\u00danicamente se puede hacer responsable de eliminar los contenidos que puedan generar estos perjuicios siempre que se notifique. En ning\u00fan caso la empresa responde de:<\/p>\n<ol>\n<li>Interferencias, interrupciones, fallos, omisiones, aver\u00edas, retardos. Bloqueos o desconexiones en el funcionamiento del sistema electr\u00f3nico, por el motivo que sean. As\u00ed como errores en las l\u00edneas y redes de telecomunicaciones.<\/li>\n<li>Intromisones ileg\u00edtimas mediante el uso e programas malignos de cualquier tipo.<\/li>\n<li>Abuso o uso indebido o inadecuado del sitio web.<\/li>\n<li>Errores de seguridad o navegaci\u00f3n producidos por un mal funcionamiento del navegador o por el uso de versiones no actualizadas.<\/li>\n<\/ol>\n<p>En definitiva, la empresa excluye cualquier responsabilidad por los da\u00f1os y perjuicios de toda naturaleza que puedan deberse a la mala utilizaci\u00f3n de los servicios de libre disposici\u00f3n y uso por parte de los usuarios del sitio web. Adem\u00e1s, queda exonerada la empresa de cualquier responsabilidad por el contenido de informaciones que puedan ser recibidas como consecuencia de formularios de recogida de datos, estando los mismos, si los hay, \u00fanicamente para la prestaci\u00f3n de servicios de consultas y dudas.<\/p>\n<p>El usuario mantendr\u00e1 a la empresa indemne ante cualquier tipo de da\u00f1o y perjuicio que se derive de reclamaciones, acciones o demandas de terceros como consecuencia de su acceso al sitio web. Del mismo modo, se obliga el usuario a indemnizar ante cualquier da\u00f1o y perjuicio que se derive del uso por su parte de \u201crobots\u201d, \u201cspiders\u201d, \u201ccrawlers\u201d o herramientas similares utilizadas para solicitar o extraer datos o cualquier otra actuaci\u00f3n por su parte que imponga una carga no razonable sobre el espacio web.<\/p>\n<h3>Hiperv\u00ednculos<\/h3>\n<p>El usuario se obliga a no reproducir de manera alguna, ni siquiera mediante hiperenlace o hiperv\u00ednculo, el sitio web, as\u00ed como ninguno de sus contenidos sin autorizaci\u00f3n por escrito de la empresa.<\/p>\n<p>El sitio web podr\u00e1 contener enlaces a otros sitios web gestionados por terceros a fin de facilitar el acceso del usuario a la informaci\u00f3n de empresas colaboradoras y\/o patrocinadoras. Conforme con esto, la empresa no se responsabiliza del contenido de estas webs, ni se sit\u00faa en posici\u00f3n e garante, no ofertante de los servicios o informaci\u00f3n que puedan ofrecer a terceros a trav\u00e9s de los enlaces de terceros.<\/p>\n<p>Se concede al usuario un derecho limitado, revocable y no exclusivo de crear enlaces a la p\u00e1gina principal del sitio web exclusivamente para uso privado y no comercial. Los espacios web que incluyan enlace a nuestra web no podr\u00e1n falsear su relaci\u00f3n ni afirmar que se ha autorizado el enlace, ni incluir marcas, denominaciones, nombres comerciales, logotipos u otros signos distintivos de nuestra empresa. Tampoco podr\u00e1n incluir contenidos que se puedan considerar de mal gusto, obscenos, ofensivos, controvertidos o que creen o inciten a la violencia o a la discriminaci\u00f3n de cualquier tipo. No podr\u00f1an enlazar a ninguna p\u00e1gina del sitio web diferente a la p\u00e1gina principal. Habr\u00e1 de enlazar con la propia direcci\u00f3n del sitio web sin permitir que el sitio web que realice el enlace reproduzca el sitio web como una parte de su web o dentro de uno de sus \u201cframes\u201d o crear un \u201cbrowser\u201d sobre cualquiera de las p\u00e1ginas del sitio web. La empresa podr\u00e1 solicitar en cualquier momento la eliminaci\u00f3n de cualquier enlace al sitio web.<\/p>\n<h3>Protecci\u00f3n de datos<\/h3>\n<p>Para utilizar algunos servicios el usuario ha de proporcionar ciertos datos de car\u00e1cter personal. La empresa tratar\u00e1 automatizadamente estos datos y aplicar\u00e1 las correspondientes medidas de seguridad, todo ello en cumplimiento del RGPD, LOPDGDD y la LSSI. El usuario puede acceder a la pol\u00edtica seguida en el tratamiento de datos personales en las condiciones definidas en la <a href=\"http:\/\/pobillecologics.com\/politica-de-privacitat\/\">Pol\u00edtica de Privacidad<\/a>.<\/p>\n<h3>Cookies<\/h3>\n<p>La empresa se reserva el derecho a utilizar la tecnolog\u00eda \u201ccookie\u201d en el sitio web, para as\u00ed poder reconocer como usuario frecuente y personalizar el uso que se haga del sitio web mediante la preselecci\u00f3n de su idioma o contenidos m\u00e1s deseados o espec\u00edficos. Las \u201ccookies\u201d recopilan la direcci\u00f3n IP del usuario siendo el buscador el responsable del tratamiento de esta informaci\u00f3n.<\/p>\n<p>Las \u201ccookies\u201d son ficheros enviados a un navegador por medio de un servidor web, para registrar la navegaci\u00f3n del usuario en el sitio web, cuando el usuario permite su recepci\u00f3n. Si el usuario lo desea puede configurar su navegador para ser avisado en pantalla de la recepci\u00f3n de \u201ccookies\u201d, y para impedir la instalaci\u00f3n de \u201ccookies\u201d a su disco duro.<\/p>\n<p>Gracias a las \u201ccookies\u201d resulta posible que se pueda reconocer el navegador del ordenador utilizado por el usuario con la finalidad de facilitar los contenidos i ofrecer las preferencias de navegaci\u00f3n o publicitarias del usuario.<\/p>\n<p>Puede consultar m\u00e1s detalles en la <a href=\"http:\/\/pobillecologics.com\/politica-de-cookies\/\">Pol\u00edtica de Cookies<\/a>.<\/p>\n<h3>Declaraciones y garant\u00edas<\/h3>\n<p>Los contenidos y servicios ofrecidos en el sitio web tienen car\u00e1cter meramente informativo. Por tanto, al ofrecerlos no se otorga garant\u00eda ni declaraci\u00f3n en relaci\u00f3n con los contenidos y servicios ofertados al sitio web, incluyendo, a t\u00edtulo enunciativo, garant\u00edas de licitud, fiabilidad, utilidad, veracidad, exactitud o comerciabilidad, excepto en la medida que por ley puedan excluir estas declaraciones y garant\u00edas.<\/p>\n<h3>Resoluci\u00f3n de conflictos. Fuero aplicable<\/h3>\n<p>Las presentes condiciones generales de uso, as\u00ed como el propio uso del sitio web se regir\u00e1 por la legislaci\u00f3n espa\u00f1ola. Para la resoluci\u00f3n de conflictos o cualquier controversia las partes se someter\u00e1n a los Juzgados y Tribunales del partido judicial en el que radique el domicilio social de la empresa.<\/p>\n<p>En el supuesto de que alguna de las estipulaciones de las presentes condiciones general incluidas en el aviso legal resulte anulada por ley o resoluci\u00f3n judicial o adminiatrativa, esta nulidad no afectar\u00e1 al conjunto de condiciones generales de uso en su conjunto. En este caso, la empresa proceder\u00e1 a la modificaci\u00f3n o sustituci\u00f3n de la estipulaci\u00f3n anulada por otro que sea v\u00e1lida.<\/p>\n\n\t\t<\/div>\n\t<\/div>\n<\/div><\/div><\/div><\/div>\n","protected":false},"excerpt":{"rendered":"Rechtlicher Hinweis Pobill Ecologics, S.L.U., responsable del sitio web, en adelante la EMPRESA, pone a disposici\u00f3n de los usuarios el presente documento, con el cual se pretende dar cumplimiento a las obligaciones establecidas en la LEY 34\/2002 de 11 de julio de servicios de la sociedad d ela informaci\u00f3n y comercio electr\u00f3nico, as\u00ed como informar [...]","protected":false},"author":2,"featured_media":0,"parent":0,"menu_order":0,"comment_status":"closed","ping_status":"open","template":"templates\/fullwidth.php","meta":{"footnotes":""},"class_list":["post-9710","page","type-page","status-publish","hentry"],"yoast_head":"<!-- This site is optimized with the Yoast SEO plugin v27.4 - https:\/\/yoast.com\/product\/yoast-seo-wordpress\/ -->\n<title>Rechtlicher Hinweis - Pobill Ecologics<\/title>\n<meta name=\"robots\" content=\"index, follow, max-snippet:-1, max-image-preview:large, max-video-preview:-1\" \/>\n<link rel=\"canonical\" href=\"https:\/\/pobillecologics.com\/de\/rechtlicher-hinweis\/\" \/>\n<meta property=\"og:locale\" content=\"de_DE\" \/>\n<meta property=\"og:type\" content=\"article\" \/>\n<meta property=\"og:title\" content=\"Rechtlicher Hinweis - Pobill Ecologics\" \/>\n<meta property=\"og:url\" content=\"https:\/\/pobillecologics.com\/de\/rechtlicher-hinweis\/\" \/>\n<meta property=\"og:site_name\" content=\"Pobill Ecologics\" \/>\n<meta property=\"og:image\" content=\"https:\/\/pobillecologics.com\/wp-contenido\/uploads\/2022\/02\/beneficios-aceite-oliva-01.jpg\" \/>\n\t<meta property=\"og:image:width\" content=\"960\" \/>\n\t<meta property=\"og:image:height\" content=\"539\" \/>\n\t<meta property=\"og:image:type\" content=\"image\/jpeg\" \/>\n<meta name=\"twitter:card\" content=\"summary_large_image\" \/>\n<meta name=\"twitter:label1\" content=\"Gesch\u00e4tzte Lesezeit\" \/>\n\t<meta name=\"twitter:data1\" content=\"12\u00a0Minuten\" \/>\n<script type=\"application\/ld+json\" class=\"yoast-schema-graph\">{\"@context\":\"https:\\\/\\\/schema.org\",\"@graph\":[{\"@type\":\"WebPage\",\"@id\":\"https:\\\/\\\/pobillecologics.com\\\/de\\\/rechtlicher-hinweis\\\/\",\"url\":\"https:\\\/\\\/pobillecologics.com\\\/de\\\/rechtlicher-hinweis\\\/\",\"name\":\"Rechtlicher Hinweis - Pobill Ecologics\",\"isPartOf\":{\"@id\":\"https:\\\/\\\/pobillecologics.com\\\/de\\\/#website\"},\"datePublished\":\"2023-04-04T14:43:03+00:00\",\"breadcrumb\":{\"@id\":\"https:\\\/\\\/pobillecologics.com\\\/de\\\/rechtlicher-hinweis\\\/#breadcrumb\"},\"inLanguage\":\"de\",\"potentialAction\":[{\"@type\":\"ReadAction\",\"target\":[\"https:\\\/\\\/pobillecologics.com\\\/de\\\/rechtlicher-hinweis\\\/\"]}]},{\"@type\":\"BreadcrumbList\",\"@id\":\"https:\\\/\\\/pobillecologics.com\\\/de\\\/rechtlicher-hinweis\\\/#breadcrumb\",\"itemListElement\":[{\"@type\":\"ListItem\",\"position\":1,\"name\":\"Portada\",\"item\":\"https:\\\/\\\/pobillecologics.com\\\/de\\\/\"},{\"@type\":\"ListItem\",\"position\":2,\"name\":\"Rechtlicher Hinweis\"}]},{\"@type\":\"WebSite\",\"@id\":\"https:\\\/\\\/pobillecologics.com\\\/de\\\/#website\",\"url\":\"https:\\\/\\\/pobillecologics.com\\\/de\\\/\",\"name\":\"Pobill Ecologics\",\"description\":\"Pobill Ecologics\",\"potentialAction\":[{\"@type\":\"SearchAction\",\"target\":{\"@type\":\"EntryPoint\",\"urlTemplate\":\"https:\\\/\\\/pobillecologics.com\\\/de\\\/?s={search_term_string}\"},\"query-input\":{\"@type\":\"PropertyValueSpecification\",\"valueRequired\":true,\"valueName\":\"search_term_string\"}}],\"inLanguage\":\"de\"}]}<\/script>\n<!-- \/ Yoast SEO plugin. -->","yoast_head_json":{"title":"Rechtlicher Hinweis - Pobill Ecologics","robots":{"index":"index","follow":"follow","max-snippet":"max-snippet:-1","max-image-preview":"max-image-preview:large","max-video-preview":"max-video-preview:-1"},"canonical":"https:\/\/pobillecologics.com\/de\/rechtlicher-hinweis\/","og_locale":"de_DE","og_type":"article","og_title":"Rechtlicher Hinweis - Pobill Ecologics","og_url":"https:\/\/pobillecologics.com\/de\/rechtlicher-hinweis\/","og_site_name":"Pobill Ecologics","og_image":[{"width":960,"height":539,"url":"https:\/\/pobillecologics.com\/wp-contenido\/uploads\/2022\/02\/beneficios-aceite-oliva-01.jpg","type":"image\/jpeg"}],"twitter_card":"summary_large_image","twitter_misc":{"Gesch\u00e4tzte Lesezeit":"12\u00a0Minuten"},"schema":{"@context":"https:\/\/schema.org","@graph":[{"@type":"WebPage","@id":"https:\/\/pobillecologics.com\/de\/rechtlicher-hinweis\/","url":"https:\/\/pobillecologics.com\/de\/rechtlicher-hinweis\/","name":"Rechtlicher Hinweis - Pobill Ecologics","isPartOf":{"@id":"https:\/\/pobillecologics.com\/de\/#website"},"datePublished":"2023-04-04T14:43:03+00:00","breadcrumb":{"@id":"https:\/\/pobillecologics.com\/de\/rechtlicher-hinweis\/#breadcrumb"},"inLanguage":"de","potentialAction":[{"@type":"ReadAction","target":["https:\/\/pobillecologics.com\/de\/rechtlicher-hinweis\/"]}]},{"@type":"BreadcrumbList","@id":"https:\/\/pobillecologics.com\/de\/rechtlicher-hinweis\/#breadcrumb","itemListElement":[{"@type":"ListItem","position":1,"name":"Portada","item":"https:\/\/pobillecologics.com\/de\/"},{"@type":"ListItem","position":2,"name":"Rechtlicher Hinweis"}]},{"@type":"WebSite","@id":"https:\/\/pobillecologics.com\/de\/#website","url":"https:\/\/pobillecologics.com\/de\/","name":"Pobill Ecologics","description":"Pobill Ecologics","potentialAction":[{"@type":"SearchAction","target":{"@type":"EntryPoint","urlTemplate":"https:\/\/pobillecologics.com\/de\/?s={search_term_string}"},"query-input":{"@type":"PropertyValueSpecification","valueRequired":true,"valueName":"search_term_string"}}],"inLanguage":"de"}]}},"_links":{"self":[{"href":"https:\/\/pobillecologics.com\/de\/wp-json\/wp\/v2\/pages\/9710","targetHints":{"allow":["GET"]}}],"collection":[{"href":"https:\/\/pobillecologics.com\/de\/wp-json\/wp\/v2\/pages"}],"about":[{"href":"https:\/\/pobillecologics.com\/de\/wp-json\/wp\/v2\/types\/page"}],"author":[{"embeddable":true,"href":"https:\/\/pobillecologics.com\/de\/wp-json\/wp\/v2\/users\/2"}],"replies":[{"embeddable":true,"href":"https:\/\/pobillecologics.com\/de\/wp-json\/wp\/v2\/comments?post=9710"}],"version-history":[{"count":0,"href":"https:\/\/pobillecologics.com\/de\/wp-json\/wp\/v2\/pages\/9710\/revisions"}],"wp:attachment":[{"href":"https:\/\/pobillecologics.com\/de\/wp-json\/wp\/v2\/media?parent=9710"}],"curies":[{"name":"wp","href":"https:\/\/api.w.org\/{rel}","templated":true}]}}