{"id":9707,"date":"2023-04-04T15:33:16","date_gmt":"2023-04-04T14:33:16","guid":{"rendered":"https:\/\/pobillecologics.com\/?page_id=9707"},"modified":"2023-04-04T15:33:17","modified_gmt":"2023-04-04T14:33:17","slug":"oekologische-landwirtschaft","status":"publish","type":"page","link":"https:\/\/pobillecologics.com\/de\/oekologische-landwirtschaft\/","title":{"rendered":"\u00d6kologische Landwirtschaft"},"content":{"rendered":"<div id=\"banner-inicio\" data-vc-full-width=\"true\" data-vc-full-width-init=\"false\" data-vc-stretch-content=\"true\" class=\"vc_row wpb_row vc_row-fluid vc_row-no-padding ovic_custom_642c352d9bbf2 vc_custom_1626358020603\"><div class=\"wpb_column vc_column_container vc_col-sm-12 ovic_custom_642c352d9bbf5\"><div class=\"vc_column-inner\"><div class=\"wpb_wrapper\">\r\n\t<div  class=\"wpb_single_image wpb_content_element vc_align_center ovic_custom_642c352d9bbf6\">\r\n\t\t\r\n\t\t<figure class=\"wpb_wrapper vc_figure\">\r\n\t\t\t<div class=\"vc_single_image-wrapper   vc_box_border_grey\"><img loading=\"lazy\" decoding=\"async\" class=\"vc_single_image-img lazy attachment-full\" src=\"data:image\/svg+xml;charset=utf-8,%3Csvg%20xmlns%3D%27http%3A%2F%2Fwww.w3.org%2F2000%2Fsvg%27%20viewBox%3D%270%200%201990%20874%27%2F%3E\" data-src=\"https:\/\/pobillecologics.com\/wp-contenido\/uploads\/2021\/06\/pobill-ecologic-home-02.png\" width=\"1990\" height=\"874\"  alt=\"\u00d6kologische Landwirtschaft\"\/><\/div>\r\n\t\t<\/figure>\r\n\t<\/div>\r\n<\/div><\/div><\/div><\/div><div class=\"vc_row-full-width vc_clearfix\"><\/div><div class=\"vc_row wpb_row vc_row-fluid ovic_custom_642c352d9bbf7 vc_custom_1625241339773 vc_custom_1625241339778 vc_custom_1625241339781 vc_custom_1625241339784 vc_custom_1625241339787\"><div class=\"wpb_column vc_column_container vc_col-sm-12\"><div class=\"vc_column-inner\"><div class=\"wpb_wrapper\">\n\t<div class=\"wpb_text_column wpb_content_element titulo-pagina titulo-largo titulo-pagina titulo-largo ovic_custom_642c352d9bbf8 vc_custom_1680618646092 \" >\n\t\t<div class=\"wpb_wrapper\">\n\t\t\t<h1><strong>\u00d6kologische Landwirtschaft<\/strong><\/h1>\n\n\t\t<\/div>\n\t<\/div>\n\n\t<div class=\"wpb_text_column wpb_content_element ovic_custom_642c352d9bbf9 vc_custom_1680618676906 \" >\n\t\t<div class=\"wpb_wrapper\">\n\t\t\t<h2 style=\"text-align: center;\">Was ist \u00f6kologische Landwirtschaft?<\/h2>\n\n\t\t<\/div>\n\t<\/div>\n\n\t<div class=\"wpb_text_column wpb_content_element ovic_custom_642c352d9bbfa vc_custom_1680618753598 vc_custom_1680618753601 vc_custom_1680618753603 vc_custom_1680618753604 vc_custom_1680618753606\" >\n\t\t<div class=\"wpb_wrapper\">\n\t\t\t<p style=\"text-align: justify;\">Das Comit\u00e9 der \u00f6kologische Landwirtschaft der autonomen Gemeinschaft von Valencia (CAECV) verteidigt, dass die organische oder biologische Landwirtschaft \u201eein Produktions- und Verarbeitungssystem ist, dessen Ziel es ist, qualitativ hochwertige Lebensmittel zu erhalten, die frei von R\u00fcckst\u00e4nden sind und die Auswirkungen des Menschen auf die Umwelt minimieren\u201c.<\/p>\n<p style=\"text-align: center;\">Bio-Anbau ist f\u00fcr uns eine Leidenschaft, der einzig m\u00f6gliche Weg, der Natur alles zur\u00fcckzugeben, was sie uns gibt.<\/p>\n<p style=\"text-align: center;\"><strong> Die Erde zu respektieren bedeutet, uns selbst zu respektieren. <\/strong><\/p>\n<p style=\"text-align: center;\"><strong><em> #RespektiereDieErde <\/em><\/strong><\/p>\n<p style=\"text-align: justify;\">Der \u00f6kologische Landbau nutzt die nat\u00fcrlichen Ressourcen optimal, tr\u00e4gt zur Erhaltung der pflanzlichen und tierischen Artenvielfalt bei und engagiert sich f\u00fcr eine nachhaltige lokale Entwicklung unseres Landes. Das bedeutet, die Natur zu nutzen, ohne ihren biologischen Kreislauf zu unterbrechen, der Erde alles zu entnehmen, was sie uns zu geben vermag, ohne sie mit umweltsch\u00e4dlichen Stoffen auszubeuten.<\/p>\n\n\t\t<\/div>\n\t<\/div>\n<\/div><\/div><\/div><\/div><div data-vc-full-width=\"true\" data-vc-full-width-init=\"false\" data-vc-stretch-content=\"true\" class=\"vc_row wpb_row vc_row-fluid vc_row-no-padding ovic_custom_642c352d9bbfb vc_custom_1626358054730\"><div class=\"wpb_column vc_column_container vc_col-sm-12 ovic_custom_642c352d9bbfc\"><div class=\"vc_column-inner\"><div class=\"wpb_wrapper\">\r\n\t<div  class=\"wpb_single_image wpb_content_element vc_align_center ovic_custom_642c352d9bbfd\">\r\n\t\t\r\n\t\t<figure class=\"wpb_wrapper vc_figure\">\r\n\t\t\t<div class=\"vc_single_image-wrapper   vc_box_border_grey\"><img loading=\"lazy\" decoding=\"async\" class=\"vc_single_image-img lazy attachment-full\" src=\"data:image\/svg+xml;charset=utf-8,%3Csvg%20xmlns%3D%27http%3A%2F%2Fwww.w3.org%2F2000%2Fsvg%27%20viewBox%3D%270%200%201990%20874%27%2F%3E\" data-src=\"https:\/\/pobillecologics.com\/wp-contenido\/uploads\/2021\/06\/pobill-ecologic-home-02.png\" width=\"1990\" height=\"874\"  alt=\"\u00d6kologische Landwirtschaft\"\/><\/div>\r\n\t\t<\/figure>\r\n\t<\/div>\r\n<\/div><\/div><\/div><\/div><div class=\"vc_row-full-width vc_clearfix\"><\/div><div class=\"vc_row wpb_row vc_row-fluid ovic_custom_642c352d9bbfe vc_custom_1625241339773 vc_custom_1625241339778 vc_custom_1625241339781 vc_custom_1625241339784 vc_custom_1625241339787\"><div class=\"wpb_column vc_column_container vc_col-sm-12\"><div class=\"vc_column-inner\"><div class=\"wpb_wrapper\">\n\t<div class=\"wpb_text_column wpb_content_element ovic_custom_642c352d9bbff vc_custom_1680618772375 \" >\n\t\t<div class=\"wpb_wrapper\">\n\t\t\t<h2 style=\"text-align: center;\">Wer regelt den \u00f6kologischen Landbau?<\/h2>\n\n\t\t<\/div>\n\t<\/div>\n\n\t<div class=\"wpb_text_column wpb_content_element texto-justificado texto-justificado ovic_custom_642c352d9bc00 vc_custom_1680618792974 vc_custom_1680618792977 vc_custom_1680618792978 vc_custom_1680618792980 vc_custom_1680618792982\" >\n\t\t<div class=\"wpb_wrapper\">\n\t\t\t<p>Das CAECV (Komitee f\u00fcr \u00f6kologischen Landbau der valencianischen Gemeinschaft) ist die Kontrollbeh\u00f6rde, die f\u00fcr die Zertifizierung \u00f6kologischer Agrar- und Lebensmittelerzeugnisse pflanzlichen und tierischen Ursprungs zust\u00e4ndig ist. Der Code der CAECV-Beh\u00f6rde lautet ES-ECO-020-CV.<\/p>\n<p>Es sei darauf hingewiesen, dass jede autonome Gemeinschaft auf spanischem Gebiet ihre eigene K\u00f6rperschaft hat. In der valencianischen Gemeinschaft ist die zust\u00e4ndige Autorit\u00e4t die CAECV.<\/p>\n\n\t\t<\/div>\n\t<\/div>\n<\/div><\/div><\/div><\/div>\n","protected":false},"excerpt":{"rendered":"\u00d6kologische Landwirtschaft Was ist \u00f6kologische Landwirtschaft? Das Comit\u00e9 der \u00f6kologische Landwirtschaft der autonomen Gemeinschaft von Valencia (CAECV) verteidigt, dass die organische oder biologische Landwirtschaft \u201eein Produktions- und Verarbeitungssystem ist, dessen Ziel es ist, qualitativ hochwertige Lebensmittel zu erhalten, die frei von R\u00fcckst\u00e4nden sind und die Auswirkungen des Menschen auf die Umwelt minimieren\u201c. Bio-Anbau ist f\u00fcr [...]","protected":false},"author":2,"featured_media":0,"parent":0,"menu_order":0,"comment_status":"open","ping_status":"open","template":"templates\/fullwidth.php","meta":{"footnotes":""},"class_list":["post-9707","page","type-page","status-publish","hentry"],"yoast_head":"<!-- This site is optimized with the Yoast SEO plugin v27.4 - https:\/\/yoast.com\/product\/yoast-seo-wordpress\/ -->\n<title>\u00d6kologische Landwirtschaft - Pobill Ecologics<\/title>\n<meta name=\"robots\" content=\"index, follow, max-snippet:-1, max-image-preview:large, max-video-preview:-1\" \/>\n<link rel=\"canonical\" href=\"https:\/\/pobillecologics.com\/de\/oekologische-landwirtschaft\/\" \/>\n<meta property=\"og:locale\" content=\"de_DE\" \/>\n<meta property=\"og:type\" content=\"article\" \/>\n<meta property=\"og:title\" content=\"\u00d6kologische Landwirtschaft - Pobill Ecologics\" \/>\n<meta property=\"og:url\" content=\"https:\/\/pobillecologics.com\/de\/oekologische-landwirtschaft\/\" \/>\n<meta property=\"og:site_name\" content=\"Pobill Ecologics\" \/>\n<meta property=\"article:modified_time\" content=\"2023-04-04T14:33:17+00:00\" \/>\n<meta property=\"og:image\" content=\"https:\/\/pobillecologics.com\/wp-contenido\/uploads\/2022\/02\/beneficios-aceite-oliva-01.jpg\" \/>\n\t<meta property=\"og:image:width\" content=\"960\" \/>\n\t<meta property=\"og:image:height\" content=\"539\" \/>\n\t<meta property=\"og:image:type\" content=\"image\/jpeg\" \/>\n<meta name=\"twitter:card\" content=\"summary_large_image\" \/>\n<meta name=\"twitter:label1\" content=\"Gesch\u00e4tzte Lesezeit\" \/>\n\t<meta name=\"twitter:data1\" content=\"2\u00a0Minuten\" \/>\n<script type=\"application\/ld+json\" class=\"yoast-schema-graph\">{\"@context\":\"https:\\\/\\\/schema.org\",\"@graph\":[{\"@type\":\"WebPage\",\"@id\":\"https:\\\/\\\/pobillecologics.com\\\/de\\\/oekologische-landwirtschaft\\\/\",\"url\":\"https:\\\/\\\/pobillecologics.com\\\/de\\\/oekologische-landwirtschaft\\\/\",\"name\":\"\u00d6kologische Landwirtschaft - Pobill Ecologics\",\"isPartOf\":{\"@id\":\"https:\\\/\\\/pobillecologics.com\\\/de\\\/#website\"},\"datePublished\":\"2023-04-04T14:33:16+00:00\",\"dateModified\":\"2023-04-04T14:33:17+00:00\",\"breadcrumb\":{\"@id\":\"https:\\\/\\\/pobillecologics.com\\\/de\\\/oekologische-landwirtschaft\\\/#breadcrumb\"},\"inLanguage\":\"de\",\"potentialAction\":[{\"@type\":\"ReadAction\",\"target\":[\"https:\\\/\\\/pobillecologics.com\\\/de\\\/oekologische-landwirtschaft\\\/\"]}]},{\"@type\":\"BreadcrumbList\",\"@id\":\"https:\\\/\\\/pobillecologics.com\\\/de\\\/oekologische-landwirtschaft\\\/#breadcrumb\",\"itemListElement\":[{\"@type\":\"ListItem\",\"position\":1,\"name\":\"Portada\",\"item\":\"https:\\\/\\\/pobillecologics.com\\\/de\\\/\"},{\"@type\":\"ListItem\",\"position\":2,\"name\":\"\u00d6kologische Landwirtschaft\"}]},{\"@type\":\"WebSite\",\"@id\":\"https:\\\/\\\/pobillecologics.com\\\/de\\\/#website\",\"url\":\"https:\\\/\\\/pobillecologics.com\\\/de\\\/\",\"name\":\"Pobill Ecologics\",\"description\":\"Pobill Ecologics\",\"potentialAction\":[{\"@type\":\"SearchAction\",\"target\":{\"@type\":\"EntryPoint\",\"urlTemplate\":\"https:\\\/\\\/pobillecologics.com\\\/de\\\/?s={search_term_string}\"},\"query-input\":{\"@type\":\"PropertyValueSpecification\",\"valueRequired\":true,\"valueName\":\"search_term_string\"}}],\"inLanguage\":\"de\"}]}<\/script>\n<!-- \/ Yoast SEO plugin. -->","yoast_head_json":{"title":"\u00d6kologische Landwirtschaft - Pobill Ecologics","robots":{"index":"index","follow":"follow","max-snippet":"max-snippet:-1","max-image-preview":"max-image-preview:large","max-video-preview":"max-video-preview:-1"},"canonical":"https:\/\/pobillecologics.com\/de\/oekologische-landwirtschaft\/","og_locale":"de_DE","og_type":"article","og_title":"\u00d6kologische Landwirtschaft - Pobill Ecologics","og_url":"https:\/\/pobillecologics.com\/de\/oekologische-landwirtschaft\/","og_site_name":"Pobill Ecologics","article_modified_time":"2023-04-04T14:33:17+00:00","og_image":[{"width":960,"height":539,"url":"https:\/\/pobillecologics.com\/wp-contenido\/uploads\/2022\/02\/beneficios-aceite-oliva-01.jpg","type":"image\/jpeg"}],"twitter_card":"summary_large_image","twitter_misc":{"Gesch\u00e4tzte Lesezeit":"2\u00a0Minuten"},"schema":{"@context":"https:\/\/schema.org","@graph":[{"@type":"WebPage","@id":"https:\/\/pobillecologics.com\/de\/oekologische-landwirtschaft\/","url":"https:\/\/pobillecologics.com\/de\/oekologische-landwirtschaft\/","name":"\u00d6kologische Landwirtschaft - Pobill Ecologics","isPartOf":{"@id":"https:\/\/pobillecologics.com\/de\/#website"},"datePublished":"2023-04-04T14:33:16+00:00","dateModified":"2023-04-04T14:33:17+00:00","breadcrumb":{"@id":"https:\/\/pobillecologics.com\/de\/oekologische-landwirtschaft\/#breadcrumb"},"inLanguage":"de","potentialAction":[{"@type":"ReadAction","target":["https:\/\/pobillecologics.com\/de\/oekologische-landwirtschaft\/"]}]},{"@type":"BreadcrumbList","@id":"https:\/\/pobillecologics.com\/de\/oekologische-landwirtschaft\/#breadcrumb","itemListElement":[{"@type":"ListItem","position":1,"name":"Portada","item":"https:\/\/pobillecologics.com\/de\/"},{"@type":"ListItem","position":2,"name":"\u00d6kologische Landwirtschaft"}]},{"@type":"WebSite","@id":"https:\/\/pobillecologics.com\/de\/#website","url":"https:\/\/pobillecologics.com\/de\/","name":"Pobill Ecologics","description":"Pobill Ecologics","potentialAction":[{"@type":"SearchAction","target":{"@type":"EntryPoint","urlTemplate":"https:\/\/pobillecologics.com\/de\/?s={search_term_string}"},"query-input":{"@type":"PropertyValueSpecification","valueRequired":true,"valueName":"search_term_string"}}],"inLanguage":"de"}]}},"_links":{"self":[{"href":"https:\/\/pobillecologics.com\/de\/wp-json\/wp\/v2\/pages\/9707","targetHints":{"allow":["GET"]}}],"collection":[{"href":"https:\/\/pobillecologics.com\/de\/wp-json\/wp\/v2\/pages"}],"about":[{"href":"https:\/\/pobillecologics.com\/de\/wp-json\/wp\/v2\/types\/page"}],"author":[{"embeddable":true,"href":"https:\/\/pobillecologics.com\/de\/wp-json\/wp\/v2\/users\/2"}],"replies":[{"embeddable":true,"href":"https:\/\/pobillecologics.com\/de\/wp-json\/wp\/v2\/comments?post=9707"}],"version-history":[{"count":0,"href":"https:\/\/pobillecologics.com\/de\/wp-json\/wp\/v2\/pages\/9707\/revisions"}],"wp:attachment":[{"href":"https:\/\/pobillecologics.com\/de\/wp-json\/wp\/v2\/media?parent=9707"}],"curies":[{"name":"wp","href":"https:\/\/api.w.org\/{rel}","templated":true}]}}